{"id":1401,"date":"2021-02-01T10:20:01","date_gmt":"2021-02-01T09:20:01","guid":{"rendered":"https:\/\/parigi.promoservicebeta.com\/?page_id=1401"},"modified":"2024-05-22T10:18:20","modified_gmt":"2024-05-22T08:18:20","slug":"hotel-old","status":"publish","type":"page","link":"https:\/\/www.parigihotel.it\/de\/hotel-old\/","title":{"rendered":"Hotel old"},"content":{"rendered":"<div  class=\"grids-section grids-is-advanced alignfull\" style=\"--_gs-gap-desktop:0px 0px;--_gs-m-desktop:0 0 0 0;--_gs-p-desktop:50px 0 50px 0;--_gs-bg-desktop:transparent none;--_gs-bg-xp-desktop:0px;--_gs-zi-desktop:auto;--_gs-d-desktop:block;--_gs-mw-desktop:calc(100% - 0 - 0);--_gs-gap-tablet:0px 0px;--_gs-m-tablet:0 0 0 0;--_gs-p-tablet:50px 0 50px 0;--_gs-bg-tablet:transparent none;--_gs-bg-xp-tablet:0px;--_gs-zi-tablet:auto;--_gs-d-tablet:block;--_gs-mw-tablet:calc(100% - 0 - 0);--_gs-gap-mobile:0px 0px;--_gs-m-mobile:0 0 0 0;--_gs-p-mobile:50px 20px 50px 20px;--_gs-bg-mobile:transparent none;--_gs-bg-xp-mobile:0px;--_gs-zi-mobile:auto;--_gs-d-mobile:block;--_gs-mw-mobile:calc(100% - 0 - 0);--_gs-columns:12;--_gs-rows:6\"><div class=\"grids-s-w_i\">\n<div class=\"grids-area content\" style=\"--_ga-column:2\/7;--_ga-row:1\/3;--_ga-m-desktop:0 0 0 0;--_ga-p-desktop:40px 20px 0 0;--_ga-bg-desktop:transparent none;--_ga-zi-desktop:auto;--_ga-d-desktop:flex;--_ga-mw-desktop:calc(100% - 0 - 0);--_ga-m-tablet:0 0 0 0;--_ga-p-tablet:40px 20px 0 0;--_ga-bg-tablet:transparent none;--_ga-zi-tablet:auto;--_ga-d-tablet:flex;--_ga-mw-tablet:calc(100% - 0 - 0);--_ga-m-mobile:0 0 0 0;--_ga-p-mobile:40px 20px 0 0;--_ga-bg-mobile:transparent none;--_ga-zi-mobile:auto;--_ga-d-mobile:flex;--_ga-mw-mobile:calc(100% - 0 - 0)\">\n\n<h2 class=\"wp-block-heading\">Ein unvergesslicher Urlaub!<\/h2>\n\n\n\n<p>Seit 25 Jahren strahlt das Hotel Parigi H\u00f6flichkeit, gute Laune und Vertrautheit aus.<\/p>\n\n\n\n<p>Geselligkeit ist bei uns zu Hause, wir kennen uns pers\u00f6nlich, schlie\u00dfen<br>viele neue Freundschaften und treffen uns jeden Sommer voller Freude gerne wieder.<\/p>\n\n\n\n<p>Wir bieten Ihnen alles, was Sie brauchen, um Ihren Urlaub zu einem unvergesslichen Erlebnis zu machen, der im Zeichen von Entspannung, Spa\u00df und Wohlbefinden steht.<\/p>\n\n<\/div>\n\n<div class=\"grids-area\" style=\"--_ga-column:8\/12;--_ga-row:1\/3;--_ga-va:center;--_ga-m-desktop:0 0 0 0;--_ga-p-desktop:0 0 0 0;--_ga-bg-desktop:transparent none;--_ga-zi-desktop:auto;--_ga-d-desktop:flex;--_ga-mw-desktop:calc(100% - 0 - 0);--_ga-m-tablet:0 0 0 0;--_ga-p-tablet:0 0 0 0;--_ga-bg-tablet:transparent none;--_ga-zi-tablet:auto;--_ga-d-tablet:flex;--_ga-mw-tablet:calc(100% - 0 - 0);--_ga-m-mobile:0 0 0 0;--_ga-p-mobile:0 0 0 0;--_ga-bg-mobile:transparent none;--_ga-zi-mobile:auto;--_ga-d-mobile:flex;--_ga-mw-mobile:calc(100% - 0 - 0)\">\n\n<figure class=\"wp-block-image size-large\"><img loading=\"lazy\" decoding=\"async\" width=\"800\" height=\"511\" src=\"https:\/\/www.parigihotel.it\/wp-content\/uploads\/2023\/05\/Hotel-Parigi-Bibione.png\" alt=\"\" class=\"wp-image-2549\" srcset=\"https:\/\/www.parigihotel.it\/wp-content\/uploads\/2023\/05\/Hotel-Parigi-Bibione.png 800w, https:\/\/www.parigihotel.it\/wp-content\/uploads\/2023\/05\/Hotel-Parigi-Bibione-300x192.png 300w, https:\/\/www.parigihotel.it\/wp-content\/uploads\/2023\/05\/Hotel-Parigi-Bibione-768x491.png 768w\" sizes=\"auto, (max-width: 800px) 100vw, 800px\" \/><\/figure>\n\n<\/div>\n<\/div><\/div>\n\n<div  class=\"grids-section grids-is-advanced alignfull\" style=\"--_gs-gap-desktop:0px 0px;--_gs-m-desktop:50px 0 50px 0;--_gs-p-desktop:0 0 0 0;--_gs-bg-desktop:transparent none;--_gs-bg-xp-desktop:0px;--_gs-zi-desktop:auto;--_gs-d-desktop:block;--_gs-mw-desktop:calc(100% - 0 - 0);--_gs-gap-tablet:0px 0px;--_gs-m-tablet:50px 0 50px 0;--_gs-p-tablet:0 0 0 0;--_gs-bg-tablet:transparent none;--_gs-bg-xp-tablet:0px;--_gs-zi-tablet:auto;--_gs-d-tablet:block;--_gs-mw-tablet:calc(100% - 0 - 0);--_gs-gap-mobile:0px 0px;--_gs-m-mobile:50px 0 50px 0;--_gs-p-mobile:0 20px 0 20px;--_gs-bg-mobile:transparent none;--_gs-bg-xp-mobile:0px;--_gs-zi-mobile:auto;--_gs-d-mobile:block;--_gs-mw-mobile:calc(100% - 0 - 0);--_gs-columns:12;--_gs-rows:6\"><div class=\"grids-s-w_i\">\n<div class=\"grids-area\" style=\"--_ga-column:7\/12;--_ga-row:1\/3;--_ga-m-desktop:0 0 0 0;--_ga-p-desktop:0 0 0 0;--_ga-bg-desktop:transparent none;--_ga-zi-desktop:auto;--_ga-d-desktop:flex;--_ga-mw-desktop:calc(100% - 0 - 0);--_ga-m-tablet:0 0 0 0;--_ga-p-tablet:0 0 0 0;--_ga-bg-tablet:transparent none;--_ga-zi-tablet:auto;--_ga-d-tablet:flex;--_ga-mw-tablet:calc(100% - 0 - 0);--_ga-m-mobile:0 0 0 0;--_ga-p-mobile:0 0 0 0;--_ga-bg-mobile:transparent none;--_ga-zi-mobile:auto;--_ga-d-mobile:flex;--_ga-mw-mobile:calc(100% - 0 - 0)\">\n\n<h2 class=\"wp-block-heading\">Im Zentrum von Bibione, in unmittelbarer N\u00e4he des Meeres!<\/h2>\n\n\n\n<p>In unserem Hotel befinden Sie sich, nur wenige Meter vom Zentrum und vom<br>Strand von Bibione entfernt, in einer ruhigen und verkehrsfreien Lage.<br>Umgeben von Pinien und einem wundersch\u00f6nen Strand, vom Blau des Meeres und des Himmels, m\u00fcssen Sie nur an sich selbst denken und die Zeit der Ruhe und Sorglosigkeit genie\u00dfen. Um den Rest k\u00fcmmern wir uns mit der<br>\u00fcblichen Sorgfalt und Aufmerksamkeit und mit vielen Neuigkeiten.<\/p>\n\n\n\n<p>Wir w\u00fcnschen unseren Freunden und G\u00e4sten einen sch\u00f6nen Urlaub!<\/p>\n\n\n\n<p><em>Familie Tollardo<\/em><\/p>\n\n<\/div>\n\n<div class=\"grids-area\" style=\"--_ga-column:2\/6;--_ga-row:1\/3;--_ga-va:center;--_ga-m-desktop:0 0 0 0;--_ga-p-desktop:0 0 0 0;--_ga-bg-desktop:transparent none;--_ga-zi-desktop:auto;--_ga-d-desktop:flex;--_ga-mw-desktop:calc(100% - 0 - 0);--_ga-m-tablet:0 0 0 0;--_ga-p-tablet:0 0 0 0;--_ga-bg-tablet:transparent none;--_ga-zi-tablet:auto;--_ga-d-tablet:flex;--_ga-mw-tablet:calc(100% - 0 - 0);--_ga-m-mobile:0 0 0 0;--_ga-p-mobile:0 0 0 0;--_ga-bg-mobile:transparent none;--_ga-zi-mobile:auto;--_ga-d-mobile:flex;--_ga-mw-mobile:calc(100% - 0 - 0)\">\n\n<figure class=\"wp-block-image size-large\"><img loading=\"lazy\" decoding=\"async\" width=\"800\" height=\"511\" src=\"https:\/\/www.parigihotel.it\/wp-content\/uploads\/2023\/05\/Centro-Bibione-2.png\" alt=\"\" class=\"wp-image-2545\" srcset=\"https:\/\/www.parigihotel.it\/wp-content\/uploads\/2023\/05\/Centro-Bibione-2.png 800w, https:\/\/www.parigihotel.it\/wp-content\/uploads\/2023\/05\/Centro-Bibione-2-300x192.png 300w, https:\/\/www.parigihotel.it\/wp-content\/uploads\/2023\/05\/Centro-Bibione-2-768x491.png 768w\" sizes=\"auto, (max-width: 800px) 100vw, 800px\" \/><\/figure>\n\n<\/div>\n<\/div><\/div>","protected":false},"excerpt":{"rendered":"","protected":false},"author":1,"featured_media":2535,"parent":0,"menu_order":0,"comment_status":"closed","ping_status":"closed","template":"","meta":{"_acf_changed":false,"_uag_custom_page_level_css":"","advgb_blocks_editor_width":"","advgb_blocks_columns_visual_guide":"","footnotes":""},"class_list":["post-1401","page","type-page","status-publish","has-post-thumbnail","hentry","entry"],"acf":[],"yoast_head":"<!-- This site is optimized with the Yoast SEO plugin v25.7 - https:\/\/yoast.com\/wordpress\/plugins\/seo\/ -->\n<title>Hotel Parigi | Hotel old<\/title>\n<meta name=\"robots\" content=\"index, follow, max-snippet:-1, max-image-preview:large, max-video-preview:-1\" \/>\n<link rel=\"canonical\" href=\"https:\/\/www.parigihotel.it\/de\/hotel-old\/\" \/>\n<meta property=\"og:locale\" content=\"de_DE\" \/>\n<meta property=\"og:type\" content=\"article\" \/>\n<meta property=\"og:title\" content=\"Hotel Parigi | Hotel old\" \/>\n<meta property=\"og:url\" content=\"https:\/\/www.parigihotel.it\/de\/hotel-old\/\" \/>\n<meta property=\"og:site_name\" content=\"Hotel Parigi\" \/>\n<meta property=\"article:modified_time\" content=\"2024-05-22T08:18:20+00:00\" \/>\n<meta property=\"og:image\" content=\"https:\/\/www.parigihotel.it\/wp-content\/uploads\/2023\/05\/Hotel-01-1-scaled.jpg\" \/>\n\t<meta property=\"og:image:width\" content=\"2560\" \/>\n\t<meta property=\"og:image:height\" content=\"1707\" \/>\n\t<meta property=\"og:image:type\" content=\"image\/jpeg\" \/>\n<meta name=\"twitter:card\" content=\"summary_large_image\" \/>\n<meta name=\"twitter:label1\" content=\"Gesch\u00e4tzte Lesezeit\" \/>\n\t<meta name=\"twitter:data1\" content=\"2\u00a0Minuten\" \/>\n<script type=\"application\/ld+json\" class=\"yoast-schema-graph\">{\"@context\":\"https:\/\/schema.org\",\"@graph\":[{\"@type\":\"WebPage\",\"@id\":\"https:\/\/www.parigihotel.it\/de\/hotel-old\/\",\"url\":\"https:\/\/www.parigihotel.it\/de\/hotel-old\/\",\"name\":\"Hotel Parigi | Hotel old\",\"isPartOf\":{\"@id\":\"https:\/\/www.parigihotel.it\/de\/#website\"},\"primaryImageOfPage\":{\"@id\":\"https:\/\/www.parigihotel.it\/de\/hotel-old\/#primaryimage\"},\"image\":{\"@id\":\"https:\/\/www.parigihotel.it\/de\/hotel-old\/#primaryimage\"},\"thumbnailUrl\":\"https:\/\/www.parigihotel.it\/wp-content\/uploads\/2023\/05\/Hotel-01-1-scaled.jpg\",\"datePublished\":\"2021-02-01T09:20:01+00:00\",\"dateModified\":\"2024-05-22T08:18:20+00:00\",\"breadcrumb\":{\"@id\":\"https:\/\/www.parigihotel.it\/de\/hotel-old\/#breadcrumb\"},\"inLanguage\":\"de\",\"potentialAction\":[{\"@type\":\"ReadAction\",\"target\":[\"https:\/\/www.parigihotel.it\/de\/hotel-old\/\"]}]},{\"@type\":\"ImageObject\",\"inLanguage\":\"de\",\"@id\":\"https:\/\/www.parigihotel.it\/de\/hotel-old\/#primaryimage\",\"url\":\"https:\/\/www.parigihotel.it\/wp-content\/uploads\/2023\/05\/Hotel-01-1-scaled.jpg\",\"contentUrl\":\"https:\/\/www.parigihotel.it\/wp-content\/uploads\/2023\/05\/Hotel-01-1-scaled.jpg\",\"width\":2560,\"height\":1707},{\"@type\":\"BreadcrumbList\",\"@id\":\"https:\/\/www.parigihotel.it\/de\/hotel-old\/#breadcrumb\",\"itemListElement\":[{\"@type\":\"ListItem\",\"position\":1,\"name\":\"Home\",\"item\":\"https:\/\/www.parigihotel.it\/de\/\"},{\"@type\":\"ListItem\",\"position\":2,\"name\":\"Hotel old\"}]},{\"@type\":\"WebSite\",\"@id\":\"https:\/\/www.parigihotel.it\/de\/#website\",\"url\":\"https:\/\/www.parigihotel.it\/de\/\",\"name\":\"Hotel Parigi\",\"description\":\"Im zentrum Bibione und in strandn\u00e4he\",\"publisher\":{\"@id\":\"https:\/\/www.parigihotel.it\/de\/#organization\"},\"potentialAction\":[{\"@type\":\"SearchAction\",\"target\":{\"@type\":\"EntryPoint\",\"urlTemplate\":\"https:\/\/www.parigihotel.it\/de\/?s={search_term_string}\"},\"query-input\":{\"@type\":\"PropertyValueSpecification\",\"valueRequired\":true,\"valueName\":\"search_term_string\"}}],\"inLanguage\":\"de\"},{\"@type\":\"Organization\",\"@id\":\"https:\/\/www.parigihotel.it\/de\/#organization\",\"name\":\"Hotel Parigi - Bibione (VE)\",\"url\":\"https:\/\/www.parigihotel.it\/de\/\",\"logo\":{\"@type\":\"ImageObject\",\"inLanguage\":\"de\",\"@id\":\"https:\/\/www.parigihotel.it\/de\/#\/schema\/logo\/image\/\",\"url\":\"https:\/\/parigihotel.it\/wp-content\/uploads\/2021\/01\/logo-footer.png\",\"contentUrl\":\"https:\/\/parigihotel.it\/wp-content\/uploads\/2021\/01\/logo-footer.png\",\"width\":548,\"height\":148,\"caption\":\"Hotel Parigi - Bibione (VE)\"},\"image\":{\"@id\":\"https:\/\/www.parigihotel.it\/de\/#\/schema\/logo\/image\/\"}}]}<\/script>\n<!-- \/ Yoast SEO plugin. -->","yoast_head_json":{"title":"Hotel Parigi | Hotel old","robots":{"index":"index","follow":"follow","max-snippet":"max-snippet:-1","max-image-preview":"max-image-preview:large","max-video-preview":"max-video-preview:-1"},"canonical":"https:\/\/www.parigihotel.it\/de\/hotel-old\/","og_locale":"de_DE","og_type":"article","og_title":"Hotel Parigi | Hotel old","og_url":"https:\/\/www.parigihotel.it\/de\/hotel-old\/","og_site_name":"Hotel Parigi","article_modified_time":"2024-05-22T08:18:20+00:00","og_image":[{"width":2560,"height":1707,"url":"https:\/\/www.parigihotel.it\/wp-content\/uploads\/2023\/05\/Hotel-01-1-scaled.jpg","type":"image\/jpeg"}],"twitter_card":"summary_large_image","twitter_misc":{"Gesch\u00e4tzte Lesezeit":"2\u00a0Minuten"},"schema":{"@context":"https:\/\/schema.org","@graph":[{"@type":"WebPage","@id":"https:\/\/www.parigihotel.it\/de\/hotel-old\/","url":"https:\/\/www.parigihotel.it\/de\/hotel-old\/","name":"Hotel Parigi | Hotel old","isPartOf":{"@id":"https:\/\/www.parigihotel.it\/de\/#website"},"primaryImageOfPage":{"@id":"https:\/\/www.parigihotel.it\/de\/hotel-old\/#primaryimage"},"image":{"@id":"https:\/\/www.parigihotel.it\/de\/hotel-old\/#primaryimage"},"thumbnailUrl":"https:\/\/www.parigihotel.it\/wp-content\/uploads\/2023\/05\/Hotel-01-1-scaled.jpg","datePublished":"2021-02-01T09:20:01+00:00","dateModified":"2024-05-22T08:18:20+00:00","breadcrumb":{"@id":"https:\/\/www.parigihotel.it\/de\/hotel-old\/#breadcrumb"},"inLanguage":"de","potentialAction":[{"@type":"ReadAction","target":["https:\/\/www.parigihotel.it\/de\/hotel-old\/"]}]},{"@type":"ImageObject","inLanguage":"de","@id":"https:\/\/www.parigihotel.it\/de\/hotel-old\/#primaryimage","url":"https:\/\/www.parigihotel.it\/wp-content\/uploads\/2023\/05\/Hotel-01-1-scaled.jpg","contentUrl":"https:\/\/www.parigihotel.it\/wp-content\/uploads\/2023\/05\/Hotel-01-1-scaled.jpg","width":2560,"height":1707},{"@type":"BreadcrumbList","@id":"https:\/\/www.parigihotel.it\/de\/hotel-old\/#breadcrumb","itemListElement":[{"@type":"ListItem","position":1,"name":"Home","item":"https:\/\/www.parigihotel.it\/de\/"},{"@type":"ListItem","position":2,"name":"Hotel old"}]},{"@type":"WebSite","@id":"https:\/\/www.parigihotel.it\/de\/#website","url":"https:\/\/www.parigihotel.it\/de\/","name":"Hotel Parigi","description":"Im zentrum Bibione und in strandn\u00e4he","publisher":{"@id":"https:\/\/www.parigihotel.it\/de\/#organization"},"potentialAction":[{"@type":"SearchAction","target":{"@type":"EntryPoint","urlTemplate":"https:\/\/www.parigihotel.it\/de\/?s={search_term_string}"},"query-input":{"@type":"PropertyValueSpecification","valueRequired":true,"valueName":"search_term_string"}}],"inLanguage":"de"},{"@type":"Organization","@id":"https:\/\/www.parigihotel.it\/de\/#organization","name":"Hotel Parigi - Bibione (VE)","url":"https:\/\/www.parigihotel.it\/de\/","logo":{"@type":"ImageObject","inLanguage":"de","@id":"https:\/\/www.parigihotel.it\/de\/#\/schema\/logo\/image\/","url":"https:\/\/parigihotel.it\/wp-content\/uploads\/2021\/01\/logo-footer.png","contentUrl":"https:\/\/parigihotel.it\/wp-content\/uploads\/2021\/01\/logo-footer.png","width":548,"height":148,"caption":"Hotel Parigi - Bibione (VE)"},"image":{"@id":"https:\/\/www.parigihotel.it\/de\/#\/schema\/logo\/image\/"}}]}},"uagb_featured_image_src":{"full":["https:\/\/www.parigihotel.it\/wp-content\/uploads\/2023\/05\/Hotel-01-1-scaled.jpg",2560,1707,false],"thumbnail":["https:\/\/www.parigihotel.it\/wp-content\/uploads\/2023\/05\/Hotel-01-1-150x150.jpg",150,150,true],"medium":["https:\/\/www.parigihotel.it\/wp-content\/uploads\/2023\/05\/Hotel-01-1-300x200.jpg",300,200,true],"medium_large":["https:\/\/www.parigihotel.it\/wp-content\/uploads\/2023\/05\/Hotel-01-1-768x512.jpg",750,500,true],"large":["https:\/\/www.parigihotel.it\/wp-content\/uploads\/2023\/05\/Hotel-01-1-1024x683.jpg",750,500,true],"1536x1536":["https:\/\/www.parigihotel.it\/wp-content\/uploads\/2023\/05\/Hotel-01-1-1536x1024.jpg",1536,1024,true],"2048x2048":["https:\/\/www.parigihotel.it\/wp-content\/uploads\/2023\/05\/Hotel-01-1-2048x1365.jpg",2048,1365,true],"post-thumbnail":["https:\/\/www.parigihotel.it\/wp-content\/uploads\/2023\/05\/Hotel-01-1-1568x1045.jpg",1568,1045,true]},"uagb_author_info":{"display_name":"h0t3l-p4r1","author_link":"https:\/\/www.parigihotel.it\/de\/author\/h0t3l-p4r1\/"},"uagb_comment_info":0,"uagb_excerpt":null,"coauthors":[],"author_meta":{"author_link":"https:\/\/www.parigihotel.it\/de\/author\/h0t3l-p4r1\/","display_name":"h0t3l-p4r1"},"relative_dates":{"created":"Posted 5\u00a0Jahren ago","modified":"Updated 2\u00a0Jahren ago"},"absolute_dates":{"created":"Posted on 1 Februar 2021","modified":"Updated on 22 Mai 2024"},"absolute_dates_time":{"created":"Posted on 1 Februar 2021 10:20","modified":"Updated on 22 Mai 2024 10:18"},"featured_img_caption":"","featured_img":"https:\/\/www.parigihotel.it\/wp-content\/uploads\/2023\/05\/Hotel-01-1-1568x1045.jpg","series_order":"","_links":{"self":[{"href":"https:\/\/www.parigihotel.it\/de\/wp-json\/wp\/v2\/pages\/1401","targetHints":{"allow":["GET"]}}],"collection":[{"href":"https:\/\/www.parigihotel.it\/de\/wp-json\/wp\/v2\/pages"}],"about":[{"href":"https:\/\/www.parigihotel.it\/de\/wp-json\/wp\/v2\/types\/page"}],"author":[{"embeddable":true,"href":"https:\/\/www.parigihotel.it\/de\/wp-json\/wp\/v2\/users\/1"}],"replies":[{"embeddable":true,"href":"https:\/\/www.parigihotel.it\/de\/wp-json\/wp\/v2\/comments?post=1401"}],"version-history":[{"count":2,"href":"https:\/\/www.parigihotel.it\/de\/wp-json\/wp\/v2\/pages\/1401\/revisions"}],"predecessor-version":[{"id":4571,"href":"https:\/\/www.parigihotel.it\/de\/wp-json\/wp\/v2\/pages\/1401\/revisions\/4571"}],"wp:featuredmedia":[{"embeddable":true,"href":"https:\/\/www.parigihotel.it\/de\/wp-json\/wp\/v2\/media\/2535"}],"wp:attachment":[{"href":"https:\/\/www.parigihotel.it\/de\/wp-json\/wp\/v2\/media?parent=1401"}],"curies":[{"name":"wp","href":"https:\/\/api.w.org\/{rel}","templated":true}]}}