{"id":1476,"date":"2021-02-01T12:22:20","date_gmt":"2021-02-01T11:22:20","guid":{"rendered":"https:\/\/parigi.promoservicebeta.com\/?page_id=1476"},"modified":"2024-05-22T10:19:14","modified_gmt":"2024-05-22T08:19:14","slug":"pool-old","status":"publish","type":"page","link":"https:\/\/www.parigihotel.it\/de\/pool-old\/","title":{"rendered":"Pool old"},"content":{"rendered":"<div  class=\"grids-section grids-is-advanced alignfull\" style=\"--_gs-gap-desktop:0px 0px;--_gs-m-desktop:0 0 0 0;--_gs-p-desktop:0 0 0 0;--_gs-bg-desktop:transparent none;--_gs-bg-xp-desktop:0px;--_gs-zi-desktop:auto;--_gs-d-desktop:block;--_gs-mw-desktop:calc(100% - 0 - 0);--_gs-gap-tablet:0px 0px;--_gs-m-tablet:0 0 0 0;--_gs-p-tablet:0 0 0 0;--_gs-bg-tablet:transparent none;--_gs-bg-xp-tablet:0px;--_gs-zi-tablet:auto;--_gs-d-tablet:block;--_gs-mw-tablet:calc(100% - 0 - 0);--_gs-gap-mobile:0px 0px;--_gs-m-mobile:0 0 0 0;--_gs-p-mobile:0 10px 0 10px;--_gs-bg-mobile:transparent none;--_gs-bg-xp-mobile:0px;--_gs-zi-mobile:auto;--_gs-d-mobile:block;--_gs-mw-mobile:calc(100% - 0 - 0);--_gs-columns:12;--_gs-rows:6\"><div class=\"grids-s-w_i\">\n<div class=\"grids-area\" style=\"--_ga-column:2\/7;--_ga-row:1\/2;--_ga-m-desktop:40px 0 0 0;--_ga-p-desktop:0 0 0 0;--_ga-bg-desktop:transparent none;--_ga-zi-desktop:auto;--_ga-d-desktop:flex;--_ga-mw-desktop:calc(100% - 0 - 0);--_ga-m-tablet:40px 0 0 0;--_ga-p-tablet:0 0 0 0;--_ga-bg-tablet:transparent none;--_ga-zi-tablet:auto;--_ga-d-tablet:flex;--_ga-mw-tablet:calc(100% - 0 - 0);--_ga-m-mobile:40px 0 0 0;--_ga-p-mobile:0 0 0 0;--_ga-bg-mobile:transparent none;--_ga-zi-mobile:auto;--_ga-d-mobile:flex;--_ga-mw-mobile:calc(100% - 0 - 0)\">\n\n<h2 class=\"wp-block-heading\">Ihre Oase der Entspannung!<\/h2>\n\n<\/div>\n\n<div class=\"grids-area\" style=\"--_ga-column:2\/7;--_ga-row:2\/3;--_ga-m-desktop:0 0 0 0;--_ga-p-desktop:0 20px 0 0;--_ga-bg-desktop:transparent none;--_ga-zi-desktop:auto;--_ga-d-desktop:flex;--_ga-mw-desktop:calc(100% - 0 - 0);--_ga-m-tablet:0 0 0 0;--_ga-p-tablet:0 20px 0 0;--_ga-bg-tablet:transparent none;--_ga-zi-tablet:auto;--_ga-d-tablet:flex;--_ga-mw-tablet:calc(100% - 0 - 0);--_ga-m-mobile:0 0 0 0;--_ga-p-mobile:0 0px 0 0;--_ga-bg-mobile:transparent none;--_ga-zi-mobile:auto;--_ga-d-mobile:flex;--_ga-mw-mobile:calc(100% - 0 - 0)\">\n\n<p>Unser Pool ist eine Oase der Entspannung. Immer mit idealer Temperatur, mit einem beheizten, separaten Whirlpool, umgeben von einer gro\u00dfen Sonnenterrasse, auf der Sie sich abseits des L\u00e4rms der Stadt und dem Stimmengewirr des Strandes, bei entsprechender Hintergrundmusik entspannen k\u00f6nnen.<\/p>\n\n\n\n<p>Unsere Barkeeper stehen Ihnen jederzeit zur Verf\u00fcgung: Zu jeder Tageszeit bereiten wir Ihnen gerne Snacks, Getr\u00e4nke und erfrischende Cocktails zu. Bitte fragen Sie einfach an!<\/p>\n\n<\/div>\n\n<div class=\"grids-area\" style=\"--_ga-column:7\/12;--_ga-row:2\/3;--_ga-m-desktop:0 0 0 0;--_ga-p-desktop:0 0 0 20px;--_ga-bg-desktop:transparent none;--_ga-zi-desktop:auto;--_ga-d-desktop:flex;--_ga-mw-desktop:calc(100% - 0 - 0);--_ga-m-tablet:0 0 0 0;--_ga-p-tablet:0 0 0 20px;--_ga-bg-tablet:transparent none;--_ga-zi-tablet:auto;--_ga-d-tablet:flex;--_ga-mw-tablet:calc(100% - 0 - 0);--_ga-m-mobile:0 0 0 0;--_ga-p-mobile:0 0 0 0px;--_ga-bg-mobile:transparent none;--_ga-zi-mobile:auto;--_ga-d-mobile:flex;--_ga-mw-mobile:calc(100% - 0 - 0)\"><\/div>\n<\/div><\/div>\n\n\n<div style=\"height:50px\" aria-hidden=\"true\" class=\"wp-block-spacer\"><\/div>\n\n\n<div  class=\"grids-section grids-is-advanced alignfull\" style=\"--_gs-gap-desktop:0px 0px;--_gs-m-desktop:0 0 0 0;--_gs-p-desktop:0 0 0 0;--_gs-bg-desktop:transparent none;--_gs-bg-xp-desktop:0px;--_gs-zi-desktop:auto;--_gs-d-desktop:block;--_gs-mw-desktop:calc(100% - 0 - 0);--_gs-gap-tablet:0px 0px;--_gs-m-tablet:0 0 0 0;--_gs-p-tablet:0 0 0 0;--_gs-bg-tablet:transparent none;--_gs-bg-xp-tablet:0px;--_gs-zi-tablet:auto;--_gs-d-tablet:block;--_gs-mw-tablet:calc(100% - 0 - 0);--_gs-gap-mobile:0px 0px;--_gs-m-mobile:0 0 0 0;--_gs-p-mobile:0 0 0 0;--_gs-bg-mobile:transparent none;--_gs-bg-xp-mobile:0px;--_gs-zi-mobile:auto;--_gs-d-mobile:block;--_gs-mw-mobile:calc(100% - 0 - 0);--_gs-columns:12;--_gs-rows:6\"><div class=\"grids-s-w_i\">\n<div class=\"grids-area\" style=\"--_ga-column:2\/12;--_ga-row:0\/2;--_ga-m-desktop:0 0 0 0;--_ga-p-desktop:0 0 0 0;--_ga-bg-desktop:transparent none;--_ga-zi-desktop:auto;--_ga-d-desktop:flex;--_ga-mw-desktop:calc(100% - 0 - 0);--_ga-m-tablet:0 0 0 0;--_ga-p-tablet:0 0 0 0;--_ga-bg-tablet:transparent none;--_ga-zi-tablet:auto;--_ga-d-tablet:flex;--_ga-mw-tablet:calc(100% - 0 - 0);--_ga-m-mobile:0 0 0 0;--_ga-p-mobile:0 0 0 0;--_ga-bg-mobile:transparent none;--_ga-zi-mobile:auto;--_ga-d-mobile:flex;--_ga-mw-mobile:calc(100% - 0 - 0)\">\n\n<figure class=\"wp-block-gallery columns-4 is-cropped wp-block-gallery-2\"><ul class=\"blocks-gallery-grid\"><li class=\"blocks-gallery-item\"><figure><img loading=\"lazy\" decoding=\"async\" width=\"1024\" height=\"683\" src=\"https:\/\/parigihotel.it\/wp-content\/uploads\/2021\/01\/Hotel_Parigi_Bibione_Piscina_struttura-1024x683.jpg\" alt=\"\" data-id=\"673\" data-full-url=\"https:\/\/parigihotel.it\/wp-content\/uploads\/2021\/01\/Hotel_Parigi_Bibione_Piscina_struttura.jpg\" data-link=\"https:\/\/parigihotel.it\/it\/hotel_parigi_bibione_piscina_struttura\/\" class=\"wp-image-673\" srcset=\"https:\/\/www.parigihotel.it\/wp-content\/uploads\/2021\/01\/Hotel_Parigi_Bibione_Piscina_struttura-1024x683.jpg 1024w, https:\/\/www.parigihotel.it\/wp-content\/uploads\/2021\/01\/Hotel_Parigi_Bibione_Piscina_struttura-300x200.jpg 300w, https:\/\/www.parigihotel.it\/wp-content\/uploads\/2021\/01\/Hotel_Parigi_Bibione_Piscina_struttura-768x512.jpg 768w, https:\/\/www.parigihotel.it\/wp-content\/uploads\/2021\/01\/Hotel_Parigi_Bibione_Piscina_struttura-1536x1024.jpg 1536w, https:\/\/www.parigihotel.it\/wp-content\/uploads\/2021\/01\/Hotel_Parigi_Bibione_Piscina_struttura-1568x1045.jpg 1568w, https:\/\/www.parigihotel.it\/wp-content\/uploads\/2021\/01\/Hotel_Parigi_Bibione_Piscina_struttura.jpg 1599w\" sizes=\"auto, (max-width: 1024px) 100vw, 1024px\" \/><\/figure><\/li><li class=\"blocks-gallery-item\"><figure><img loading=\"lazy\" decoding=\"async\" width=\"1024\" height=\"683\" src=\"https:\/\/parigihotel.it\/wp-content\/uploads\/2021\/01\/Hotel_Parigi_Bibione_Piscina_idromassaggio_vista-1024x683.jpg\" alt=\"\" data-id=\"667\" data-full-url=\"https:\/\/parigihotel.it\/wp-content\/uploads\/2021\/01\/Hotel_Parigi_Bibione_Piscina_idromassaggio_vista.jpg\" data-link=\"https:\/\/parigihotel.it\/it\/hotel_parigi_bibione_piscina_idromassaggio_vista\/\" class=\"wp-image-667\" srcset=\"https:\/\/www.parigihotel.it\/wp-content\/uploads\/2021\/01\/Hotel_Parigi_Bibione_Piscina_idromassaggio_vista-1024x683.jpg 1024w, https:\/\/www.parigihotel.it\/wp-content\/uploads\/2021\/01\/Hotel_Parigi_Bibione_Piscina_idromassaggio_vista-300x200.jpg 300w, https:\/\/www.parigihotel.it\/wp-content\/uploads\/2021\/01\/Hotel_Parigi_Bibione_Piscina_idromassaggio_vista-768x512.jpg 768w, https:\/\/www.parigihotel.it\/wp-content\/uploads\/2021\/01\/Hotel_Parigi_Bibione_Piscina_idromassaggio_vista-1536x1024.jpg 1536w, https:\/\/www.parigihotel.it\/wp-content\/uploads\/2021\/01\/Hotel_Parigi_Bibione_Piscina_idromassaggio_vista-1568x1045.jpg 1568w, https:\/\/www.parigihotel.it\/wp-content\/uploads\/2021\/01\/Hotel_Parigi_Bibione_Piscina_idromassaggio_vista.jpg 1599w\" sizes=\"auto, (max-width: 1024px) 100vw, 1024px\" \/><\/figure><\/li><li class=\"blocks-gallery-item\"><figure><img loading=\"lazy\" decoding=\"async\" width=\"1024\" height=\"647\" src=\"https:\/\/parigihotel.it\/wp-content\/uploads\/2021\/01\/Hotel_Parigi_Bibione_Piscina_idromassaggio_02-1024x647.jpg\" alt=\"\" data-id=\"665\" data-full-url=\"https:\/\/parigihotel.it\/wp-content\/uploads\/2021\/01\/Hotel_Parigi_Bibione_Piscina_idromassaggio_02.jpg\" data-link=\"https:\/\/parigihotel.it\/it\/hotel_parigi_bibione_piscina_idromassaggio_02\/\" class=\"wp-image-665\" srcset=\"https:\/\/www.parigihotel.it\/wp-content\/uploads\/2021\/01\/Hotel_Parigi_Bibione_Piscina_idromassaggio_02-1024x647.jpg 1024w, https:\/\/www.parigihotel.it\/wp-content\/uploads\/2021\/01\/Hotel_Parigi_Bibione_Piscina_idromassaggio_02-300x190.jpg 300w, https:\/\/www.parigihotel.it\/wp-content\/uploads\/2021\/01\/Hotel_Parigi_Bibione_Piscina_idromassaggio_02-768x485.jpg 768w, https:\/\/www.parigihotel.it\/wp-content\/uploads\/2021\/01\/Hotel_Parigi_Bibione_Piscina_idromassaggio_02-1536x971.jpg 1536w, https:\/\/www.parigihotel.it\/wp-content\/uploads\/2021\/01\/Hotel_Parigi_Bibione_Piscina_idromassaggio_02-1568x991.jpg 1568w, https:\/\/www.parigihotel.it\/wp-content\/uploads\/2021\/01\/Hotel_Parigi_Bibione_Piscina_idromassaggio_02.jpg 1600w\" sizes=\"auto, (max-width: 1024px) 100vw, 1024px\" \/><\/figure><\/li><li class=\"blocks-gallery-item\"><figure><img loading=\"lazy\" decoding=\"async\" width=\"1024\" height=\"616\" src=\"https:\/\/parigihotel.it\/wp-content\/uploads\/2021\/01\/Hotel_Parigi_Bibione_Piscina_adulti-1024x616.jpg\" alt=\"\" data-id=\"641\" data-full-url=\"https:\/\/parigihotel.it\/wp-content\/uploads\/2021\/01\/Hotel_Parigi_Bibione_Piscina_adulti.jpg\" data-link=\"https:\/\/parigihotel.it\/it\/hotel_parigi_bibione_piscina_adulti\/\" class=\"wp-image-641\" srcset=\"https:\/\/www.parigihotel.it\/wp-content\/uploads\/2021\/01\/Hotel_Parigi_Bibione_Piscina_adulti-1024x616.jpg 1024w, https:\/\/www.parigihotel.it\/wp-content\/uploads\/2021\/01\/Hotel_Parigi_Bibione_Piscina_adulti-300x181.jpg 300w, https:\/\/www.parigihotel.it\/wp-content\/uploads\/2021\/01\/Hotel_Parigi_Bibione_Piscina_adulti-768x462.jpg 768w, https:\/\/www.parigihotel.it\/wp-content\/uploads\/2021\/01\/Hotel_Parigi_Bibione_Piscina_adulti-1536x924.jpg 1536w, https:\/\/www.parigihotel.it\/wp-content\/uploads\/2021\/01\/Hotel_Parigi_Bibione_Piscina_adulti-1568x944.jpg 1568w, https:\/\/www.parigihotel.it\/wp-content\/uploads\/2021\/01\/Hotel_Parigi_Bibione_Piscina_adulti.jpg 1600w\" sizes=\"auto, (max-width: 1024px) 100vw, 1024px\" \/><\/figure><\/li><li class=\"blocks-gallery-item\"><figure><img loading=\"lazy\" decoding=\"async\" width=\"1024\" height=\"683\" src=\"https:\/\/parigihotel.it\/wp-content\/uploads\/2021\/01\/Hotel_Parigi_Bibione_Piscina_famiglia-1024x683.jpg\" alt=\"\" data-id=\"649\" data-full-url=\"https:\/\/parigihotel.it\/wp-content\/uploads\/2021\/01\/Hotel_Parigi_Bibione_Piscina_famiglia.jpg\" data-link=\"https:\/\/parigihotel.it\/it\/hotel_parigi_bibione_piscina_famiglia\/\" class=\"wp-image-649\" srcset=\"https:\/\/www.parigihotel.it\/wp-content\/uploads\/2021\/01\/Hotel_Parigi_Bibione_Piscina_famiglia-1024x683.jpg 1024w, https:\/\/www.parigihotel.it\/wp-content\/uploads\/2021\/01\/Hotel_Parigi_Bibione_Piscina_famiglia-300x200.jpg 300w, https:\/\/www.parigihotel.it\/wp-content\/uploads\/2021\/01\/Hotel_Parigi_Bibione_Piscina_famiglia-768x512.jpg 768w, https:\/\/www.parigihotel.it\/wp-content\/uploads\/2021\/01\/Hotel_Parigi_Bibione_Piscina_famiglia-1536x1024.jpg 1536w, https:\/\/www.parigihotel.it\/wp-content\/uploads\/2021\/01\/Hotel_Parigi_Bibione_Piscina_famiglia-1568x1045.jpg 1568w, https:\/\/www.parigihotel.it\/wp-content\/uploads\/2021\/01\/Hotel_Parigi_Bibione_Piscina_famiglia.jpg 1599w\" sizes=\"auto, (max-width: 1024px) 100vw, 1024px\" \/><\/figure><\/li><li class=\"blocks-gallery-item\"><figure><img loading=\"lazy\" decoding=\"async\" width=\"1024\" height=\"561\" src=\"https:\/\/parigihotel.it\/wp-content\/uploads\/2021\/01\/Hotel_Parigi_Bibione_Piscina_notturna-1024x561.jpg\" alt=\"\" data-id=\"669\" data-full-url=\"https:\/\/parigihotel.it\/wp-content\/uploads\/2021\/01\/Hotel_Parigi_Bibione_Piscina_notturna.jpg\" data-link=\"https:\/\/parigihotel.it\/it\/hotel_parigi_bibione_piscina_notturna\/\" class=\"wp-image-669\" srcset=\"https:\/\/www.parigihotel.it\/wp-content\/uploads\/2021\/01\/Hotel_Parigi_Bibione_Piscina_notturna-1024x561.jpg 1024w, https:\/\/www.parigihotel.it\/wp-content\/uploads\/2021\/01\/Hotel_Parigi_Bibione_Piscina_notturna-300x164.jpg 300w, https:\/\/www.parigihotel.it\/wp-content\/uploads\/2021\/01\/Hotel_Parigi_Bibione_Piscina_notturna-768x421.jpg 768w, https:\/\/www.parigihotel.it\/wp-content\/uploads\/2021\/01\/Hotel_Parigi_Bibione_Piscina_notturna-1536x842.jpg 1536w, https:\/\/www.parigihotel.it\/wp-content\/uploads\/2021\/01\/Hotel_Parigi_Bibione_Piscina_notturna-1568x859.jpg 1568w, https:\/\/www.parigihotel.it\/wp-content\/uploads\/2021\/01\/Hotel_Parigi_Bibione_Piscina_notturna.jpg 1600w\" sizes=\"auto, (max-width: 1024px) 100vw, 1024px\" \/><\/figure><\/li><li class=\"blocks-gallery-item\"><figure><img loading=\"lazy\" decoding=\"async\" width=\"1024\" height=\"629\" src=\"https:\/\/parigihotel.it\/wp-content\/uploads\/2021\/01\/Hotel_Parigi_Bibione_Piscina_bambina_02-1024x629.jpg\" alt=\"\" data-id=\"645\" data-full-url=\"https:\/\/parigihotel.it\/wp-content\/uploads\/2021\/01\/Hotel_Parigi_Bibione_Piscina_bambina_02.jpg\" data-link=\"https:\/\/parigihotel.it\/it\/hotel_parigi_bibione_piscina_bambina_02\/\" class=\"wp-image-645\" srcset=\"https:\/\/www.parigihotel.it\/wp-content\/uploads\/2021\/01\/Hotel_Parigi_Bibione_Piscina_bambina_02-1024x629.jpg 1024w, https:\/\/www.parigihotel.it\/wp-content\/uploads\/2021\/01\/Hotel_Parigi_Bibione_Piscina_bambina_02-300x184.jpg 300w, https:\/\/www.parigihotel.it\/wp-content\/uploads\/2021\/01\/Hotel_Parigi_Bibione_Piscina_bambina_02-768x472.jpg 768w, https:\/\/www.parigihotel.it\/wp-content\/uploads\/2021\/01\/Hotel_Parigi_Bibione_Piscina_bambina_02-1536x944.jpg 1536w, https:\/\/www.parigihotel.it\/wp-content\/uploads\/2021\/01\/Hotel_Parigi_Bibione_Piscina_bambina_02-1568x963.jpg 1568w, https:\/\/www.parigihotel.it\/wp-content\/uploads\/2021\/01\/Hotel_Parigi_Bibione_Piscina_bambina_02.jpg 1600w\" sizes=\"auto, (max-width: 1024px) 100vw, 1024px\" \/><\/figure><\/li><li class=\"blocks-gallery-item\"><figure><img loading=\"lazy\" decoding=\"async\" width=\"1024\" height=\"683\" src=\"https:\/\/parigihotel.it\/wp-content\/uploads\/2021\/01\/hotel_parigi_bibione_cocktail-1024x683.jpg\" alt=\"\" data-id=\"615\" data-full-url=\"https:\/\/parigihotel.it\/wp-content\/uploads\/2021\/01\/hotel_parigi_bibione_cocktail.jpg\" data-link=\"https:\/\/parigihotel.it\/it\/hotel_parigi_bibione_cocktail\/\" class=\"wp-image-615 is-layout-flex wp-block-gallery-is-layout-flex\" srcset=\"https:\/\/www.parigihotel.it\/wp-content\/uploads\/2021\/01\/hotel_parigi_bibione_cocktail-1024x683.jpg 1024w, https:\/\/www.parigihotel.it\/wp-content\/uploads\/2021\/01\/hotel_parigi_bibione_cocktail-300x200.jpg 300w, https:\/\/www.parigihotel.it\/wp-content\/uploads\/2021\/01\/hotel_parigi_bibione_cocktail-768x512.jpg 768w, https:\/\/www.parigihotel.it\/wp-content\/uploads\/2021\/01\/hotel_parigi_bibione_cocktail-1536x1025.jpg 1536w, https:\/\/www.parigihotel.it\/wp-content\/uploads\/2021\/01\/hotel_parigi_bibione_cocktail-1568x1046.jpg 1568w, https:\/\/www.parigihotel.it\/wp-content\/uploads\/2021\/01\/hotel_parigi_bibione_cocktail.jpg 1598w\" sizes=\"auto, (max-width: 1024px) 100vw, 1024px\" \/><\/figure><\/li><\/ul><\/figure>\n\n<\/div>\n<\/div><\/div>\n\n<div  class=\"grids-section grids-is-advanced alignfull\" style=\"--_gs-gap-desktop:0px 0px;--_gs-m-desktop:0 0 0 0;--_gs-p-desktop:0 0 0 0;--_gs-bg-desktop:transparent none;--_gs-bg-xp-desktop:0px;--_gs-zi-desktop:auto;--_gs-d-desktop:block;--_gs-mw-desktop:calc(100% - 0 - 0);--_gs-gap-tablet:0px 0px;--_gs-m-tablet:0 0 0 0;--_gs-p-tablet:0 0 0 0;--_gs-bg-tablet:transparent none;--_gs-bg-xp-tablet:0px;--_gs-zi-tablet:auto;--_gs-d-tablet:block;--_gs-mw-tablet:calc(100% - 0 - 0);--_gs-gap-mobile:0px 0px;--_gs-m-mobile:0 0 0 0;--_gs-p-mobile:0 0 0 0;--_gs-bg-mobile:transparent none;--_gs-bg-xp-mobile:0px;--_gs-zi-mobile:auto;--_gs-d-mobile:block;--_gs-mw-mobile:calc(100% - 0 - 0);--_gs-columns:12;--_gs-rows:6\"><div class=\"grids-s-w_i\">\n<div class=\"grids-area\" style=\"--_ga-column:1\/14;--_ga-row:1\/8;--_ga-m-desktop:0 0 0 0;--_ga-p-desktop:0 0 0 0;--_ga-bg-desktop:transparent none;--_ga-zi-desktop:auto;--_ga-d-desktop:flex;--_ga-mw-desktop:calc(100% - 0 - 0);--_ga-m-tablet:0 0 0 0;--_ga-p-tablet:0 0 0 0;--_ga-bg-tablet:transparent none;--_ga-zi-tablet:auto;--_ga-d-tablet:flex;--_ga-mw-tablet:calc(100% - 0 - 0);--_ga-m-mobile:0 0 0 0;--_ga-p-mobile:0 0 0 0;--_ga-bg-mobile:transparent none;--_ga-zi-mobile:auto;--_ga-d-mobile:flex;--_ga-mw-mobile:calc(100% - 0 - 0)\"><\/div>\n<\/div><\/div>","protected":false},"excerpt":{"rendered":"","protected":false},"author":1,"featured_media":1133,"parent":0,"menu_order":0,"comment_status":"closed","ping_status":"closed","template":"","meta":{"_acf_changed":false,"_uag_custom_page_level_css":"","advgb_blocks_editor_width":"","advgb_blocks_columns_visual_guide":"","footnotes":""},"class_list":["post-1476","page","type-page","status-publish","has-post-thumbnail","hentry","entry"],"acf":[],"yoast_head":"<!-- This site is optimized with the Yoast SEO plugin v25.7 - https:\/\/yoast.com\/wordpress\/plugins\/seo\/ -->\n<title>Hotel Parigi | Pool old<\/title>\n<meta name=\"robots\" content=\"index, follow, max-snippet:-1, max-image-preview:large, max-video-preview:-1\" \/>\n<link rel=\"canonical\" href=\"https:\/\/www.parigihotel.it\/de\/pool-old\/\" \/>\n<meta property=\"og:locale\" content=\"de_DE\" \/>\n<meta property=\"og:type\" content=\"article\" \/>\n<meta property=\"og:title\" content=\"Hotel Parigi | Pool old\" \/>\n<meta property=\"og:url\" content=\"https:\/\/www.parigihotel.it\/de\/pool-old\/\" \/>\n<meta property=\"og:site_name\" content=\"Hotel Parigi\" \/>\n<meta property=\"article:modified_time\" content=\"2024-05-22T08:19:14+00:00\" \/>\n<meta property=\"og:image\" content=\"https:\/\/www.parigihotel.it\/wp-content\/uploads\/2021\/01\/hotel-parigi-bibione-banner-piscina.jpg\" \/>\n\t<meta property=\"og:image:width\" content=\"2000\" \/>\n\t<meta property=\"og:image:height\" content=\"701\" \/>\n\t<meta property=\"og:image:type\" content=\"image\/jpeg\" \/>\n<meta name=\"twitter:card\" content=\"summary_large_image\" \/>\n<meta name=\"twitter:label1\" content=\"Gesch\u00e4tzte Lesezeit\" \/>\n\t<meta name=\"twitter:data1\" content=\"2\u00a0Minuten\" \/>\n<script type=\"application\/ld+json\" class=\"yoast-schema-graph\">{\"@context\":\"https:\/\/schema.org\",\"@graph\":[{\"@type\":\"WebPage\",\"@id\":\"https:\/\/www.parigihotel.it\/de\/pool-old\/\",\"url\":\"https:\/\/www.parigihotel.it\/de\/pool-old\/\",\"name\":\"Hotel Parigi | Pool old\",\"isPartOf\":{\"@id\":\"https:\/\/www.parigihotel.it\/de\/#website\"},\"primaryImageOfPage\":{\"@id\":\"https:\/\/www.parigihotel.it\/de\/pool-old\/#primaryimage\"},\"image\":{\"@id\":\"https:\/\/www.parigihotel.it\/de\/pool-old\/#primaryimage\"},\"thumbnailUrl\":\"https:\/\/www.parigihotel.it\/wp-content\/uploads\/2021\/01\/hotel-parigi-bibione-banner-piscina.jpg\",\"datePublished\":\"2021-02-01T11:22:20+00:00\",\"dateModified\":\"2024-05-22T08:19:14+00:00\",\"breadcrumb\":{\"@id\":\"https:\/\/www.parigihotel.it\/de\/pool-old\/#breadcrumb\"},\"inLanguage\":\"de\",\"potentialAction\":[{\"@type\":\"ReadAction\",\"target\":[\"https:\/\/www.parigihotel.it\/de\/pool-old\/\"]}]},{\"@type\":\"ImageObject\",\"inLanguage\":\"de\",\"@id\":\"https:\/\/www.parigihotel.it\/de\/pool-old\/#primaryimage\",\"url\":\"https:\/\/www.parigihotel.it\/wp-content\/uploads\/2021\/01\/hotel-parigi-bibione-banner-piscina.jpg\",\"contentUrl\":\"https:\/\/www.parigihotel.it\/wp-content\/uploads\/2021\/01\/hotel-parigi-bibione-banner-piscina.jpg\",\"width\":2000,\"height\":701},{\"@type\":\"BreadcrumbList\",\"@id\":\"https:\/\/www.parigihotel.it\/de\/pool-old\/#breadcrumb\",\"itemListElement\":[{\"@type\":\"ListItem\",\"position\":1,\"name\":\"Home\",\"item\":\"https:\/\/www.parigihotel.it\/de\/\"},{\"@type\":\"ListItem\",\"position\":2,\"name\":\"Pool old\"}]},{\"@type\":\"WebSite\",\"@id\":\"https:\/\/www.parigihotel.it\/de\/#website\",\"url\":\"https:\/\/www.parigihotel.it\/de\/\",\"name\":\"Hotel Parigi\",\"description\":\"Im zentrum Bibione und in strandn\u00e4he\",\"publisher\":{\"@id\":\"https:\/\/www.parigihotel.it\/de\/#organization\"},\"potentialAction\":[{\"@type\":\"SearchAction\",\"target\":{\"@type\":\"EntryPoint\",\"urlTemplate\":\"https:\/\/www.parigihotel.it\/de\/?s={search_term_string}\"},\"query-input\":{\"@type\":\"PropertyValueSpecification\",\"valueRequired\":true,\"valueName\":\"search_term_string\"}}],\"inLanguage\":\"de\"},{\"@type\":\"Organization\",\"@id\":\"https:\/\/www.parigihotel.it\/de\/#organization\",\"name\":\"Hotel Parigi - Bibione (VE)\",\"url\":\"https:\/\/www.parigihotel.it\/de\/\",\"logo\":{\"@type\":\"ImageObject\",\"inLanguage\":\"de\",\"@id\":\"https:\/\/www.parigihotel.it\/de\/#\/schema\/logo\/image\/\",\"url\":\"https:\/\/parigihotel.it\/wp-content\/uploads\/2021\/01\/logo-footer.png\",\"contentUrl\":\"https:\/\/parigihotel.it\/wp-content\/uploads\/2021\/01\/logo-footer.png\",\"width\":548,\"height\":148,\"caption\":\"Hotel Parigi - Bibione (VE)\"},\"image\":{\"@id\":\"https:\/\/www.parigihotel.it\/de\/#\/schema\/logo\/image\/\"}}]}<\/script>\n<!-- \/ Yoast SEO plugin. -->","yoast_head_json":{"title":"Hotel Parigi | Pool old","robots":{"index":"index","follow":"follow","max-snippet":"max-snippet:-1","max-image-preview":"max-image-preview:large","max-video-preview":"max-video-preview:-1"},"canonical":"https:\/\/www.parigihotel.it\/de\/pool-old\/","og_locale":"de_DE","og_type":"article","og_title":"Hotel Parigi | Pool old","og_url":"https:\/\/www.parigihotel.it\/de\/pool-old\/","og_site_name":"Hotel Parigi","article_modified_time":"2024-05-22T08:19:14+00:00","og_image":[{"width":2000,"height":701,"url":"https:\/\/www.parigihotel.it\/wp-content\/uploads\/2021\/01\/hotel-parigi-bibione-banner-piscina.jpg","type":"image\/jpeg"}],"twitter_card":"summary_large_image","twitter_misc":{"Gesch\u00e4tzte Lesezeit":"2\u00a0Minuten"},"schema":{"@context":"https:\/\/schema.org","@graph":[{"@type":"WebPage","@id":"https:\/\/www.parigihotel.it\/de\/pool-old\/","url":"https:\/\/www.parigihotel.it\/de\/pool-old\/","name":"Hotel Parigi | Pool old","isPartOf":{"@id":"https:\/\/www.parigihotel.it\/de\/#website"},"primaryImageOfPage":{"@id":"https:\/\/www.parigihotel.it\/de\/pool-old\/#primaryimage"},"image":{"@id":"https:\/\/www.parigihotel.it\/de\/pool-old\/#primaryimage"},"thumbnailUrl":"https:\/\/www.parigihotel.it\/wp-content\/uploads\/2021\/01\/hotel-parigi-bibione-banner-piscina.jpg","datePublished":"2021-02-01T11:22:20+00:00","dateModified":"2024-05-22T08:19:14+00:00","breadcrumb":{"@id":"https:\/\/www.parigihotel.it\/de\/pool-old\/#breadcrumb"},"inLanguage":"de","potentialAction":[{"@type":"ReadAction","target":["https:\/\/www.parigihotel.it\/de\/pool-old\/"]}]},{"@type":"ImageObject","inLanguage":"de","@id":"https:\/\/www.parigihotel.it\/de\/pool-old\/#primaryimage","url":"https:\/\/www.parigihotel.it\/wp-content\/uploads\/2021\/01\/hotel-parigi-bibione-banner-piscina.jpg","contentUrl":"https:\/\/www.parigihotel.it\/wp-content\/uploads\/2021\/01\/hotel-parigi-bibione-banner-piscina.jpg","width":2000,"height":701},{"@type":"BreadcrumbList","@id":"https:\/\/www.parigihotel.it\/de\/pool-old\/#breadcrumb","itemListElement":[{"@type":"ListItem","position":1,"name":"Home","item":"https:\/\/www.parigihotel.it\/de\/"},{"@type":"ListItem","position":2,"name":"Pool old"}]},{"@type":"WebSite","@id":"https:\/\/www.parigihotel.it\/de\/#website","url":"https:\/\/www.parigihotel.it\/de\/","name":"Hotel Parigi","description":"Im zentrum Bibione und in strandn\u00e4he","publisher":{"@id":"https:\/\/www.parigihotel.it\/de\/#organization"},"potentialAction":[{"@type":"SearchAction","target":{"@type":"EntryPoint","urlTemplate":"https:\/\/www.parigihotel.it\/de\/?s={search_term_string}"},"query-input":{"@type":"PropertyValueSpecification","valueRequired":true,"valueName":"search_term_string"}}],"inLanguage":"de"},{"@type":"Organization","@id":"https:\/\/www.parigihotel.it\/de\/#organization","name":"Hotel Parigi - Bibione (VE)","url":"https:\/\/www.parigihotel.it\/de\/","logo":{"@type":"ImageObject","inLanguage":"de","@id":"https:\/\/www.parigihotel.it\/de\/#\/schema\/logo\/image\/","url":"https:\/\/parigihotel.it\/wp-content\/uploads\/2021\/01\/logo-footer.png","contentUrl":"https:\/\/parigihotel.it\/wp-content\/uploads\/2021\/01\/logo-footer.png","width":548,"height":148,"caption":"Hotel Parigi - Bibione (VE)"},"image":{"@id":"https:\/\/www.parigihotel.it\/de\/#\/schema\/logo\/image\/"}}]}},"uagb_featured_image_src":{"full":["https:\/\/www.parigihotel.it\/wp-content\/uploads\/2021\/01\/hotel-parigi-bibione-banner-piscina.jpg",2000,701,false],"thumbnail":["https:\/\/www.parigihotel.it\/wp-content\/uploads\/2021\/01\/hotel-parigi-bibione-banner-piscina-150x150.jpg",150,150,true],"medium":["https:\/\/www.parigihotel.it\/wp-content\/uploads\/2021\/01\/hotel-parigi-bibione-banner-piscina-300x105.jpg",300,105,true],"medium_large":["https:\/\/www.parigihotel.it\/wp-content\/uploads\/2021\/01\/hotel-parigi-bibione-banner-piscina-768x269.jpg",750,263,true],"large":["https:\/\/www.parigihotel.it\/wp-content\/uploads\/2021\/01\/hotel-parigi-bibione-banner-piscina-1024x359.jpg",750,263,true],"1536x1536":["https:\/\/www.parigihotel.it\/wp-content\/uploads\/2021\/01\/hotel-parigi-bibione-banner-piscina-1536x538.jpg",1536,538,true],"2048x2048":["https:\/\/www.parigihotel.it\/wp-content\/uploads\/2021\/01\/hotel-parigi-bibione-banner-piscina.jpg",2000,701,false],"post-thumbnail":["https:\/\/www.parigihotel.it\/wp-content\/uploads\/2021\/01\/hotel-parigi-bibione-banner-piscina-1568x550.jpg",1568,550,true]},"uagb_author_info":{"display_name":"h0t3l-p4r1","author_link":"https:\/\/www.parigihotel.it\/de\/author\/h0t3l-p4r1\/"},"uagb_comment_info":0,"uagb_excerpt":null,"coauthors":[],"author_meta":{"author_link":"https:\/\/www.parigihotel.it\/de\/author\/h0t3l-p4r1\/","display_name":"h0t3l-p4r1"},"relative_dates":{"created":"Posted 5\u00a0Jahren ago","modified":"Updated 2\u00a0Jahren ago"},"absolute_dates":{"created":"Posted on 1 Februar 2021","modified":"Updated on 22 Mai 2024"},"absolute_dates_time":{"created":"Posted on 1 Februar 2021 12:22","modified":"Updated on 22 Mai 2024 10:19"},"featured_img_caption":"","featured_img":"https:\/\/www.parigihotel.it\/wp-content\/uploads\/2021\/01\/hotel-parigi-bibione-banner-piscina-1568x550.jpg","series_order":"","_links":{"self":[{"href":"https:\/\/www.parigihotel.it\/de\/wp-json\/wp\/v2\/pages\/1476","targetHints":{"allow":["GET"]}}],"collection":[{"href":"https:\/\/www.parigihotel.it\/de\/wp-json\/wp\/v2\/pages"}],"about":[{"href":"https:\/\/www.parigihotel.it\/de\/wp-json\/wp\/v2\/types\/page"}],"author":[{"embeddable":true,"href":"https:\/\/www.parigihotel.it\/de\/wp-json\/wp\/v2\/users\/1"}],"replies":[{"embeddable":true,"href":"https:\/\/www.parigihotel.it\/de\/wp-json\/wp\/v2\/comments?post=1476"}],"version-history":[{"count":1,"href":"https:\/\/www.parigihotel.it\/de\/wp-json\/wp\/v2\/pages\/1476\/revisions"}],"predecessor-version":[{"id":4577,"href":"https:\/\/www.parigihotel.it\/de\/wp-json\/wp\/v2\/pages\/1476\/revisions\/4577"}],"wp:featuredmedia":[{"embeddable":true,"href":"https:\/\/www.parigihotel.it\/de\/wp-json\/wp\/v2\/media\/1133"}],"wp:attachment":[{"href":"https:\/\/www.parigihotel.it\/de\/wp-json\/wp\/v2\/media?parent=1476"}],"curies":[{"name":"wp","href":"https:\/\/api.w.org\/{rel}","templated":true}]}}