{"id":1677,"date":"2021-02-10T13:01:11","date_gmt":"2021-02-10T12:01:11","guid":{"rendered":"https:\/\/parigi.promoservicebeta.com\/?page_id=1677"},"modified":"2021-02-24T12:35:33","modified_gmt":"2021-02-24T11:35:33","slug":"sichere-ferien","status":"publish","type":"page","link":"https:\/\/www.parigihotel.it\/de\/sichere-ferien\/","title":{"rendered":"Covid-19 Ma\u00dfnahmen"},"content":{"rendered":"<div  class=\"grids-section grids-is-advanced alignfull\" style=\"--_gs-gap-desktop:0px 0px;--_gs-m-desktop:0 0 0 0;--_gs-p-desktop:0 0 0 0;--_gs-bg-desktop:transparent none;--_gs-bg-xp-desktop:0px;--_gs-zi-desktop:auto;--_gs-d-desktop:block;--_gs-mw-desktop:calc(100% - 0 - 0);--_gs-gap-tablet:0px 0px;--_gs-m-tablet:0 0 0 0;--_gs-p-tablet:0 0 0 0;--_gs-bg-tablet:transparent none;--_gs-bg-xp-tablet:0px;--_gs-zi-tablet:auto;--_gs-d-tablet:block;--_gs-mw-tablet:calc(100% - 0 - 0);--_gs-gap-mobile:0px 0px;--_gs-m-mobile:0 0 0 0;--_gs-p-mobile:0 10px 0 10px;--_gs-bg-mobile:transparent none;--_gs-bg-xp-mobile:0px;--_gs-zi-mobile:auto;--_gs-d-mobile:block;--_gs-mw-mobile:calc(100% - 0 - 0);--_gs-columns:12;--_gs-rows:6\"><div class=\"grids-s-w_i\">\n<div class=\"grids-area\" style=\"--_ga-column:2\/9;--_ga-row:1\/2;--_ga-m-desktop:0 0 0 0;--_ga-p-desktop:0 0 0 0;--_ga-bg-desktop:transparent none;--_ga-zi-desktop:auto;--_ga-d-desktop:flex;--_ga-mw-desktop:calc(100% - 0 - 0);--_ga-m-tablet:0 0 0 0;--_ga-p-tablet:0 0 0 0;--_ga-bg-tablet:transparent none;--_ga-zi-tablet:auto;--_ga-d-tablet:flex;--_ga-mw-tablet:calc(100% - 0 - 0);--_ga-m-mobile:0 0 0 0;--_ga-p-mobile:0 0 0 0;--_ga-bg-mobile:transparent none;--_ga-zi-mobile:auto;--_ga-d-mobile:flex;--_ga-mw-mobile:calc(100% - 0 - 0)\">\n\n<p><strong><strong>Liebe G\u00e4ste,<\/strong><\/strong><br>aufgrund des Ausnahmezustandes durch Covid-19, werden wir dieses Jahr nicht alle Services wie auf unserer Homepage beschrieben, anbieten k\u00f6nnen. Um Ihre Sicherheit zu gew\u00e4hrleisten, m\u00fcssen alle Bestimmungen der Gesundheitsbeh\u00f6rde eingehalten werden und daher kann es sein, dass einige unserer Dienstleistungen nicht in der gewohnten Art und Weise durchgef\u00fchrt werden k\u00f6nnen.\u00a0<\/p>\n\n\n\n<p>Um sich im Hotel zurecht zu finden, folgen Sie bitte der&nbsp;Beschilderung&nbsp;am Boden und vergessen Sie nicht, dass die Distanz zu anderen Personen mindestens einen&nbsp;Meter betragen&nbsp;muss.<\/p>\n\n\n\n<p><strong>&#8211; MUNDSCHUTZ:<\/strong> In den geschlossenen Bereichen (Eingangshalle, Restaurant, Bar, etc.) ist verpflichtend ein Mundschutz zu tragen. <strong>Die Masken d\u00fcrfen nur bei Tisch abgenommen werden.<\/strong><\/p>\n\n\n\n<p><strong>&#8211; KLIMAANLAGE:<\/strong> Sie k\u00f6nnen die Klimaanlage normal einschalten. Bei Abreise werden die Filter gereinigt. Vergessen Sie bitte nicht, dass es trotzdem ges\u00fcnder ist, die Fenster und T\u00fcren zu \u00f6ffnen, um immer frische Luft zu haben.<\/p>\n\n\n\n<p><strong>&#8211; RESTAURANT:<\/strong> Um Menschenansammlungen zu vermeiden, haben wir das Buffet etwas verkleinert. Unser Personal bem\u00fcht sich, Ihnen die Speisen direkt zu servieren. Das kleine Buffet wird hinter Plexiglas angerichtet und direkt von unserem Personal serviert.<\/p>\n\n\n\n<p><strong>&#8211; SCHWIMMBAD:<\/strong> Am&nbsp;Eingang zum Swimming Pool befinden&nbsp;sich die Bestimmungen, welche&nbsp;bei Ben\u00fctzung des Pools beachtet werden m\u00fcssen.&nbsp;<\/p>\n\n\n\n<p><strong>&#8211; STRAND:<\/strong> Der Strandservice funktioniert wie immer. F\u00fcr jeden Schirm sind mindestens 10 m\u00b2 Fl\u00e4che reserviert. Die Schirme und Liegen werden jeden Tag am fr\u00fchen Morgen vom Strandpersonal gereinigt.&nbsp;<\/p>\n\n\n\n<p><strong>&#8211; FITNESSBEREICH:<\/strong> Der Fitnessbereich kann nur nach Reservierung an der Rezeption gen\u00fctzt werden.<\/p>\n\n\n\n<p>&#8211; <strong>FAHRR\u00c4DER:<\/strong> Die Schl\u00fcssel f\u00fcr die Schl\u00f6sser befinden sich an\u00a0der Rezeption. Wir bitten um 20,00 Euro Kaution. Die Fahrr\u00e4der werden vor jedem Gebrauch gereinigt.<\/p>\n\n\n\n<p>F\u00fcr weitere Informationen bitte kontaktieren Sie uns. Gerne stehen wir Ihnen f\u00fcr alle Fragen und Anliegen jederzeit zur Verf\u00fcgung.\u00a0<\/p>\n\n\n\n<p>Vielen Dank f\u00fcr Ihr Verst\u00e4ndnis.<\/p>\n\n<\/div>\n<\/div><\/div>","protected":false},"excerpt":{"rendered":"","protected":false},"author":1,"featured_media":0,"parent":0,"menu_order":0,"comment_status":"closed","ping_status":"closed","template":"","meta":{"_acf_changed":false,"_uag_custom_page_level_css":"","advgb_blocks_editor_width":"","advgb_blocks_columns_visual_guide":"","footnotes":""},"class_list":["post-1677","page","type-page","status-publish","hentry","entry"],"acf":[],"yoast_head":"<!-- This site is optimized with the Yoast SEO plugin v25.7 - https:\/\/yoast.com\/wordpress\/plugins\/seo\/ -->\n<title>Hotel Parigi | Covid-19 Ma\u00dfnahmen<\/title>\n<meta name=\"robots\" content=\"index, follow, max-snippet:-1, max-image-preview:large, max-video-preview:-1\" \/>\n<link rel=\"canonical\" href=\"https:\/\/www.parigihotel.it\/de\/sichere-ferien\/\" \/>\n<meta property=\"og:locale\" content=\"de_DE\" \/>\n<meta property=\"og:type\" content=\"article\" \/>\n<meta property=\"og:title\" content=\"Hotel Parigi | Covid-19 Ma\u00dfnahmen\" \/>\n<meta property=\"og:url\" content=\"https:\/\/www.parigihotel.it\/de\/sichere-ferien\/\" \/>\n<meta property=\"og:site_name\" content=\"Hotel Parigi\" \/>\n<meta property=\"article:modified_time\" content=\"2021-02-24T11:35:33+00:00\" \/>\n<meta name=\"twitter:card\" content=\"summary_large_image\" \/>\n<meta name=\"twitter:label1\" content=\"Gesch\u00e4tzte Lesezeit\" \/>\n\t<meta name=\"twitter:data1\" content=\"2\u00a0Minuten\" \/>\n<script type=\"application\/ld+json\" class=\"yoast-schema-graph\">{\"@context\":\"https:\/\/schema.org\",\"@graph\":[{\"@type\":\"WebPage\",\"@id\":\"https:\/\/www.parigihotel.it\/de\/sichere-ferien\/\",\"url\":\"https:\/\/www.parigihotel.it\/de\/sichere-ferien\/\",\"name\":\"Hotel Parigi | Covid-19 Ma\u00dfnahmen\",\"isPartOf\":{\"@id\":\"https:\/\/www.parigihotel.it\/de\/#website\"},\"datePublished\":\"2021-02-10T12:01:11+00:00\",\"dateModified\":\"2021-02-24T11:35:33+00:00\",\"breadcrumb\":{\"@id\":\"https:\/\/www.parigihotel.it\/de\/sichere-ferien\/#breadcrumb\"},\"inLanguage\":\"de\",\"potentialAction\":[{\"@type\":\"ReadAction\",\"target\":[\"https:\/\/www.parigihotel.it\/de\/sichere-ferien\/\"]}]},{\"@type\":\"BreadcrumbList\",\"@id\":\"https:\/\/www.parigihotel.it\/de\/sichere-ferien\/#breadcrumb\",\"itemListElement\":[{\"@type\":\"ListItem\",\"position\":1,\"name\":\"Home\",\"item\":\"https:\/\/www.parigihotel.it\/de\/\"},{\"@type\":\"ListItem\",\"position\":2,\"name\":\"Covid-19 Ma\u00dfnahmen\"}]},{\"@type\":\"WebSite\",\"@id\":\"https:\/\/www.parigihotel.it\/de\/#website\",\"url\":\"https:\/\/www.parigihotel.it\/de\/\",\"name\":\"Hotel Parigi\",\"description\":\"Im zentrum Bibione und in strandn\u00e4he\",\"publisher\":{\"@id\":\"https:\/\/www.parigihotel.it\/de\/#organization\"},\"potentialAction\":[{\"@type\":\"SearchAction\",\"target\":{\"@type\":\"EntryPoint\",\"urlTemplate\":\"https:\/\/www.parigihotel.it\/de\/?s={search_term_string}\"},\"query-input\":{\"@type\":\"PropertyValueSpecification\",\"valueRequired\":true,\"valueName\":\"search_term_string\"}}],\"inLanguage\":\"de\"},{\"@type\":\"Organization\",\"@id\":\"https:\/\/www.parigihotel.it\/de\/#organization\",\"name\":\"Hotel Parigi - Bibione (VE)\",\"url\":\"https:\/\/www.parigihotel.it\/de\/\",\"logo\":{\"@type\":\"ImageObject\",\"inLanguage\":\"de\",\"@id\":\"https:\/\/www.parigihotel.it\/de\/#\/schema\/logo\/image\/\",\"url\":\"https:\/\/parigihotel.it\/wp-content\/uploads\/2021\/01\/logo-footer.png\",\"contentUrl\":\"https:\/\/parigihotel.it\/wp-content\/uploads\/2021\/01\/logo-footer.png\",\"width\":548,\"height\":148,\"caption\":\"Hotel Parigi - Bibione (VE)\"},\"image\":{\"@id\":\"https:\/\/www.parigihotel.it\/de\/#\/schema\/logo\/image\/\"}}]}<\/script>\n<!-- \/ Yoast SEO plugin. -->","yoast_head_json":{"title":"Hotel Parigi | Covid-19 Ma\u00dfnahmen","robots":{"index":"index","follow":"follow","max-snippet":"max-snippet:-1","max-image-preview":"max-image-preview:large","max-video-preview":"max-video-preview:-1"},"canonical":"https:\/\/www.parigihotel.it\/de\/sichere-ferien\/","og_locale":"de_DE","og_type":"article","og_title":"Hotel Parigi | Covid-19 Ma\u00dfnahmen","og_url":"https:\/\/www.parigihotel.it\/de\/sichere-ferien\/","og_site_name":"Hotel Parigi","article_modified_time":"2021-02-24T11:35:33+00:00","twitter_card":"summary_large_image","twitter_misc":{"Gesch\u00e4tzte Lesezeit":"2\u00a0Minuten"},"schema":{"@context":"https:\/\/schema.org","@graph":[{"@type":"WebPage","@id":"https:\/\/www.parigihotel.it\/de\/sichere-ferien\/","url":"https:\/\/www.parigihotel.it\/de\/sichere-ferien\/","name":"Hotel Parigi | Covid-19 Ma\u00dfnahmen","isPartOf":{"@id":"https:\/\/www.parigihotel.it\/de\/#website"},"datePublished":"2021-02-10T12:01:11+00:00","dateModified":"2021-02-24T11:35:33+00:00","breadcrumb":{"@id":"https:\/\/www.parigihotel.it\/de\/sichere-ferien\/#breadcrumb"},"inLanguage":"de","potentialAction":[{"@type":"ReadAction","target":["https:\/\/www.parigihotel.it\/de\/sichere-ferien\/"]}]},{"@type":"BreadcrumbList","@id":"https:\/\/www.parigihotel.it\/de\/sichere-ferien\/#breadcrumb","itemListElement":[{"@type":"ListItem","position":1,"name":"Home","item":"https:\/\/www.parigihotel.it\/de\/"},{"@type":"ListItem","position":2,"name":"Covid-19 Ma\u00dfnahmen"}]},{"@type":"WebSite","@id":"https:\/\/www.parigihotel.it\/de\/#website","url":"https:\/\/www.parigihotel.it\/de\/","name":"Hotel Parigi","description":"Im zentrum Bibione und in strandn\u00e4he","publisher":{"@id":"https:\/\/www.parigihotel.it\/de\/#organization"},"potentialAction":[{"@type":"SearchAction","target":{"@type":"EntryPoint","urlTemplate":"https:\/\/www.parigihotel.it\/de\/?s={search_term_string}"},"query-input":{"@type":"PropertyValueSpecification","valueRequired":true,"valueName":"search_term_string"}}],"inLanguage":"de"},{"@type":"Organization","@id":"https:\/\/www.parigihotel.it\/de\/#organization","name":"Hotel Parigi - Bibione (VE)","url":"https:\/\/www.parigihotel.it\/de\/","logo":{"@type":"ImageObject","inLanguage":"de","@id":"https:\/\/www.parigihotel.it\/de\/#\/schema\/logo\/image\/","url":"https:\/\/parigihotel.it\/wp-content\/uploads\/2021\/01\/logo-footer.png","contentUrl":"https:\/\/parigihotel.it\/wp-content\/uploads\/2021\/01\/logo-footer.png","width":548,"height":148,"caption":"Hotel Parigi - Bibione (VE)"},"image":{"@id":"https:\/\/www.parigihotel.it\/de\/#\/schema\/logo\/image\/"}}]}},"uagb_featured_image_src":{"full":false,"thumbnail":false,"medium":false,"medium_large":false,"large":false,"1536x1536":false,"2048x2048":false,"post-thumbnail":false},"uagb_author_info":{"display_name":"h0t3l-p4r1","author_link":"https:\/\/www.parigihotel.it\/de\/author\/h0t3l-p4r1\/"},"uagb_comment_info":0,"uagb_excerpt":null,"coauthors":[],"author_meta":{"author_link":"https:\/\/www.parigihotel.it\/de\/author\/h0t3l-p4r1\/","display_name":"h0t3l-p4r1"},"relative_dates":{"created":"Posted 5\u00a0Jahren ago","modified":"Updated 5\u00a0Jahren ago"},"absolute_dates":{"created":"Posted on 10 Februar 2021","modified":"Updated on 24 Februar 2021"},"absolute_dates_time":{"created":"Posted on 10 Februar 2021 13:01","modified":"Updated on 24 Februar 2021 12:35"},"featured_img_caption":"","featured_img":false,"series_order":"","_links":{"self":[{"href":"https:\/\/www.parigihotel.it\/de\/wp-json\/wp\/v2\/pages\/1677","targetHints":{"allow":["GET"]}}],"collection":[{"href":"https:\/\/www.parigihotel.it\/de\/wp-json\/wp\/v2\/pages"}],"about":[{"href":"https:\/\/www.parigihotel.it\/de\/wp-json\/wp\/v2\/types\/page"}],"author":[{"embeddable":true,"href":"https:\/\/www.parigihotel.it\/de\/wp-json\/wp\/v2\/users\/1"}],"replies":[{"embeddable":true,"href":"https:\/\/www.parigihotel.it\/de\/wp-json\/wp\/v2\/comments?post=1677"}],"version-history":[{"count":0,"href":"https:\/\/www.parigihotel.it\/de\/wp-json\/wp\/v2\/pages\/1677\/revisions"}],"wp:attachment":[{"href":"https:\/\/www.parigihotel.it\/de\/wp-json\/wp\/v2\/media?parent=1677"}],"curies":[{"name":"wp","href":"https:\/\/api.w.org\/{rel}","templated":true}]}}