{"id":4295,"date":"2024-04-15T11:33:01","date_gmt":"2024-04-15T09:33:01","guid":{"rendered":"https:\/\/www.parigihotel.it\/palestra-new\/"},"modified":"2024-05-22T10:18:10","modified_gmt":"2024-05-22T08:18:10","slug":"fitness","status":"publish","type":"page","link":"https:\/\/www.parigihotel.it\/de\/fitness\/","title":{"rendered":"Fitness"},"content":{"rendered":"\n<div style=\"height:10px\" aria-hidden=\"true\" class=\"wp-block-spacer\"><\/div>\n\n\n\n<div style=\"height:100px\" aria-hidden=\"true\" class=\"wp-block-spacer space-responsive\"><\/div>\n\n\n<div  class=\"grids-section grids-is-advanced\" style=\"--_gs-gap-desktop:0px 0px;--_gs-m-desktop:0 0 0 0;--_gs-p-desktop:0 0 0 0;--_gs-bg-desktop:transparent none;--_gs-bg-xp-desktop:0px;--_gs-zi-desktop:auto;--_gs-d-desktop:block;--_gs-mw-desktop:calc(100% - 0 - 0);--_gs-gap-tablet:0px 0px;--_gs-m-tablet:0 0 0 0;--_gs-p-tablet:0 0 0 0;--_gs-bg-tablet:transparent none;--_gs-bg-xp-tablet:0px;--_gs-zi-tablet:auto;--_gs-d-tablet:block;--_gs-mw-tablet:calc(100% - 0 - 0);--_gs-gap-mobile:0px 0px;--_gs-m-mobile:0 0 0 0;--_gs-p-mobile:0 0 0 0;--_gs-bg-mobile:transparent none;--_gs-bg-xp-mobile:0px;--_gs-zi-mobile:auto;--_gs-d-mobile:block;--_gs-mw-mobile:calc(100% - 0 - 0);--_gs-columns:12;--_gs-rows:6\"><div class=\"grids-s-w_i\">\n<div class=\"grids-area section-single-img text\" style=\"--_ga-column:3\/8;--_ga-row:3\/6;--_ga-va:center;--_ga-m-desktop:0 0 0 0;--_ga-p-desktop:0px 0 0px 0;--_ga-bg-desktop:#f5f5f5 none;--_ga-zi-desktop:auto;--_ga-d-desktop:flex;--_ga-mw-desktop:calc(100% - 0 - 0);--_ga-m-tablet:0 0 0 0;--_ga-p-tablet:0px 0 0px 0;--_ga-bg-tablet:#f5f5f5 none;--_ga-zi-tablet:auto;--_ga-d-tablet:flex;--_ga-mw-tablet:calc(100% - 0 - 0);--_ga-m-mobile:0 0 0 0;--_ga-p-mobile:0px 0 0px 0;--_ga-bg-mobile:#f5f5f5 none;--_ga-zi-mobile:auto;--_ga-d-mobile:flex;--_ga-mw-mobile:calc(100% - 0 - 0)\">\n\n<p>Ihr k\u00f6rperliches Wohlbefinden liegt uns am Herzen. Unser Fitnessbereich mit einer \u00fcberdachten Fl\u00e4che von \u00fcber 70 Quadrat Meter und Blick auf den Pool und das Meer erm\u00f6glicht es Ihnen, auch im Urlaub Ihre sportlichen Trainingseinheiten zu absolvieren.<\/p>\n\n<\/div>\n\n<div class=\"grids-area section-single-img-photo\" style=\"--_ga-column:7\/11;--_ga-row:4\/5;--_ga-m-desktop:0 0 0 0;--_ga-p-desktop:50px 0 50px 0;--_ga-bg-desktop:transparent none;--_ga-zi-desktop:1;--_ga-d-desktop:flex;--_ga-mw-desktop:calc(100% - 0 - 0);--_ga-m-tablet:0 0 0 0;--_ga-p-tablet:50px 0 50px 0;--_ga-bg-tablet:transparent none;--_ga-zi-tablet:1;--_ga-d-tablet:flex;--_ga-mw-tablet:calc(100% - 0 - 0);--_ga-m-mobile:0 0 0 0;--_ga-p-mobile:50px 0 50px 0;--_ga-bg-mobile:transparent none;--_ga-zi-mobile:1;--_ga-d-mobile:flex;--_ga-mw-mobile:calc(100% - 0 - 0)\">\n\n<figure class=\"wp-block-image size-large img-single\"><img loading=\"lazy\" decoding=\"async\" width=\"1024\" height=\"683\" src=\"https:\/\/www.parigihotel.it\/wp-content\/uploads\/2024\/05\/hotel-parigi-bibione-2022-071-1024x683.webp\" alt=\"\" class=\"wp-image-4412\" srcset=\"https:\/\/www.parigihotel.it\/wp-content\/uploads\/2024\/05\/hotel-parigi-bibione-2022-071-1024x683.webp 1024w, https:\/\/www.parigihotel.it\/wp-content\/uploads\/2024\/05\/hotel-parigi-bibione-2022-071-300x200.webp 300w, https:\/\/www.parigihotel.it\/wp-content\/uploads\/2024\/05\/hotel-parigi-bibione-2022-071-768x512.webp 768w, https:\/\/www.parigihotel.it\/wp-content\/uploads\/2024\/05\/hotel-parigi-bibione-2022-071-1536x1024.webp 1536w, https:\/\/www.parigihotel.it\/wp-content\/uploads\/2024\/05\/hotel-parigi-bibione-2022-071-1568x1046.webp 1568w, https:\/\/www.parigihotel.it\/wp-content\/uploads\/2024\/05\/hotel-parigi-bibione-2022-071.webp 1600w\" sizes=\"auto, (max-width: 1024px) 100vw, 1024px\" \/><\/figure>\n\n<\/div>\n<\/div><\/div>\n\n\n<div style=\"height:50px\" aria-hidden=\"true\" class=\"wp-block-spacer space-responsive\"><\/div>\n\n\n<div  class=\"grids-section grids-is-advanced\" style=\"--_gs-gap-desktop:0px 0px;--_gs-m-desktop:0 0 0 0;--_gs-p-desktop:0 0 0 0;--_gs-bg-desktop:transparent none;--_gs-bg-xp-desktop:0px;--_gs-zi-desktop:auto;--_gs-d-desktop:block;--_gs-mw-desktop:calc(100% - 0 - 0);--_gs-gap-tablet:0px 0px;--_gs-m-tablet:0 0 0 0;--_gs-p-tablet:0 0 0 0;--_gs-bg-tablet:transparent none;--_gs-bg-xp-tablet:0px;--_gs-zi-tablet:auto;--_gs-d-tablet:block;--_gs-mw-tablet:calc(100% - 0 - 0);--_gs-gap-mobile:0px 0px;--_gs-m-mobile:0 0 0 0;--_gs-p-mobile:0 0 0 0;--_gs-bg-mobile:transparent none;--_gs-bg-xp-mobile:0px;--_gs-zi-mobile:auto;--_gs-d-mobile:block;--_gs-mw-mobile:calc(100% - 0 - 0);--_gs-columns:12;--_gs-rows:6\"><div class=\"grids-s-w_i\">\n<div class=\"grids-area section-single-img text dx\" style=\"--_ga-column:6\/11;--_ga-row:3\/6;--_ga-va:center;--_ga-m-desktop:0 0 0 0;--_ga-p-desktop:0 0 0 0;--_ga-bg-desktop:#f5f5f5 none;--_ga-zi-desktop:auto;--_ga-d-desktop:flex;--_ga-mw-desktop:calc(100% - 0 - 0);--_ga-m-tablet:0 0 0 0;--_ga-p-tablet:0 0 0 0;--_ga-bg-tablet:#f5f5f5 none;--_ga-zi-tablet:auto;--_ga-d-tablet:flex;--_ga-mw-tablet:calc(100% - 0 - 0);--_ga-m-mobile:0 0 0 0;--_ga-p-mobile:0 0 0 0;--_ga-bg-mobile:#f5f5f5 none;--_ga-zi-mobile:auto;--_ga-d-mobile:flex;--_ga-mw-mobile:calc(100% - 0 - 0)\">\n\n<p>Zu Ihrer Verf\u00fcgung stehen: Laufband, Heimtrainer und Stepper, Lat-Maschine, Pectoral Machine, Shoulder Press, Leg Extension, Leg Curl, Abduction and Adduction Machine, Power Rack und vieles mehr.<\/p>\n\n<\/div>\n\n<div class=\"grids-area section-single-img-photo\" style=\"--_ga-column:3\/7;--_ga-row:4\/5;--_ga-m-desktop:0 0 0 0;--_ga-p-desktop:50px 0 50px 0;--_ga-bg-desktop:transparent none;--_ga-zi-desktop:1;--_ga-d-desktop:flex;--_ga-mw-desktop:calc(100% - 0 - 0);--_ga-m-tablet:0 0 0 0;--_ga-p-tablet:50px 0 50px 0;--_ga-bg-tablet:transparent none;--_ga-zi-tablet:1;--_ga-d-tablet:flex;--_ga-mw-tablet:calc(100% - 0 - 0);--_ga-m-mobile:0 0 0 0;--_ga-p-mobile:50px 0 50px 0;--_ga-bg-mobile:transparent none;--_ga-zi-mobile:1;--_ga-d-mobile:flex;--_ga-mw-mobile:calc(100% - 0 - 0)\">\n\n<figure class=\"wp-block-image size-large img-single\"><img loading=\"lazy\" decoding=\"async\" width=\"683\" height=\"1024\" src=\"https:\/\/www.parigihotel.it\/wp-content\/uploads\/2024\/04\/Tapis-roulant-683x1024.webp\" alt=\"\" class=\"wp-image-3481\" srcset=\"https:\/\/www.parigihotel.it\/wp-content\/uploads\/2024\/04\/Tapis-roulant-683x1024.webp 683w, https:\/\/www.parigihotel.it\/wp-content\/uploads\/2024\/04\/Tapis-roulant-200x300.webp 200w, https:\/\/www.parigihotel.it\/wp-content\/uploads\/2024\/04\/Tapis-roulant-768x1152.webp 768w, https:\/\/www.parigihotel.it\/wp-content\/uploads\/2024\/04\/Tapis-roulant-1024x1536.webp 1024w, https:\/\/www.parigihotel.it\/wp-content\/uploads\/2024\/04\/Tapis-roulant-1365x2048.webp 1365w, https:\/\/www.parigihotel.it\/wp-content\/uploads\/2024\/04\/Tapis-roulant-1568x2352.webp 1568w, https:\/\/www.parigihotel.it\/wp-content\/uploads\/2024\/04\/Tapis-roulant-scaled.webp 1707w\" sizes=\"auto, (max-width: 683px) 100vw, 683px\" \/><\/figure>\n\n<\/div>\n<\/div><\/div>\n\n\n<div style=\"height:100px\" aria-hidden=\"true\" class=\"wp-block-spacer space-responsive\"><\/div>\n\n\n<div  class=\"grids-section grids-is-advanced\" style=\"--_gs-gap-desktop:0px 0px;--_gs-m-desktop:0 0 0 0;--_gs-p-desktop:0 0 0 0;--_gs-bg-desktop:transparent none;--_gs-bg-xp-desktop:0px;--_gs-zi-desktop:auto;--_gs-d-desktop:block;--_gs-mw-desktop:calc(100% - 0 - 0);--_gs-gap-tablet:0px 0px;--_gs-m-tablet:0 0 0 0;--_gs-p-tablet:0 0 0 0;--_gs-bg-tablet:transparent none;--_gs-bg-xp-tablet:0px;--_gs-zi-tablet:auto;--_gs-d-tablet:block;--_gs-mw-tablet:calc(100% - 0 - 0);--_gs-gap-mobile:0px 0px;--_gs-m-mobile:0 0 0 0;--_gs-p-mobile:0 0 0 0;--_gs-bg-mobile:transparent none;--_gs-bg-xp-mobile:0px;--_gs-zi-mobile:auto;--_gs-d-mobile:block;--_gs-mw-mobile:calc(100% - 0 - 0);--_gs-columns:12;--_gs-rows:6\"><div class=\"grids-s-w_i\">\n<div class=\"grids-area section-single-img text\" style=\"--_ga-column:3\/8;--_ga-row:3\/6;--_ga-va:center;--_ga-m-desktop:0 0 0 0;--_ga-p-desktop:0 0 0 0;--_ga-bg-desktop:#f5f5f5 none;--_ga-zi-desktop:auto;--_ga-d-desktop:flex;--_ga-mw-desktop:calc(100% - 0 - 0);--_ga-m-tablet:0 0 0 0;--_ga-p-tablet:0 0 0 0;--_ga-bg-tablet:#f5f5f5 none;--_ga-zi-tablet:auto;--_ga-d-tablet:flex;--_ga-mw-tablet:calc(100% - 0 - 0);--_ga-m-mobile:0 0 0 0;--_ga-p-mobile:0 0 0 0;--_ga-bg-mobile:#f5f5f5 none;--_ga-zi-mobile:auto;--_ga-d-mobile:flex;--_ga-mw-mobile:calc(100% - 0 - 0)\">\n\n<p>Verlassen Sie sich auf die erfahrenen H\u00e4nde unserer Masseuse und die entspannte Atmosph\u00e4re, damit Sie sich w\u00e4hrend Ihres Aufenthaltes rundum wohlf\u00fchlen und entspannen k\u00f6nnen.<\/p>\n\n<\/div>\n\n<div class=\"grids-area section-single-img-photo\" style=\"--_ga-column:7\/11;--_ga-row:4\/5;--_ga-m-desktop:0 0 0 0;--_ga-p-desktop:50px 0 50px 0;--_ga-bg-desktop:transparent none;--_ga-zi-desktop:1;--_ga-d-desktop:flex;--_ga-mw-desktop:calc(100% - 0 - 0);--_ga-m-tablet:0 0 0 0;--_ga-p-tablet:50px 0 50px 0;--_ga-bg-tablet:transparent none;--_ga-zi-tablet:1;--_ga-d-tablet:flex;--_ga-mw-tablet:calc(100% - 0 - 0);--_ga-m-mobile:0 0 0 0;--_ga-p-mobile:50px 0 50px 0;--_ga-bg-mobile:transparent none;--_ga-zi-mobile:1;--_ga-d-mobile:flex;--_ga-mw-mobile:calc(100% - 0 - 0)\">\n\n<figure class=\"wp-block-image size-large img-single\"><img loading=\"lazy\" decoding=\"async\" width=\"1024\" height=\"683\" src=\"https:\/\/www.parigihotel.it\/wp-content\/uploads\/2024\/04\/SALA-MASSAGGI-2--1024x683.webp\" alt=\"\" class=\"wp-image-3494\" srcset=\"https:\/\/www.parigihotel.it\/wp-content\/uploads\/2024\/04\/SALA-MASSAGGI-2--1024x683.webp 1024w, https:\/\/www.parigihotel.it\/wp-content\/uploads\/2024\/04\/SALA-MASSAGGI-2--300x200.webp 300w, https:\/\/www.parigihotel.it\/wp-content\/uploads\/2024\/04\/SALA-MASSAGGI-2--768x512.webp 768w, https:\/\/www.parigihotel.it\/wp-content\/uploads\/2024\/04\/SALA-MASSAGGI-2--1536x1024.webp 1536w, https:\/\/www.parigihotel.it\/wp-content\/uploads\/2024\/04\/SALA-MASSAGGI-2--2048x1365.webp 2048w, https:\/\/www.parigihotel.it\/wp-content\/uploads\/2024\/04\/SALA-MASSAGGI-2--1568x1045.webp 1568w\" sizes=\"auto, (max-width: 1024px) 100vw, 1024px\" \/><\/figure>\n\n<\/div>\n<\/div><\/div>\n\n\n<div style=\"height:100px\" aria-hidden=\"true\" class=\"wp-block-spacer space-responsive\"><\/div>\n\n\n<div  class=\"grids-section grids-is-advanced alignfull\" style=\"--_gs-gap-desktop:0px 0px;--_gs-m-desktop:0 0 0 0;--_gs-p-desktop:0 0 0 0;--_gs-bg-desktop:transparent none;--_gs-bg-xp-desktop:0px;--_gs-zi-desktop:auto;--_gs-d-desktop:block;--_gs-mw-desktop:calc(100% - 0 - 0);--_gs-gap-tablet:0px 0px;--_gs-m-tablet:0 0 0 0;--_gs-p-tablet:0 0 0 0;--_gs-bg-tablet:transparent none;--_gs-bg-xp-tablet:0px;--_gs-zi-tablet:auto;--_gs-d-tablet:block;--_gs-mw-tablet:calc(100% - 0 - 0);--_gs-gap-mobile:0px 0px;--_gs-m-mobile:0 0 0 0;--_gs-p-mobile:0 0 0 0;--_gs-bg-mobile:transparent none;--_gs-bg-xp-mobile:0px;--_gs-zi-mobile:auto;--_gs-d-mobile:block;--_gs-mw-mobile:calc(100% - 0 - 0);--_gs-columns:12;--_gs-rows:6\"><div class=\"grids-s-w_i\">\n<div class=\"grids-area\" style=\"--_ga-column:2\/12;--_ga-row:0\/2;--_ga-m-desktop:0 0 0 0;--_ga-p-desktop:0 0 0 0;--_ga-bg-desktop:transparent none;--_ga-zi-desktop:auto;--_ga-d-desktop:flex;--_ga-mw-desktop:calc(100% - 0 - 0);--_ga-m-tablet:0 0 0 0;--_ga-p-tablet:0 0 0 0;--_ga-bg-tablet:transparent none;--_ga-zi-tablet:auto;--_ga-d-tablet:flex;--_ga-mw-tablet:calc(100% - 0 - 0);--_ga-m-mobile:0 0 0 0;--_ga-p-mobile:0 0 0 0;--_ga-bg-mobile:transparent none;--_ga-zi-mobile:auto;--_ga-d-mobile:flex;--_ga-mw-mobile:calc(100% - 0 - 0)\"><\/div>\n<\/div><\/div>\n\n\n<div style=\"height:100px\" aria-hidden=\"true\" class=\"wp-block-spacer space-responsive\"><\/div>\n","protected":false},"excerpt":{"rendered":"","protected":false},"author":5,"featured_media":1132,"parent":0,"menu_order":0,"comment_status":"closed","ping_status":"closed","template":"","meta":{"_acf_changed":false,"_uag_custom_page_level_css":"","advgb_blocks_editor_width":"","advgb_blocks_columns_visual_guide":"","footnotes":""},"class_list":["post-4295","page","type-page","status-publish","has-post-thumbnail","hentry","entry"],"acf":[],"yoast_head":"<!-- This site is optimized with the Yoast SEO plugin v25.7 - https:\/\/yoast.com\/wordpress\/plugins\/seo\/ -->\n<title>Hotel Parigi | Fitness<\/title>\n<meta name=\"robots\" content=\"index, follow, max-snippet:-1, max-image-preview:large, max-video-preview:-1\" \/>\n<link rel=\"canonical\" href=\"https:\/\/www.parigihotel.it\/de\/fitness\/\" \/>\n<meta property=\"og:locale\" content=\"de_DE\" \/>\n<meta property=\"og:type\" content=\"article\" \/>\n<meta property=\"og:title\" content=\"Hotel Parigi | Fitness\" \/>\n<meta property=\"og:url\" content=\"https:\/\/www.parigihotel.it\/de\/fitness\/\" \/>\n<meta property=\"og:site_name\" content=\"Hotel Parigi\" \/>\n<meta property=\"article:modified_time\" content=\"2024-05-22T08:18:10+00:00\" \/>\n<meta property=\"og:image\" content=\"https:\/\/www.parigihotel.it\/wp-content\/uploads\/2021\/01\/Hotel_Parigi_Bibione_Fitness_Gym.jpg\" \/>\n\t<meta property=\"og:image:width\" content=\"2000\" \/>\n\t<meta property=\"og:image:height\" content=\"1259\" \/>\n\t<meta property=\"og:image:type\" content=\"image\/jpeg\" \/>\n<meta name=\"twitter:card\" content=\"summary_large_image\" \/>\n<meta name=\"twitter:label1\" content=\"Gesch\u00e4tzte Lesezeit\" \/>\n\t<meta name=\"twitter:data1\" content=\"2\u00a0Minuten\" \/>\n<script type=\"application\/ld+json\" class=\"yoast-schema-graph\">{\"@context\":\"https:\/\/schema.org\",\"@graph\":[{\"@type\":\"WebPage\",\"@id\":\"https:\/\/www.parigihotel.it\/de\/fitness\/\",\"url\":\"https:\/\/www.parigihotel.it\/de\/fitness\/\",\"name\":\"Hotel Parigi | Fitness\",\"isPartOf\":{\"@id\":\"https:\/\/www.parigihotel.it\/de\/#website\"},\"primaryImageOfPage\":{\"@id\":\"https:\/\/www.parigihotel.it\/de\/fitness\/#primaryimage\"},\"image\":{\"@id\":\"https:\/\/www.parigihotel.it\/de\/fitness\/#primaryimage\"},\"thumbnailUrl\":\"https:\/\/www.parigihotel.it\/wp-content\/uploads\/2021\/01\/Hotel_Parigi_Bibione_Fitness_Gym.jpg\",\"datePublished\":\"2024-04-15T09:33:01+00:00\",\"dateModified\":\"2024-05-22T08:18:10+00:00\",\"breadcrumb\":{\"@id\":\"https:\/\/www.parigihotel.it\/de\/fitness\/#breadcrumb\"},\"inLanguage\":\"de\",\"potentialAction\":[{\"@type\":\"ReadAction\",\"target\":[\"https:\/\/www.parigihotel.it\/de\/fitness\/\"]}]},{\"@type\":\"ImageObject\",\"inLanguage\":\"de\",\"@id\":\"https:\/\/www.parigihotel.it\/de\/fitness\/#primaryimage\",\"url\":\"https:\/\/www.parigihotel.it\/wp-content\/uploads\/2021\/01\/Hotel_Parigi_Bibione_Fitness_Gym.jpg\",\"contentUrl\":\"https:\/\/www.parigihotel.it\/wp-content\/uploads\/2021\/01\/Hotel_Parigi_Bibione_Fitness_Gym.jpg\",\"width\":2000,\"height\":1259},{\"@type\":\"BreadcrumbList\",\"@id\":\"https:\/\/www.parigihotel.it\/de\/fitness\/#breadcrumb\",\"itemListElement\":[{\"@type\":\"ListItem\",\"position\":1,\"name\":\"Home\",\"item\":\"https:\/\/www.parigihotel.it\/de\/\"},{\"@type\":\"ListItem\",\"position\":2,\"name\":\"Fitness\"}]},{\"@type\":\"WebSite\",\"@id\":\"https:\/\/www.parigihotel.it\/de\/#website\",\"url\":\"https:\/\/www.parigihotel.it\/de\/\",\"name\":\"Hotel Parigi\",\"description\":\"Im zentrum Bibione und in strandn\u00e4he\",\"publisher\":{\"@id\":\"https:\/\/www.parigihotel.it\/de\/#organization\"},\"potentialAction\":[{\"@type\":\"SearchAction\",\"target\":{\"@type\":\"EntryPoint\",\"urlTemplate\":\"https:\/\/www.parigihotel.it\/de\/?s={search_term_string}\"},\"query-input\":{\"@type\":\"PropertyValueSpecification\",\"valueRequired\":true,\"valueName\":\"search_term_string\"}}],\"inLanguage\":\"de\"},{\"@type\":\"Organization\",\"@id\":\"https:\/\/www.parigihotel.it\/de\/#organization\",\"name\":\"Hotel Parigi - Bibione (VE)\",\"url\":\"https:\/\/www.parigihotel.it\/de\/\",\"logo\":{\"@type\":\"ImageObject\",\"inLanguage\":\"de\",\"@id\":\"https:\/\/www.parigihotel.it\/de\/#\/schema\/logo\/image\/\",\"url\":\"https:\/\/parigihotel.it\/wp-content\/uploads\/2021\/01\/logo-footer.png\",\"contentUrl\":\"https:\/\/parigihotel.it\/wp-content\/uploads\/2021\/01\/logo-footer.png\",\"width\":548,\"height\":148,\"caption\":\"Hotel Parigi - Bibione (VE)\"},\"image\":{\"@id\":\"https:\/\/www.parigihotel.it\/de\/#\/schema\/logo\/image\/\"}}]}<\/script>\n<!-- \/ Yoast SEO plugin. -->","yoast_head_json":{"title":"Hotel Parigi | Fitness","robots":{"index":"index","follow":"follow","max-snippet":"max-snippet:-1","max-image-preview":"max-image-preview:large","max-video-preview":"max-video-preview:-1"},"canonical":"https:\/\/www.parigihotel.it\/de\/fitness\/","og_locale":"de_DE","og_type":"article","og_title":"Hotel Parigi | Fitness","og_url":"https:\/\/www.parigihotel.it\/de\/fitness\/","og_site_name":"Hotel Parigi","article_modified_time":"2024-05-22T08:18:10+00:00","og_image":[{"width":2000,"height":1259,"url":"https:\/\/www.parigihotel.it\/wp-content\/uploads\/2021\/01\/Hotel_Parigi_Bibione_Fitness_Gym.jpg","type":"image\/jpeg"}],"twitter_card":"summary_large_image","twitter_misc":{"Gesch\u00e4tzte Lesezeit":"2\u00a0Minuten"},"schema":{"@context":"https:\/\/schema.org","@graph":[{"@type":"WebPage","@id":"https:\/\/www.parigihotel.it\/de\/fitness\/","url":"https:\/\/www.parigihotel.it\/de\/fitness\/","name":"Hotel Parigi | Fitness","isPartOf":{"@id":"https:\/\/www.parigihotel.it\/de\/#website"},"primaryImageOfPage":{"@id":"https:\/\/www.parigihotel.it\/de\/fitness\/#primaryimage"},"image":{"@id":"https:\/\/www.parigihotel.it\/de\/fitness\/#primaryimage"},"thumbnailUrl":"https:\/\/www.parigihotel.it\/wp-content\/uploads\/2021\/01\/Hotel_Parigi_Bibione_Fitness_Gym.jpg","datePublished":"2024-04-15T09:33:01+00:00","dateModified":"2024-05-22T08:18:10+00:00","breadcrumb":{"@id":"https:\/\/www.parigihotel.it\/de\/fitness\/#breadcrumb"},"inLanguage":"de","potentialAction":[{"@type":"ReadAction","target":["https:\/\/www.parigihotel.it\/de\/fitness\/"]}]},{"@type":"ImageObject","inLanguage":"de","@id":"https:\/\/www.parigihotel.it\/de\/fitness\/#primaryimage","url":"https:\/\/www.parigihotel.it\/wp-content\/uploads\/2021\/01\/Hotel_Parigi_Bibione_Fitness_Gym.jpg","contentUrl":"https:\/\/www.parigihotel.it\/wp-content\/uploads\/2021\/01\/Hotel_Parigi_Bibione_Fitness_Gym.jpg","width":2000,"height":1259},{"@type":"BreadcrumbList","@id":"https:\/\/www.parigihotel.it\/de\/fitness\/#breadcrumb","itemListElement":[{"@type":"ListItem","position":1,"name":"Home","item":"https:\/\/www.parigihotel.it\/de\/"},{"@type":"ListItem","position":2,"name":"Fitness"}]},{"@type":"WebSite","@id":"https:\/\/www.parigihotel.it\/de\/#website","url":"https:\/\/www.parigihotel.it\/de\/","name":"Hotel Parigi","description":"Im zentrum Bibione und in strandn\u00e4he","publisher":{"@id":"https:\/\/www.parigihotel.it\/de\/#organization"},"potentialAction":[{"@type":"SearchAction","target":{"@type":"EntryPoint","urlTemplate":"https:\/\/www.parigihotel.it\/de\/?s={search_term_string}"},"query-input":{"@type":"PropertyValueSpecification","valueRequired":true,"valueName":"search_term_string"}}],"inLanguage":"de"},{"@type":"Organization","@id":"https:\/\/www.parigihotel.it\/de\/#organization","name":"Hotel Parigi - Bibione (VE)","url":"https:\/\/www.parigihotel.it\/de\/","logo":{"@type":"ImageObject","inLanguage":"de","@id":"https:\/\/www.parigihotel.it\/de\/#\/schema\/logo\/image\/","url":"https:\/\/parigihotel.it\/wp-content\/uploads\/2021\/01\/logo-footer.png","contentUrl":"https:\/\/parigihotel.it\/wp-content\/uploads\/2021\/01\/logo-footer.png","width":548,"height":148,"caption":"Hotel Parigi - Bibione (VE)"},"image":{"@id":"https:\/\/www.parigihotel.it\/de\/#\/schema\/logo\/image\/"}}]}},"uagb_featured_image_src":{"full":["https:\/\/www.parigihotel.it\/wp-content\/uploads\/2021\/01\/Hotel_Parigi_Bibione_Fitness_Gym.jpg",2000,1259,false],"thumbnail":["https:\/\/www.parigihotel.it\/wp-content\/uploads\/2021\/01\/Hotel_Parigi_Bibione_Fitness_Gym-150x150.jpg",150,150,true],"medium":["https:\/\/www.parigihotel.it\/wp-content\/uploads\/2021\/01\/Hotel_Parigi_Bibione_Fitness_Gym-300x189.jpg",300,189,true],"medium_large":["https:\/\/www.parigihotel.it\/wp-content\/uploads\/2021\/01\/Hotel_Parigi_Bibione_Fitness_Gym-768x483.jpg",750,472,true],"large":["https:\/\/www.parigihotel.it\/wp-content\/uploads\/2021\/01\/Hotel_Parigi_Bibione_Fitness_Gym-1024x645.jpg",750,472,true],"1536x1536":["https:\/\/www.parigihotel.it\/wp-content\/uploads\/2021\/01\/Hotel_Parigi_Bibione_Fitness_Gym-1536x967.jpg",1536,967,true],"2048x2048":["https:\/\/www.parigihotel.it\/wp-content\/uploads\/2021\/01\/Hotel_Parigi_Bibione_Fitness_Gym.jpg",2000,1259,false],"post-thumbnail":["https:\/\/www.parigihotel.it\/wp-content\/uploads\/2021\/01\/Hotel_Parigi_Bibione_Fitness_Gym-1568x987.jpg",1568,987,true]},"uagb_author_info":{"display_name":"marco.oju9g1","author_link":"https:\/\/www.parigihotel.it\/de\/author\/marco-oju9g1\/"},"uagb_comment_info":0,"uagb_excerpt":null,"coauthors":[],"author_meta":{"author_link":"https:\/\/www.parigihotel.it\/de\/author\/marco-oju9g1\/","display_name":"marco.oju9g1"},"relative_dates":{"created":"Posted 2\u00a0Jahren ago","modified":"Updated 2\u00a0Jahren ago"},"absolute_dates":{"created":"Posted on 15 April 2024","modified":"Updated on 22 Mai 2024"},"absolute_dates_time":{"created":"Posted on 15 April 2024 11:33","modified":"Updated on 22 Mai 2024 10:18"},"featured_img_caption":"","featured_img":"https:\/\/www.parigihotel.it\/wp-content\/uploads\/2021\/01\/Hotel_Parigi_Bibione_Fitness_Gym-1568x987.jpg","series_order":"","_links":{"self":[{"href":"https:\/\/www.parigihotel.it\/de\/wp-json\/wp\/v2\/pages\/4295","targetHints":{"allow":["GET"]}}],"collection":[{"href":"https:\/\/www.parigihotel.it\/de\/wp-json\/wp\/v2\/pages"}],"about":[{"href":"https:\/\/www.parigihotel.it\/de\/wp-json\/wp\/v2\/types\/page"}],"author":[{"embeddable":true,"href":"https:\/\/www.parigihotel.it\/de\/wp-json\/wp\/v2\/users\/5"}],"replies":[{"embeddable":true,"href":"https:\/\/www.parigihotel.it\/de\/wp-json\/wp\/v2\/comments?post=4295"}],"version-history":[{"count":9,"href":"https:\/\/www.parigihotel.it\/de\/wp-json\/wp\/v2\/pages\/4295\/revisions"}],"predecessor-version":[{"id":4570,"href":"https:\/\/www.parigihotel.it\/de\/wp-json\/wp\/v2\/pages\/4295\/revisions\/4570"}],"wp:featuredmedia":[{"embeddable":true,"href":"https:\/\/www.parigihotel.it\/de\/wp-json\/wp\/v2\/media\/1132"}],"wp:attachment":[{"href":"https:\/\/www.parigihotel.it\/de\/wp-json\/wp\/v2\/media?parent=4295"}],"curies":[{"name":"wp","href":"https:\/\/api.w.org\/{rel}","templated":true}]}}