{"id":937,"date":"2021-01-28T11:32:11","date_gmt":"2021-01-28T10:32:11","guid":{"rendered":"https:\/\/parigi.promoservicebeta.com\/escursioni-da-bibione\/"},"modified":"2024-05-22T10:17:14","modified_gmt":"2024-05-22T08:17:14","slug":"ausfluge-von-bibione-old","status":"publish","type":"page","link":"https:\/\/www.parigihotel.it\/de\/ausfluge-von-bibione-old\/","title":{"rendered":"Ausfl\u00fcge in der Umgebung von Bibione old"},"content":{"rendered":"<div  class=\"grids-section grids-is-advanced alignfull\" style=\"--_gs-gap-desktop:0px 0px;--_gs-m-desktop:0 0 0 0;--_gs-p-desktop:0 0 0 0;--_gs-bg-desktop:transparent none;--_gs-bg-xp-desktop:0px;--_gs-zi-desktop:auto;--_gs-d-desktop:block;--_gs-mw-desktop:calc(100% - 0 - 0);--_gs-gap-tablet:0px 0px;--_gs-m-tablet:0 0 0 0;--_gs-p-tablet:0 0 0 0;--_gs-bg-tablet:transparent none;--_gs-bg-xp-tablet:0px;--_gs-zi-tablet:auto;--_gs-d-tablet:block;--_gs-mw-tablet:calc(100% - 0 - 0);--_gs-gap-mobile:0px 0px;--_gs-m-mobile:0 0 0 0;--_gs-p-mobile:0 10px 0 10px;--_gs-bg-mobile:transparent none;--_gs-bg-xp-mobile:0px;--_gs-zi-mobile:auto;--_gs-d-mobile:block;--_gs-mw-mobile:calc(100% - 0 - 0);--_gs-columns:12;--_gs-rows:6\"><div class=\"grids-s-w_i\">\n<div class=\"grids-area\" style=\"--_ga-column:2\/7;--_ga-row:1\/2;--_ga-m-desktop:40px 0 0 0;--_ga-p-desktop:0 0 0 0;--_ga-bg-desktop:transparent none;--_ga-zi-desktop:auto;--_ga-d-desktop:flex;--_ga-mw-desktop:calc(100% - 0 - 0);--_ga-m-tablet:40px 0 0 0;--_ga-p-tablet:0 0 0 0;--_ga-bg-tablet:transparent none;--_ga-zi-tablet:auto;--_ga-d-tablet:flex;--_ga-mw-tablet:calc(100% - 0 - 0);--_ga-m-mobile:40px 0 0 0;--_ga-p-mobile:0 0 0 0;--_ga-bg-mobile:transparent none;--_ga-zi-mobile:auto;--_ga-d-mobile:flex;--_ga-mw-mobile:calc(100% - 0 - 0)\">\n\n<h2 class=\"wp-block-heading\">Zeitreise<\/h2>\n\n<\/div>\n\n<div class=\"grids-area\" style=\"--_ga-column:2\/7;--_ga-row:2\/3;--_ga-m-desktop:0 0 0 0;--_ga-p-desktop:0 20px 0 0;--_ga-bg-desktop:transparent none;--_ga-zi-desktop:auto;--_ga-d-desktop:flex;--_ga-mw-desktop:calc(100% - 0 - 0);--_ga-m-tablet:0 0 0 0;--_ga-p-tablet:0 20px 0 0;--_ga-bg-tablet:transparent none;--_ga-zi-tablet:auto;--_ga-d-tablet:flex;--_ga-mw-tablet:calc(100% - 0 - 0);--_ga-m-mobile:0 0 0 0;--_ga-p-mobile:0 0px 0 0;--_ga-bg-mobile:transparent none;--_ga-zi-mobile:auto;--_ga-d-mobile:flex;--_ga-mw-mobile:calc(100% - 0 - 0)\">\n\n<p>An einem klaren Tag, wenn der Bora-Wind bl\u00e4st, oder nach einem Sommersturm, kann man vom obersten Stock des Hotel Parigi einen herrlichen Ausblick genie\u00dfen. Sie erblicken die Gipfelspitzen der Dolomiten und der Friulanischen Alpen, mit der Adria im Hintergrund. Das Schauspiel einer ruhmreichen Geschichte, wo jeder Stein, jede kleine Kirche, jeder H\u00fcgel und jede Insel wertvolle Erinnerungen einer gro\u00dfen Vergangenheit bewahrt.<\/p>\n\n\n\n<p>Nur wenige Kilometer von Bibione entfernt, befinden sich die Ausgrabungen von Aquileia. Diese Stadt stellt eine \u00a0wichtige kommerzielle und politische Entwicklung des Christentums des R\u00f6mischen Reiches dar. Im Norden befindet\u00a0 sich Cividale, der Grundstein der Lombardo Herrschaft in Italien. Entlang der K\u00fcste, tragen die St\u00e4dte von Grado, Marano und Caorle die Spuren der V\u00f6lkerwanderung, der Flucht der Bewohner, der reichen H\u00e4ndler mit dem Osten und der Pracht der Republik von Venedig.<\/p>\n\n<\/div>\n\n<div class=\"grids-area\" style=\"--_ga-column:7\/12;--_ga-row:2\/3;--_ga-m-desktop:0 0 0 0;--_ga-p-desktop:0 0 0 20px;--_ga-bg-desktop:transparent none;--_ga-zi-desktop:auto;--_ga-d-desktop:flex;--_ga-mw-desktop:calc(100% - 0 - 0);--_ga-m-tablet:0 0 0 0;--_ga-p-tablet:0 0 0 20px;--_ga-bg-tablet:transparent none;--_ga-zi-tablet:auto;--_ga-d-tablet:flex;--_ga-mw-tablet:calc(100% - 0 - 0);--_ga-m-mobile:0 0 0 0;--_ga-p-mobile:0 0 0 0px;--_ga-bg-mobile:transparent none;--_ga-zi-mobile:auto;--_ga-d-mobile:flex;--_ga-mw-mobile:calc(100% - 0 - 0)\">\n\n<p>\u00dcber die Grossst\u00e4dte (Venedig, Triest, Treviso und Verona) hinaus k\u00f6nnen wir Ihnen andere Orte mit interessanter Geschichte empfehlen, die normalerweise den Touristen nicht bekannt sind. Es wird uns eine Freude sein, Ihnen unvergessliche Ausfl\u00fcge in der N\u00e4he von Bibione vorzuschlagen. Informationsmaterial und allgemeine Informationen sind in unserer Rezeption erh\u00e4ltlich.<\/p>\n\n<\/div>\n<\/div><\/div>\n\n<div  class=\"grids-section grids-is-advanced alignfull\" style=\"--_gs-gap-desktop:0px 0px;--_gs-m-desktop:0 0 0 0;--_gs-p-desktop:0 0 0 0;--_gs-bg-desktop:transparent none;--_gs-bg-xp-desktop:0px;--_gs-zi-desktop:auto;--_gs-d-desktop:block;--_gs-mw-desktop:calc(100% - 0 - 0);--_gs-gap-tablet:0px 0px;--_gs-m-tablet:0 0 0 0;--_gs-p-tablet:0 0 0 0;--_gs-bg-tablet:transparent none;--_gs-bg-xp-tablet:0px;--_gs-zi-tablet:auto;--_gs-d-tablet:block;--_gs-mw-tablet:calc(100% - 0 - 0);--_gs-gap-mobile:0px 0px;--_gs-m-mobile:0 0 0 0;--_gs-p-mobile:0 10px 0 10px;--_gs-bg-mobile:transparent none;--_gs-bg-xp-mobile:0px;--_gs-zi-mobile:auto;--_gs-d-mobile:block;--_gs-mw-mobile:calc(100% - 0 - 0);--_gs-columns:12;--_gs-rows:6\"><div class=\"grids-s-w_i\">\n<div class=\"grids-area\" style=\"--_ga-column:2\/12;--_ga-row:1\/2;--_ga-m-desktop:0 0 0 0;--_ga-p-desktop:0 0 0 0;--_ga-bg-desktop:transparent none;--_ga-zi-desktop:auto;--_ga-d-desktop:flex;--_ga-mw-desktop:calc(100% - 0 - 0);--_ga-m-tablet:0 0 0 0;--_ga-p-tablet:0 0 0 0;--_ga-bg-tablet:transparent none;--_ga-zi-tablet:auto;--_ga-d-tablet:flex;--_ga-mw-tablet:calc(100% - 0 - 0);--_ga-m-mobile:0 0 0 0;--_ga-p-mobile:0 0 0 0;--_ga-bg-mobile:transparent none;--_ga-zi-mobile:auto;--_ga-d-mobile:flex;--_ga-mw-mobile:calc(100% - 0 - 0)\">\n\n<div class=\"excursions-list-container\">\n\t\t\t\t\t<div class=\"excursions-list-container-single\">\n\t\t\t\t<a href=\"https:\/\/www.parigihotel.it\/de\/excursions\/villa-manin\/\" title=\"Villa Manin\">\n\t\t\t\t\t<div class=\"excursions-list-container-single-img\" style=\"background-image: url(https:\/\/www.parigihotel.it\/wp-content\/uploads\/2021\/01\/Villa-Manin-P04.jpg)\">\n\t\t\t\t\t<\/div>\n\t\t\t\t<\/a>\n\t\t\t\t\n\t\t\t\t<a href=\"https:\/\/www.parigihotel.it\/de\/excursions\/villa-manin\/\" title=\"Villa Manin\">\n\t\t\t\t\t<h3>Villa Manin<\/h3>\n\t\t\t\t<\/a>\n\t\t\t\t\n\t\t\t\t<div class=\"excursions-list-container-single-short-description\">\n\t\t\t\t\t<p>Einen Besuch ist die herrliche Villa Manin, die Sommerresidenz des letzten venezianischen Dogen, unbedingt wert: Sch\u00f6nheit, Geschichte und architektonische Vollkommenheit sind in dieser im 17. Jh. erbauten Adelsvilla vereint, die ein reizvoller Park mit B\u00e4umen aus aller Welt schm\u00fcckt.<\/p>\n\t\t\t\t<\/div>\n\t\t\t\t\n\t\t\t\t<a href=\"https:\/\/www.parigihotel.it\/de\/excursions\/villa-manin\/\" title=\"Villa Manin\" class=\"btn excursions-list-container-single-button\">\n\t\t\t\t\tEntdecken\t\t\t\t<\/a>\n\t\t\t<\/div>\n\t\t\t\t\t\t<div class=\"excursions-list-container-single\">\n\t\t\t\t<a href=\"https:\/\/www.parigihotel.it\/de\/excursions\/concordia-sagittaria\/\" title=\"Concordia Sagittaria\">\n\t\t\t\t\t<div class=\"excursions-list-container-single-img\" style=\"background-image: url(https:\/\/www.parigihotel.it\/wp-content\/uploads\/2021\/01\/concordia-sagittaria-4.jpg)\">\n\t\t\t\t\t<\/div>\n\t\t\t\t<\/a>\n\t\t\t\t\n\t\t\t\t<a href=\"https:\/\/www.parigihotel.it\/de\/excursions\/concordia-sagittaria\/\" title=\"Concordia Sagittaria\">\n\t\t\t\t\t<h3>Concordia Sagittaria<\/h3>\n\t\t\t\t<\/a>\n\t\t\t\t\n\t\t\t\t<div class=\"excursions-list-container-single-short-description\">\n\t\t\t\t\t<p>Concordia Sagittaria ist eine Gemeinde in der italienischen Provinz Venedig. Sie liegt am Fluss Lemene unmittelbar s\u00fcdlich der Stadt Portogruaro und etwa 80 km nord\u00f6stlich von Venedig. Concordia ist katholischer Bischofssitz.<\/p>\n\t\t\t\t<\/div>\n\t\t\t\t\n\t\t\t\t<a href=\"https:\/\/www.parigihotel.it\/de\/excursions\/concordia-sagittaria\/\" title=\"Concordia Sagittaria\" class=\"btn excursions-list-container-single-button\">\n\t\t\t\t\tEntdecken\t\t\t\t<\/a>\n\t\t\t<\/div>\n\t\t\t\t\t\t<div class=\"excursions-list-container-single\">\n\t\t\t\t<a href=\"https:\/\/www.parigihotel.it\/de\/excursions\/sesto-al-reghena\/\" title=\"Sesto al Reghena\">\n\t\t\t\t\t<div class=\"excursions-list-container-single-img\" style=\"background-image: url(https:\/\/www.parigihotel.it\/wp-content\/uploads\/2021\/01\/Sesto_al_reghena_01.jpg)\">\n\t\t\t\t\t<\/div>\n\t\t\t\t<\/a>\n\t\t\t\t\n\t\t\t\t<a href=\"https:\/\/www.parigihotel.it\/de\/excursions\/sesto-al-reghena\/\" title=\"Sesto al Reghena\">\n\t\t\t\t\t<h3>Sesto al Reghena<\/h3>\n\t\t\t\t<\/a>\n\t\t\t\t\n\t\t\t\t<div class=\"excursions-list-container-single-short-description\">\n\t\t\t\t\t<p>Die Gemeinde Sesto al Reghena liegt in Nordost-Italien in der Region Friaul-Julisch Venetien, s\u00fcdlich von Pordenone in der venezianischen Tiefebene.<\/p>\n\t\t\t\t<\/div>\n\t\t\t\t\n\t\t\t\t<a href=\"https:\/\/www.parigihotel.it\/de\/excursions\/sesto-al-reghena\/\" title=\"Sesto al Reghena\" class=\"btn excursions-list-container-single-button\">\n\t\t\t\t\tEntdecken\t\t\t\t<\/a>\n\t\t\t<\/div>\n\t\t\t\t\t\t<div class=\"excursions-list-container-single\">\n\t\t\t\t<a href=\"https:\/\/www.parigihotel.it\/de\/excursions\/portogruaro\/\" title=\"Portogruaro\">\n\t\t\t\t\t<div class=\"excursions-list-container-single-img\" style=\"background-image: url(https:\/\/www.parigihotel.it\/wp-content\/uploads\/2021\/01\/cover_portogruaro-1.jpg)\">\n\t\t\t\t\t<\/div>\n\t\t\t\t<\/a>\n\t\t\t\t\n\t\t\t\t<a href=\"https:\/\/www.parigihotel.it\/de\/excursions\/portogruaro\/\" title=\"Portogruaro\">\n\t\t\t\t\t<h3>Portogruaro<\/h3>\n\t\t\t\t<\/a>\n\t\t\t\t\n\t\t\t\t<div class=\"excursions-list-container-single-short-description\">\n\t\t\t\t\t<p>Portogruaro ist eine Stadt der Kunst, die zwischen Mittelalter und Renaissance schwebt, Hauptstadt des \u00f6stlichen Venetiens und nahe gelegen an einer Vielzahl historisch-kulturellen, landschaftlich interessanten und endogastronomisch wertvollen Reiserouten ist.<\/p>\n\t\t\t\t<\/div>\n\t\t\t\t\n\t\t\t\t<a href=\"https:\/\/www.parigihotel.it\/de\/excursions\/portogruaro\/\" title=\"Portogruaro\" class=\"btn excursions-list-container-single-button\">\n\t\t\t\t\tEntdecken\t\t\t\t<\/a>\n\t\t\t<\/div>\n\t\t\t\t\t\t<div class=\"excursions-list-container-single\">\n\t\t\t\t<a href=\"https:\/\/www.parigihotel.it\/de\/excursions\/trieste\/\" title=\"Trieste\">\n\t\t\t\t\t<div class=\"excursions-list-container-single-img\" style=\"background-image: url(https:\/\/www.parigihotel.it\/wp-content\/uploads\/2021\/01\/cover-piazza-Repubblica-Trieste-2.jpg)\">\n\t\t\t\t\t<\/div>\n\t\t\t\t<\/a>\n\t\t\t\t\n\t\t\t\t<a href=\"https:\/\/www.parigihotel.it\/de\/excursions\/trieste\/\" title=\"Trieste\">\n\t\t\t\t\t<h3>Trieste<\/h3>\n\t\t\t\t<\/a>\n\t\t\t\t\n\t\t\t\t<div class=\"excursions-list-container-single-short-description\">\n\t\t\t\t\t<p>Triest war von 1382 bis 1919, mit kurzen Unterbrechungen, unter habsburgisch-\u00f6sterreichischer Herrschaft und diese 500 Jahre haben im Stadtbild ihre Spuren hinterlassen.<\/p>\n\t\t\t\t<\/div>\n\t\t\t\t\n\t\t\t\t<a href=\"https:\/\/www.parigihotel.it\/de\/excursions\/trieste\/\" title=\"Trieste\" class=\"btn excursions-list-container-single-button\">\n\t\t\t\t\tEntdecken\t\t\t\t<\/a>\n\t\t\t<\/div>\n\t\t\t\t\t\t<div class=\"excursions-list-container-single\">\n\t\t\t\t<a href=\"https:\/\/www.parigihotel.it\/de\/excursions\/padova\/\" title=\"Padova\">\n\t\t\t\t\t<div class=\"excursions-list-container-single-img\" style=\"background-image: url(https:\/\/www.parigihotel.it\/wp-content\/uploads\/2021\/01\/Padova_cover.jpg)\">\n\t\t\t\t\t<\/div>\n\t\t\t\t<\/a>\n\t\t\t\t\n\t\t\t\t<a href=\"https:\/\/www.parigihotel.it\/de\/excursions\/padova\/\" title=\"Padova\">\n\t\t\t\t\t<h3>Padova<\/h3>\n\t\t\t\t<\/a>\n\t\t\t\t\n\t\t\t\t<div class=\"excursions-list-container-single-short-description\">\n\t\t\t\t\t<p>Wenn Sie sie noch nicht kennen, sollten Sie diese stolze und reiche Stadt in der N\u00e4he von Venedig auf Ihrer n\u00e4chsten Italienreise auf jeden Fall einplanen. Sie werden es nicht bereuen.<\/p>\n\t\t\t\t<\/div>\n\t\t\t\t\n\t\t\t\t<a href=\"https:\/\/www.parigihotel.it\/de\/excursions\/padova\/\" title=\"Padova\" class=\"btn excursions-list-container-single-button\">\n\t\t\t\t\tEntdecken\t\t\t\t<\/a>\n\t\t\t<\/div>\n\t\t\t\t\t\t<div class=\"excursions-list-container-single\">\n\t\t\t\t<a href=\"https:\/\/www.parigihotel.it\/de\/excursions\/venezia\/\" title=\"Venedig\">\n\t\t\t\t\t<div class=\"excursions-list-container-single-img\" style=\"background-image: url(https:\/\/www.parigihotel.it\/wp-content\/uploads\/2021\/01\/venezia.jpg)\">\n\t\t\t\t\t<\/div>\n\t\t\t\t<\/a>\n\t\t\t\t\n\t\t\t\t<a href=\"https:\/\/www.parigihotel.it\/de\/excursions\/venezia\/\" title=\"Venedig\">\n\t\t\t\t\t<h3>Venedig<\/h3>\n\t\t\t\t<\/a>\n\t\t\t\t\n\t\t\t\t<div class=\"excursions-list-container-single-short-description\">\n\t\t\t\t\t<p>Venedig ist eine Stadt an der Adria im Nordosten Italiens. Sie ist die Hauptstadt der Region Venetien und der Provinz Venedig.<\/p>\n\t\t\t\t<\/div>\n\t\t\t\t\n\t\t\t\t<a href=\"https:\/\/www.parigihotel.it\/de\/excursions\/venezia\/\" title=\"Venedig\" class=\"btn excursions-list-container-single-button\">\n\t\t\t\t\tEntdecken\t\t\t\t<\/a>\n\t\t\t<\/div>\n\t\t\t\t\t\t<div class=\"excursions-list-container-single\">\n\t\t\t\t<a href=\"https:\/\/www.parigihotel.it\/de\/excursions\/verona\/\" title=\"Verona\">\n\t\t\t\t\t<div class=\"excursions-list-container-single-img\" style=\"background-image: url(https:\/\/www.parigihotel.it\/wp-content\/uploads\/2021\/01\/Verona_Arena.jpg)\">\n\t\t\t\t\t<\/div>\n\t\t\t\t<\/a>\n\t\t\t\t\n\t\t\t\t<a href=\"https:\/\/www.parigihotel.it\/de\/excursions\/verona\/\" title=\"Verona\">\n\t\t\t\t\t<h3>Verona<\/h3>\n\t\t\t\t<\/a>\n\t\t\t\t\n\t\t\t\t<div class=\"excursions-list-container-single-short-description\">\n\t\t\t\t\t<p>Jeder weiss es, Verona ist die Stadt von Romeo und Julia&#8230;<\/p>\n\t\t\t\t<\/div>\n\t\t\t\t\n\t\t\t\t<a href=\"https:\/\/www.parigihotel.it\/de\/excursions\/verona\/\" title=\"Verona\" class=\"btn excursions-list-container-single-button\">\n\t\t\t\t\tEntdecken\t\t\t\t<\/a>\n\t\t\t<\/div>\n\t\t\t<\/div>\n\n\n\n<\/div>\n<\/div><\/div>","protected":false},"excerpt":{"rendered":"","protected":false},"author":1,"featured_media":894,"parent":0,"menu_order":0,"comment_status":"closed","ping_status":"closed","template":"","meta":{"_acf_changed":false,"_uag_custom_page_level_css":"","advgb_blocks_editor_width":"","advgb_blocks_columns_visual_guide":"","footnotes":""},"class_list":["post-937","page","type-page","status-publish","has-post-thumbnail","hentry","entry"],"acf":[],"yoast_head":"<!-- This site is optimized with the Yoast SEO plugin v25.7 - https:\/\/yoast.com\/wordpress\/plugins\/seo\/ -->\n<title>Hotel Parigi | Ausfl\u00fcge in der Umgebung von Bibione old<\/title>\n<meta name=\"description\" content=\"Der Strand von Bibione ist ein sehr guter Ausgangspunkt f\u00fcr Tagesausfl\u00fcge zu gro\u00dfen Kunstst\u00e4dten und kleinen D\u00f6rfern, die wunderbaren Sch\u00e4tze verstecken.\" \/>\n<meta name=\"robots\" content=\"index, follow, max-snippet:-1, max-image-preview:large, max-video-preview:-1\" \/>\n<link rel=\"canonical\" href=\"https:\/\/www.parigihotel.it\/de\/ausfluge-von-bibione-old\/\" \/>\n<meta property=\"og:locale\" content=\"de_DE\" \/>\n<meta property=\"og:type\" content=\"article\" \/>\n<meta property=\"og:title\" content=\"Hotel Parigi | Ausfl\u00fcge in der Umgebung von Bibione old\" \/>\n<meta property=\"og:description\" content=\"Der Strand von Bibione ist ein sehr guter Ausgangspunkt f\u00fcr Tagesausfl\u00fcge zu gro\u00dfen Kunstst\u00e4dten und kleinen D\u00f6rfern, die wunderbaren Sch\u00e4tze verstecken.\" \/>\n<meta property=\"og:url\" content=\"https:\/\/www.parigihotel.it\/de\/ausfluge-von-bibione-old\/\" \/>\n<meta property=\"og:site_name\" content=\"Hotel Parigi\" \/>\n<meta property=\"article:modified_time\" content=\"2024-05-22T08:17:14+00:00\" \/>\n<meta property=\"og:image\" content=\"https:\/\/www.parigihotel.it\/wp-content\/uploads\/2021\/01\/Hotel_parigi_Escursioni_da_bibione_cover.jpg\" \/>\n\t<meta property=\"og:image:width\" content=\"2000\" \/>\n\t<meta property=\"og:image:height\" content=\"1163\" \/>\n\t<meta property=\"og:image:type\" content=\"image\/jpeg\" \/>\n<meta name=\"twitter:card\" content=\"summary_large_image\" \/>\n<meta name=\"twitter:label1\" content=\"Gesch\u00e4tzte Lesezeit\" \/>\n\t<meta name=\"twitter:data1\" content=\"1\u00a0Minute\" \/>\n<script type=\"application\/ld+json\" class=\"yoast-schema-graph\">{\"@context\":\"https:\/\/schema.org\",\"@graph\":[{\"@type\":\"WebPage\",\"@id\":\"https:\/\/www.parigihotel.it\/de\/ausfluge-von-bibione-old\/\",\"url\":\"https:\/\/www.parigihotel.it\/de\/ausfluge-von-bibione-old\/\",\"name\":\"Hotel Parigi | Ausfl\u00fcge in der Umgebung von Bibione old\",\"isPartOf\":{\"@id\":\"https:\/\/www.parigihotel.it\/de\/#website\"},\"primaryImageOfPage\":{\"@id\":\"https:\/\/www.parigihotel.it\/de\/ausfluge-von-bibione-old\/#primaryimage\"},\"image\":{\"@id\":\"https:\/\/www.parigihotel.it\/de\/ausfluge-von-bibione-old\/#primaryimage\"},\"thumbnailUrl\":\"https:\/\/www.parigihotel.it\/wp-content\/uploads\/2021\/01\/Hotel_parigi_Escursioni_da_bibione_cover.jpg\",\"datePublished\":\"2021-01-28T10:32:11+00:00\",\"dateModified\":\"2024-05-22T08:17:14+00:00\",\"description\":\"Der Strand von Bibione ist ein sehr guter Ausgangspunkt f\u00fcr Tagesausfl\u00fcge zu gro\u00dfen Kunstst\u00e4dten und kleinen D\u00f6rfern, die wunderbaren Sch\u00e4tze verstecken.\",\"breadcrumb\":{\"@id\":\"https:\/\/www.parigihotel.it\/de\/ausfluge-von-bibione-old\/#breadcrumb\"},\"inLanguage\":\"de\",\"potentialAction\":[{\"@type\":\"ReadAction\",\"target\":[\"https:\/\/www.parigihotel.it\/de\/ausfluge-von-bibione-old\/\"]}]},{\"@type\":\"ImageObject\",\"inLanguage\":\"de\",\"@id\":\"https:\/\/www.parigihotel.it\/de\/ausfluge-von-bibione-old\/#primaryimage\",\"url\":\"https:\/\/www.parigihotel.it\/wp-content\/uploads\/2021\/01\/Hotel_parigi_Escursioni_da_bibione_cover.jpg\",\"contentUrl\":\"https:\/\/www.parigihotel.it\/wp-content\/uploads\/2021\/01\/Hotel_parigi_Escursioni_da_bibione_cover.jpg\",\"width\":2000,\"height\":1163},{\"@type\":\"BreadcrumbList\",\"@id\":\"https:\/\/www.parigihotel.it\/de\/ausfluge-von-bibione-old\/#breadcrumb\",\"itemListElement\":[{\"@type\":\"ListItem\",\"position\":1,\"name\":\"Home\",\"item\":\"https:\/\/www.parigihotel.it\/de\/\"},{\"@type\":\"ListItem\",\"position\":2,\"name\":\"Ausfl\u00fcge in der Umgebung von Bibione old\"}]},{\"@type\":\"WebSite\",\"@id\":\"https:\/\/www.parigihotel.it\/de\/#website\",\"url\":\"https:\/\/www.parigihotel.it\/de\/\",\"name\":\"Hotel Parigi\",\"description\":\"Im zentrum Bibione und in strandn\u00e4he\",\"publisher\":{\"@id\":\"https:\/\/www.parigihotel.it\/de\/#organization\"},\"potentialAction\":[{\"@type\":\"SearchAction\",\"target\":{\"@type\":\"EntryPoint\",\"urlTemplate\":\"https:\/\/www.parigihotel.it\/de\/?s={search_term_string}\"},\"query-input\":{\"@type\":\"PropertyValueSpecification\",\"valueRequired\":true,\"valueName\":\"search_term_string\"}}],\"inLanguage\":\"de\"},{\"@type\":\"Organization\",\"@id\":\"https:\/\/www.parigihotel.it\/de\/#organization\",\"name\":\"Hotel Parigi - Bibione (VE)\",\"url\":\"https:\/\/www.parigihotel.it\/de\/\",\"logo\":{\"@type\":\"ImageObject\",\"inLanguage\":\"de\",\"@id\":\"https:\/\/www.parigihotel.it\/de\/#\/schema\/logo\/image\/\",\"url\":\"https:\/\/parigihotel.it\/wp-content\/uploads\/2021\/01\/logo-footer.png\",\"contentUrl\":\"https:\/\/parigihotel.it\/wp-content\/uploads\/2021\/01\/logo-footer.png\",\"width\":548,\"height\":148,\"caption\":\"Hotel Parigi - Bibione (VE)\"},\"image\":{\"@id\":\"https:\/\/www.parigihotel.it\/de\/#\/schema\/logo\/image\/\"}}]}<\/script>\n<!-- \/ Yoast SEO plugin. -->","yoast_head_json":{"title":"Hotel Parigi | Ausfl\u00fcge in der Umgebung von Bibione old","description":"Der Strand von Bibione ist ein sehr guter Ausgangspunkt f\u00fcr Tagesausfl\u00fcge zu gro\u00dfen Kunstst\u00e4dten und kleinen D\u00f6rfern, die wunderbaren Sch\u00e4tze verstecken.","robots":{"index":"index","follow":"follow","max-snippet":"max-snippet:-1","max-image-preview":"max-image-preview:large","max-video-preview":"max-video-preview:-1"},"canonical":"https:\/\/www.parigihotel.it\/de\/ausfluge-von-bibione-old\/","og_locale":"de_DE","og_type":"article","og_title":"Hotel Parigi | Ausfl\u00fcge in der Umgebung von Bibione old","og_description":"Der Strand von Bibione ist ein sehr guter Ausgangspunkt f\u00fcr Tagesausfl\u00fcge zu gro\u00dfen Kunstst\u00e4dten und kleinen D\u00f6rfern, die wunderbaren Sch\u00e4tze verstecken.","og_url":"https:\/\/www.parigihotel.it\/de\/ausfluge-von-bibione-old\/","og_site_name":"Hotel Parigi","article_modified_time":"2024-05-22T08:17:14+00:00","og_image":[{"width":2000,"height":1163,"url":"https:\/\/www.parigihotel.it\/wp-content\/uploads\/2021\/01\/Hotel_parigi_Escursioni_da_bibione_cover.jpg","type":"image\/jpeg"}],"twitter_card":"summary_large_image","twitter_misc":{"Gesch\u00e4tzte Lesezeit":"1\u00a0Minute"},"schema":{"@context":"https:\/\/schema.org","@graph":[{"@type":"WebPage","@id":"https:\/\/www.parigihotel.it\/de\/ausfluge-von-bibione-old\/","url":"https:\/\/www.parigihotel.it\/de\/ausfluge-von-bibione-old\/","name":"Hotel Parigi | Ausfl\u00fcge in der Umgebung von Bibione old","isPartOf":{"@id":"https:\/\/www.parigihotel.it\/de\/#website"},"primaryImageOfPage":{"@id":"https:\/\/www.parigihotel.it\/de\/ausfluge-von-bibione-old\/#primaryimage"},"image":{"@id":"https:\/\/www.parigihotel.it\/de\/ausfluge-von-bibione-old\/#primaryimage"},"thumbnailUrl":"https:\/\/www.parigihotel.it\/wp-content\/uploads\/2021\/01\/Hotel_parigi_Escursioni_da_bibione_cover.jpg","datePublished":"2021-01-28T10:32:11+00:00","dateModified":"2024-05-22T08:17:14+00:00","description":"Der Strand von Bibione ist ein sehr guter Ausgangspunkt f\u00fcr Tagesausfl\u00fcge zu gro\u00dfen Kunstst\u00e4dten und kleinen D\u00f6rfern, die wunderbaren Sch\u00e4tze verstecken.","breadcrumb":{"@id":"https:\/\/www.parigihotel.it\/de\/ausfluge-von-bibione-old\/#breadcrumb"},"inLanguage":"de","potentialAction":[{"@type":"ReadAction","target":["https:\/\/www.parigihotel.it\/de\/ausfluge-von-bibione-old\/"]}]},{"@type":"ImageObject","inLanguage":"de","@id":"https:\/\/www.parigihotel.it\/de\/ausfluge-von-bibione-old\/#primaryimage","url":"https:\/\/www.parigihotel.it\/wp-content\/uploads\/2021\/01\/Hotel_parigi_Escursioni_da_bibione_cover.jpg","contentUrl":"https:\/\/www.parigihotel.it\/wp-content\/uploads\/2021\/01\/Hotel_parigi_Escursioni_da_bibione_cover.jpg","width":2000,"height":1163},{"@type":"BreadcrumbList","@id":"https:\/\/www.parigihotel.it\/de\/ausfluge-von-bibione-old\/#breadcrumb","itemListElement":[{"@type":"ListItem","position":1,"name":"Home","item":"https:\/\/www.parigihotel.it\/de\/"},{"@type":"ListItem","position":2,"name":"Ausfl\u00fcge in der Umgebung von Bibione old"}]},{"@type":"WebSite","@id":"https:\/\/www.parigihotel.it\/de\/#website","url":"https:\/\/www.parigihotel.it\/de\/","name":"Hotel Parigi","description":"Im zentrum Bibione und in strandn\u00e4he","publisher":{"@id":"https:\/\/www.parigihotel.it\/de\/#organization"},"potentialAction":[{"@type":"SearchAction","target":{"@type":"EntryPoint","urlTemplate":"https:\/\/www.parigihotel.it\/de\/?s={search_term_string}"},"query-input":{"@type":"PropertyValueSpecification","valueRequired":true,"valueName":"search_term_string"}}],"inLanguage":"de"},{"@type":"Organization","@id":"https:\/\/www.parigihotel.it\/de\/#organization","name":"Hotel Parigi - Bibione (VE)","url":"https:\/\/www.parigihotel.it\/de\/","logo":{"@type":"ImageObject","inLanguage":"de","@id":"https:\/\/www.parigihotel.it\/de\/#\/schema\/logo\/image\/","url":"https:\/\/parigihotel.it\/wp-content\/uploads\/2021\/01\/logo-footer.png","contentUrl":"https:\/\/parigihotel.it\/wp-content\/uploads\/2021\/01\/logo-footer.png","width":548,"height":148,"caption":"Hotel Parigi - Bibione (VE)"},"image":{"@id":"https:\/\/www.parigihotel.it\/de\/#\/schema\/logo\/image\/"}}]}},"uagb_featured_image_src":{"full":["https:\/\/www.parigihotel.it\/wp-content\/uploads\/2021\/01\/Hotel_parigi_Escursioni_da_bibione_cover.jpg",2000,1163,false],"thumbnail":["https:\/\/www.parigihotel.it\/wp-content\/uploads\/2021\/01\/Hotel_parigi_Escursioni_da_bibione_cover-150x150.jpg",150,150,true],"medium":["https:\/\/www.parigihotel.it\/wp-content\/uploads\/2021\/01\/Hotel_parigi_Escursioni_da_bibione_cover-300x174.jpg",300,174,true],"medium_large":["https:\/\/www.parigihotel.it\/wp-content\/uploads\/2021\/01\/Hotel_parigi_Escursioni_da_bibione_cover-768x447.jpg",750,437,true],"large":["https:\/\/www.parigihotel.it\/wp-content\/uploads\/2021\/01\/Hotel_parigi_Escursioni_da_bibione_cover-1024x595.jpg",750,436,true],"1536x1536":["https:\/\/www.parigihotel.it\/wp-content\/uploads\/2021\/01\/Hotel_parigi_Escursioni_da_bibione_cover-1536x893.jpg",1536,893,true],"2048x2048":["https:\/\/www.parigihotel.it\/wp-content\/uploads\/2021\/01\/Hotel_parigi_Escursioni_da_bibione_cover.jpg",2000,1163,false],"post-thumbnail":["https:\/\/www.parigihotel.it\/wp-content\/uploads\/2021\/01\/Hotel_parigi_Escursioni_da_bibione_cover-1568x912.jpg",1568,912,true]},"uagb_author_info":{"display_name":"h0t3l-p4r1","author_link":"https:\/\/www.parigihotel.it\/de\/author\/h0t3l-p4r1\/"},"uagb_comment_info":0,"uagb_excerpt":null,"coauthors":[],"author_meta":{"author_link":"https:\/\/www.parigihotel.it\/de\/author\/h0t3l-p4r1\/","display_name":"h0t3l-p4r1"},"relative_dates":{"created":"Posted 5\u00a0Jahren ago","modified":"Updated 2\u00a0Jahren ago"},"absolute_dates":{"created":"Posted on 28 Januar 2021","modified":"Updated on 22 Mai 2024"},"absolute_dates_time":{"created":"Posted on 28 Januar 2021 11:32","modified":"Updated on 22 Mai 2024 10:17"},"featured_img_caption":"","featured_img":"https:\/\/www.parigihotel.it\/wp-content\/uploads\/2021\/01\/Hotel_parigi_Escursioni_da_bibione_cover-1568x912.jpg","series_order":"","_links":{"self":[{"href":"https:\/\/www.parigihotel.it\/de\/wp-json\/wp\/v2\/pages\/937","targetHints":{"allow":["GET"]}}],"collection":[{"href":"https:\/\/www.parigihotel.it\/de\/wp-json\/wp\/v2\/pages"}],"about":[{"href":"https:\/\/www.parigihotel.it\/de\/wp-json\/wp\/v2\/types\/page"}],"author":[{"embeddable":true,"href":"https:\/\/www.parigihotel.it\/de\/wp-json\/wp\/v2\/users\/1"}],"replies":[{"embeddable":true,"href":"https:\/\/www.parigihotel.it\/de\/wp-json\/wp\/v2\/comments?post=937"}],"version-history":[{"count":1,"href":"https:\/\/www.parigihotel.it\/de\/wp-json\/wp\/v2\/pages\/937\/revisions"}],"predecessor-version":[{"id":4565,"href":"https:\/\/www.parigihotel.it\/de\/wp-json\/wp\/v2\/pages\/937\/revisions\/4565"}],"wp:featuredmedia":[{"embeddable":true,"href":"https:\/\/www.parigihotel.it\/de\/wp-json\/wp\/v2\/media\/894"}],"wp:attachment":[{"href":"https:\/\/www.parigihotel.it\/de\/wp-json\/wp\/v2\/media?parent=937"}],"curies":[{"name":"wp","href":"https:\/\/api.w.org\/{rel}","templated":true}]}}