{"id":21,"date":"2021-01-19T11:17:02","date_gmt":"2021-01-19T10:17:02","guid":{"rendered":"https:\/\/parigi.promoservicebeta.com\/?page_id=21"},"modified":"2024-05-22T09:22:24","modified_gmt":"2024-05-22T07:22:24","slug":"struttura","status":"publish","type":"page","link":"https:\/\/www.parigihotel.it\/it\/struttura\/","title":{"rendered":"Hotel-old"},"content":{"rendered":"<div  class=\"grids-section grids-is-advanced alignfull\" style=\"--_gs-gap-desktop:0px 0px;--_gs-m-desktop:0 0 0 0;--_gs-p-desktop:30px 0 30px 0;--_gs-bg-desktop:transparent none;--_gs-bg-xp-desktop:0px;--_gs-zi-desktop:auto;--_gs-d-desktop:block;--_gs-mw-desktop:calc(100% - 0 - 0);--_gs-gap-tablet:0px 0px;--_gs-m-tablet:0 0 0 0;--_gs-p-tablet:30px 0 30px 0;--_gs-bg-tablet:transparent none;--_gs-bg-xp-tablet:0px;--_gs-zi-tablet:auto;--_gs-d-tablet:block;--_gs-mw-tablet:calc(100% - 0 - 0);--_gs-gap-mobile:0px 0px;--_gs-m-mobile:0 0 0 0;--_gs-p-mobile:30px 20px 30px 20px;--_gs-bg-mobile:transparent none;--_gs-bg-xp-mobile:0px;--_gs-zi-mobile:auto;--_gs-d-mobile:block;--_gs-mw-mobile:calc(100% - 0 - 0);--_gs-columns:12;--_gs-rows:6\"><div class=\"grids-s-w_i\">\n<div class=\"grids-area content\" style=\"--_ga-column:2\/7;--_ga-row:1\/3;--_ga-m-desktop:0 0 0 0;--_ga-p-desktop:40px 20px 0 0;--_ga-bg-desktop:transparent none;--_ga-zi-desktop:auto;--_ga-d-desktop:flex;--_ga-mw-desktop:calc(100% - 0 - 0);--_ga-m-tablet:0 0 0 0;--_ga-p-tablet:40px 20px 0 0;--_ga-bg-tablet:transparent none;--_ga-zi-tablet:auto;--_ga-d-tablet:flex;--_ga-mw-tablet:calc(100% - 0 - 0);--_ga-m-mobile:0 0 0 0;--_ga-p-mobile:40px 20px 0 0;--_ga-bg-mobile:transparent none;--_ga-zi-mobile:auto;--_ga-d-mobile:flex;--_ga-mw-mobile:calc(100% - 0 - 0)\">\n\n<h2 class=\"wp-block-heading\">Vivi una vacanza indimenticabile!<\/h2>\n\n\n\n<p>Da 25 anni l\u2019Hotel Parigi \u00e8 sinonimo di cortesia, buonumore, e familiarit\u00e0.<\/p>\n\n\n\n<p>Da noi la convivialit\u00e0 \u00e8 di casa, ci si conosce personalmente, si stringono tante nuove amicizie e ritrovarsi ogni estate \u00e8 sempre un grande piacere.<\/p>\n\n\n\n<p>Vi offriamo tutto ci\u00f2 che occorre a rendere la vostra vacanza un\u2019esperienza indimenticabile, all\u2019insegna del relax, del divertimento e del benessere.<\/p>\n\n<\/div>\n\n<div class=\"grids-area\" style=\"--_ga-column:8\/12;--_ga-row:1\/3;--_ga-va:center;--_ga-m-desktop:0 0 0 0;--_ga-p-desktop:0 0 0 0;--_ga-bg-desktop:transparent none;--_ga-zi-desktop:auto;--_ga-d-desktop:flex;--_ga-mw-desktop:calc(100% - 0 - 0);--_ga-m-tablet:0 0 0 0;--_ga-p-tablet:20px 0 0 0;--_ga-bg-tablet:transparent none;--_ga-zi-tablet:auto;--_ga-d-tablet:flex;--_ga-mw-tablet:calc(100% - 0 - 0);--_ga-m-mobile:0 0 0 0;--_ga-p-mobile:20px 0 0 0;--_ga-bg-mobile:transparent none;--_ga-zi-mobile:auto;--_ga-d-mobile:flex;--_ga-mw-mobile:calc(100% - 0 - 0)\">\n\n<figure class=\"wp-block-image size-large\"><img loading=\"lazy\" decoding=\"async\" width=\"800\" height=\"511\" src=\"https:\/\/www.parigihotel.it\/wp-content\/uploads\/2023\/05\/Hotel-Parigi-Bibione.png\" alt=\"\" class=\"wp-image-2547\" srcset=\"https:\/\/www.parigihotel.it\/wp-content\/uploads\/2023\/05\/Hotel-Parigi-Bibione.png 800w, https:\/\/www.parigihotel.it\/wp-content\/uploads\/2023\/05\/Hotel-Parigi-Bibione-300x192.png 300w, https:\/\/www.parigihotel.it\/wp-content\/uploads\/2023\/05\/Hotel-Parigi-Bibione-768x491.png 768w\" sizes=\"auto, (max-width: 800px) 100vw, 800px\" \/><\/figure>\n\n<\/div>\n<\/div><\/div>\n\n<div  class=\"grids-section grids-is-advanced alignfull\" style=\"--_gs-gap-desktop:0px 0px;--_gs-m-desktop:0 0 0 0;--_gs-p-desktop:0 0 0 0;--_gs-bg-desktop:transparent none;--_gs-bg-xp-desktop:0px;--_gs-zi-desktop:auto;--_gs-d-desktop:block;--_gs-mw-desktop:calc(100% - 0 - 0);--_gs-gap-tablet:0px 0px;--_gs-m-tablet:0 0 0 0;--_gs-p-tablet:0 0 0 0;--_gs-bg-tablet:transparent none;--_gs-bg-xp-tablet:0px;--_gs-zi-tablet:auto;--_gs-d-tablet:block;--_gs-mw-tablet:calc(100% - 0 - 0);--_gs-gap-mobile:0px 0px;--_gs-m-mobile:0 0 0 0;--_gs-p-mobile:0 20px 0 20px;--_gs-bg-mobile:transparent none;--_gs-bg-xp-mobile:0px;--_gs-zi-mobile:auto;--_gs-d-mobile:block;--_gs-mw-mobile:calc(100% - 0 - 0);--_gs-columns:12;--_gs-rows:6\"><div class=\"grids-s-w_i\">\n<div class=\"grids-area\" style=\"--_ga-column:7\/12;--_ga-row:1\/3;--_ga-m-desktop:0 0 0 0;--_ga-p-desktop:0 0 0 0;--_ga-bg-desktop:transparent none;--_ga-zi-desktop:auto;--_ga-d-desktop:flex;--_ga-mw-desktop:calc(100% - 0 - 0);--_ga-m-tablet:0 0 0 0;--_ga-p-tablet:0 0 0 0;--_ga-bg-tablet:transparent none;--_ga-zi-tablet:auto;--_ga-d-tablet:flex;--_ga-mw-tablet:calc(100% - 0 - 0);--_ga-m-mobile:0 0 0 0;--_ga-p-mobile:0 0 0 0;--_ga-bg-mobile:transparent none;--_ga-zi-mobile:auto;--_ga-d-mobile:flex;--_ga-mw-mobile:calc(100% - 0 - 0)\">\n\n<h2 class=\"wp-block-heading\">Nel centro di Bibione, vicino al mare<\/h2>\n\n\n\n<p>Nel nostro Hotel siete a pochi metri dal centro e dalla spiaggia di Bibione, in una zona tranquilla e priva di traffico.<\/p>\n\n\n\n<p>Circondati dai pini marittimi e da una spiaggia meravigliosa, dall\u2019azzurro del mare e del cielo, dovrete soltanto prendervi cura di voi stessi e godervi il tempo del riposo e della spensieratezza. Saremo noi ad occuparci di tutto, con la premura e l\u2019attenzione di sempre, con tante novit\u00e0 e l\u2019attenzione speciale che ogni nostro ospite merita.<\/p>\n\n\n\n<p>Buone vacanze a Bibione ai nostri ospiti ed amici!<\/p>\n\n\n\n<p><em>Famiglia Tollardo<\/em><\/p>\n\n<\/div>\n\n<div class=\"grids-area\" style=\"--_ga-column:2\/6;--_ga-row:1\/3;--_ga-m-desktop:0 0 0 0;--_ga-p-desktop:0 0 0 0;--_ga-bg-desktop:transparent none;--_ga-zi-desktop:auto;--_ga-d-desktop:flex;--_ga-mw-desktop:calc(100% - 0 - 0);--_ga-m-tablet:0 0 0 0;--_ga-p-tablet:20px 0 0 0;--_ga-bg-tablet:transparent none;--_ga-zi-tablet:auto;--_ga-d-tablet:flex;--_ga-mw-tablet:calc(100% - 0 - 0);--_ga-m-mobile:0 0 0 0;--_ga-p-mobile:20px 0 0 0;--_ga-bg-mobile:transparent none;--_ga-zi-mobile:auto;--_ga-d-mobile:flex;--_ga-mw-mobile:calc(100% - 0 - 0)\">\n\n<figure class=\"wp-block-image size-large\"><img loading=\"lazy\" decoding=\"async\" width=\"800\" height=\"511\" src=\"https:\/\/www.parigihotel.it\/wp-content\/uploads\/2023\/05\/Centro-Bibione-2.png\" alt=\"\" class=\"wp-image-2543\" srcset=\"https:\/\/www.parigihotel.it\/wp-content\/uploads\/2023\/05\/Centro-Bibione-2.png 800w, https:\/\/www.parigihotel.it\/wp-content\/uploads\/2023\/05\/Centro-Bibione-2-300x192.png 300w, https:\/\/www.parigihotel.it\/wp-content\/uploads\/2023\/05\/Centro-Bibione-2-768x491.png 768w\" sizes=\"auto, (max-width: 800px) 100vw, 800px\" \/><\/figure>\n\n<\/div>\n<\/div><\/div>\n\n\n\n","protected":false},"excerpt":{"rendered":"","protected":false},"author":1,"featured_media":2533,"parent":0,"menu_order":0,"comment_status":"closed","ping_status":"closed","template":"","meta":{"_acf_changed":false,"_uag_custom_page_level_css":"","advgb_blocks_editor_width":"","advgb_blocks_columns_visual_guide":"","footnotes":""},"class_list":["post-21","page","type-page","status-publish","has-post-thumbnail","hentry","entry"],"acf":[],"yoast_head":"<!-- This site is optimized with the Yoast SEO plugin v25.7 - https:\/\/yoast.com\/wordpress\/plugins\/seo\/ -->\n<title>Hotel Parigi - Bibione (VE) | Hotel-old<\/title>\n<meta name=\"robots\" content=\"index, follow, max-snippet:-1, max-image-preview:large, max-video-preview:-1\" \/>\n<link rel=\"canonical\" href=\"https:\/\/www.parigihotel.it\/it\/struttura\/\" \/>\n<meta property=\"og:locale\" content=\"it_IT\" \/>\n<meta property=\"og:type\" content=\"article\" \/>\n<meta property=\"og:title\" content=\"Hotel Parigi - Bibione (VE) | Hotel-old\" \/>\n<meta property=\"og:url\" content=\"https:\/\/www.parigihotel.it\/it\/struttura\/\" \/>\n<meta property=\"og:site_name\" content=\"Hotel Parigi - Bibione (VE)\" \/>\n<meta property=\"article:modified_time\" content=\"2024-05-22T07:22:24+00:00\" \/>\n<meta property=\"og:image\" content=\"https:\/\/www.parigihotel.it\/wp-content\/uploads\/2023\/05\/Hotel-01-1-scaled.jpg\" \/>\n\t<meta property=\"og:image:width\" content=\"2560\" \/>\n\t<meta property=\"og:image:height\" content=\"1707\" \/>\n\t<meta property=\"og:image:type\" content=\"image\/jpeg\" \/>\n<meta name=\"twitter:card\" content=\"summary_large_image\" \/>\n<meta name=\"twitter:label1\" content=\"Tempo di lettura stimato\" \/>\n\t<meta name=\"twitter:data1\" content=\"2 minuti\" \/>\n<script type=\"application\/ld+json\" class=\"yoast-schema-graph\">{\"@context\":\"https:\/\/schema.org\",\"@graph\":[{\"@type\":\"WebPage\",\"@id\":\"https:\/\/www.parigihotel.it\/it\/struttura\/\",\"url\":\"https:\/\/www.parigihotel.it\/it\/struttura\/\",\"name\":\"Hotel Parigi - Bibione (VE) | Hotel-old\",\"isPartOf\":{\"@id\":\"https:\/\/www.parigihotel.it\/it\/#website\"},\"primaryImageOfPage\":{\"@id\":\"https:\/\/www.parigihotel.it\/it\/struttura\/#primaryimage\"},\"image\":{\"@id\":\"https:\/\/www.parigihotel.it\/it\/struttura\/#primaryimage\"},\"thumbnailUrl\":\"https:\/\/www.parigihotel.it\/wp-content\/uploads\/2023\/05\/Hotel-01-1-scaled.jpg\",\"datePublished\":\"2021-01-19T10:17:02+00:00\",\"dateModified\":\"2024-05-22T07:22:24+00:00\",\"breadcrumb\":{\"@id\":\"https:\/\/www.parigihotel.it\/it\/struttura\/#breadcrumb\"},\"inLanguage\":\"it-IT\",\"potentialAction\":[{\"@type\":\"ReadAction\",\"target\":[\"https:\/\/www.parigihotel.it\/it\/struttura\/\"]}]},{\"@type\":\"ImageObject\",\"inLanguage\":\"it-IT\",\"@id\":\"https:\/\/www.parigihotel.it\/it\/struttura\/#primaryimage\",\"url\":\"https:\/\/www.parigihotel.it\/wp-content\/uploads\/2023\/05\/Hotel-01-1-scaled.jpg\",\"contentUrl\":\"https:\/\/www.parigihotel.it\/wp-content\/uploads\/2023\/05\/Hotel-01-1-scaled.jpg\",\"width\":2560,\"height\":1707},{\"@type\":\"BreadcrumbList\",\"@id\":\"https:\/\/www.parigihotel.it\/it\/struttura\/#breadcrumb\",\"itemListElement\":[{\"@type\":\"ListItem\",\"position\":1,\"name\":\"Home\",\"item\":\"https:\/\/www.parigihotel.it\/it\/\"},{\"@type\":\"ListItem\",\"position\":2,\"name\":\"Hotel-old\"}]},{\"@type\":\"WebSite\",\"@id\":\"https:\/\/www.parigihotel.it\/it\/#website\",\"url\":\"https:\/\/www.parigihotel.it\/it\/\",\"name\":\"Hotel Parigi - Bibione (VE)\",\"description\":\"\",\"publisher\":{\"@id\":\"https:\/\/www.parigihotel.it\/it\/#organization\"},\"potentialAction\":[{\"@type\":\"SearchAction\",\"target\":{\"@type\":\"EntryPoint\",\"urlTemplate\":\"https:\/\/www.parigihotel.it\/it\/?s={search_term_string}\"},\"query-input\":{\"@type\":\"PropertyValueSpecification\",\"valueRequired\":true,\"valueName\":\"search_term_string\"}}],\"inLanguage\":\"it-IT\"},{\"@type\":\"Organization\",\"@id\":\"https:\/\/www.parigihotel.it\/it\/#organization\",\"name\":\"Hotel Parigi - Bibione (VE)\",\"url\":\"https:\/\/www.parigihotel.it\/it\/\",\"logo\":{\"@type\":\"ImageObject\",\"inLanguage\":\"it-IT\",\"@id\":\"https:\/\/www.parigihotel.it\/it\/#\/schema\/logo\/image\/\",\"url\":\"https:\/\/parigihotel.it\/wp-content\/uploads\/2021\/01\/logo-footer.png\",\"contentUrl\":\"https:\/\/parigihotel.it\/wp-content\/uploads\/2021\/01\/logo-footer.png\",\"width\":548,\"height\":148,\"caption\":\"Hotel Parigi - Bibione (VE)\"},\"image\":{\"@id\":\"https:\/\/www.parigihotel.it\/it\/#\/schema\/logo\/image\/\"}}]}<\/script>\n<!-- \/ Yoast SEO plugin. -->","yoast_head_json":{"title":"Hotel Parigi - Bibione (VE) | Hotel-old","robots":{"index":"index","follow":"follow","max-snippet":"max-snippet:-1","max-image-preview":"max-image-preview:large","max-video-preview":"max-video-preview:-1"},"canonical":"https:\/\/www.parigihotel.it\/it\/struttura\/","og_locale":"it_IT","og_type":"article","og_title":"Hotel Parigi - Bibione (VE) | Hotel-old","og_url":"https:\/\/www.parigihotel.it\/it\/struttura\/","og_site_name":"Hotel Parigi - Bibione (VE)","article_modified_time":"2024-05-22T07:22:24+00:00","og_image":[{"width":2560,"height":1707,"url":"https:\/\/www.parigihotel.it\/wp-content\/uploads\/2023\/05\/Hotel-01-1-scaled.jpg","type":"image\/jpeg"}],"twitter_card":"summary_large_image","twitter_misc":{"Tempo di lettura stimato":"2 minuti"},"schema":{"@context":"https:\/\/schema.org","@graph":[{"@type":"WebPage","@id":"https:\/\/www.parigihotel.it\/it\/struttura\/","url":"https:\/\/www.parigihotel.it\/it\/struttura\/","name":"Hotel Parigi - Bibione (VE) | Hotel-old","isPartOf":{"@id":"https:\/\/www.parigihotel.it\/it\/#website"},"primaryImageOfPage":{"@id":"https:\/\/www.parigihotel.it\/it\/struttura\/#primaryimage"},"image":{"@id":"https:\/\/www.parigihotel.it\/it\/struttura\/#primaryimage"},"thumbnailUrl":"https:\/\/www.parigihotel.it\/wp-content\/uploads\/2023\/05\/Hotel-01-1-scaled.jpg","datePublished":"2021-01-19T10:17:02+00:00","dateModified":"2024-05-22T07:22:24+00:00","breadcrumb":{"@id":"https:\/\/www.parigihotel.it\/it\/struttura\/#breadcrumb"},"inLanguage":"it-IT","potentialAction":[{"@type":"ReadAction","target":["https:\/\/www.parigihotel.it\/it\/struttura\/"]}]},{"@type":"ImageObject","inLanguage":"it-IT","@id":"https:\/\/www.parigihotel.it\/it\/struttura\/#primaryimage","url":"https:\/\/www.parigihotel.it\/wp-content\/uploads\/2023\/05\/Hotel-01-1-scaled.jpg","contentUrl":"https:\/\/www.parigihotel.it\/wp-content\/uploads\/2023\/05\/Hotel-01-1-scaled.jpg","width":2560,"height":1707},{"@type":"BreadcrumbList","@id":"https:\/\/www.parigihotel.it\/it\/struttura\/#breadcrumb","itemListElement":[{"@type":"ListItem","position":1,"name":"Home","item":"https:\/\/www.parigihotel.it\/it\/"},{"@type":"ListItem","position":2,"name":"Hotel-old"}]},{"@type":"WebSite","@id":"https:\/\/www.parigihotel.it\/it\/#website","url":"https:\/\/www.parigihotel.it\/it\/","name":"Hotel Parigi - Bibione (VE)","description":"","publisher":{"@id":"https:\/\/www.parigihotel.it\/it\/#organization"},"potentialAction":[{"@type":"SearchAction","target":{"@type":"EntryPoint","urlTemplate":"https:\/\/www.parigihotel.it\/it\/?s={search_term_string}"},"query-input":{"@type":"PropertyValueSpecification","valueRequired":true,"valueName":"search_term_string"}}],"inLanguage":"it-IT"},{"@type":"Organization","@id":"https:\/\/www.parigihotel.it\/it\/#organization","name":"Hotel Parigi - Bibione (VE)","url":"https:\/\/www.parigihotel.it\/it\/","logo":{"@type":"ImageObject","inLanguage":"it-IT","@id":"https:\/\/www.parigihotel.it\/it\/#\/schema\/logo\/image\/","url":"https:\/\/parigihotel.it\/wp-content\/uploads\/2021\/01\/logo-footer.png","contentUrl":"https:\/\/parigihotel.it\/wp-content\/uploads\/2021\/01\/logo-footer.png","width":548,"height":148,"caption":"Hotel Parigi - Bibione (VE)"},"image":{"@id":"https:\/\/www.parigihotel.it\/it\/#\/schema\/logo\/image\/"}}]}},"uagb_featured_image_src":{"full":["https:\/\/www.parigihotel.it\/wp-content\/uploads\/2023\/05\/Hotel-01-1-scaled.jpg",2560,1707,false],"thumbnail":["https:\/\/www.parigihotel.it\/wp-content\/uploads\/2023\/05\/Hotel-01-1-150x150.jpg",150,150,true],"medium":["https:\/\/www.parigihotel.it\/wp-content\/uploads\/2023\/05\/Hotel-01-1-300x200.jpg",300,200,true],"medium_large":["https:\/\/www.parigihotel.it\/wp-content\/uploads\/2023\/05\/Hotel-01-1-768x512.jpg",750,500,true],"large":["https:\/\/www.parigihotel.it\/wp-content\/uploads\/2023\/05\/Hotel-01-1-1024x683.jpg",750,500,true],"1536x1536":["https:\/\/www.parigihotel.it\/wp-content\/uploads\/2023\/05\/Hotel-01-1-1536x1024.jpg",1536,1024,true],"2048x2048":["https:\/\/www.parigihotel.it\/wp-content\/uploads\/2023\/05\/Hotel-01-1-2048x1365.jpg",2048,1365,true],"post-thumbnail":["https:\/\/www.parigihotel.it\/wp-content\/uploads\/2023\/05\/Hotel-01-1-1568x1045.jpg",1568,1045,true]},"uagb_author_info":{"display_name":"h0t3l-p4r1","author_link":"https:\/\/www.parigihotel.it\/it\/author\/h0t3l-p4r1\/"},"uagb_comment_info":0,"uagb_excerpt":null,"coauthors":[],"author_meta":{"author_link":"https:\/\/www.parigihotel.it\/it\/author\/h0t3l-p4r1\/","display_name":"h0t3l-p4r1"},"relative_dates":{"created":"Pubblicato 5 anni fa","modified":"Aggiornato 2 anni fa"},"absolute_dates":{"created":"Pubblicato il 19 Gennaio 2021","modified":"Aggiornato il 22 Maggio 2024"},"absolute_dates_time":{"created":"Pubblicato il 19 Gennaio 2021 11:17","modified":"Aggiornato il 22 Maggio 2024 9:22"},"featured_img_caption":"","featured_img":"https:\/\/www.parigihotel.it\/wp-content\/uploads\/2023\/05\/Hotel-01-1-1568x1045.jpg","series_order":"","_links":{"self":[{"href":"https:\/\/www.parigihotel.it\/it\/wp-json\/wp\/v2\/pages\/21","targetHints":{"allow":["GET"]}}],"collection":[{"href":"https:\/\/www.parigihotel.it\/it\/wp-json\/wp\/v2\/pages"}],"about":[{"href":"https:\/\/www.parigihotel.it\/it\/wp-json\/wp\/v2\/types\/page"}],"author":[{"embeddable":true,"href":"https:\/\/www.parigihotel.it\/it\/wp-json\/wp\/v2\/users\/1"}],"replies":[{"embeddable":true,"href":"https:\/\/www.parigihotel.it\/it\/wp-json\/wp\/v2\/comments?post=21"}],"version-history":[{"count":8,"href":"https:\/\/www.parigihotel.it\/it\/wp-json\/wp\/v2\/pages\/21\/revisions"}],"predecessor-version":[{"id":4508,"href":"https:\/\/www.parigihotel.it\/it\/wp-json\/wp\/v2\/pages\/21\/revisions\/4508"}],"wp:featuredmedia":[{"embeddable":true,"href":"https:\/\/www.parigihotel.it\/it\/wp-json\/wp\/v2\/media\/2533"}],"wp:attachment":[{"href":"https:\/\/www.parigihotel.it\/it\/wp-json\/wp\/v2\/media?parent=21"}],"curies":[{"name":"wp","href":"https:\/\/api.w.org\/{rel}","templated":true}]}}