{"id":563,"date":"2021-01-27T10:37:07","date_gmt":"2021-01-27T09:37:07","guid":{"rendered":"https:\/\/parigi.promoservicebeta.com\/?page_id=563"},"modified":"2021-02-24T16:51:39","modified_gmt":"2021-02-24T15:51:39","slug":"vacanze-sicure","status":"publish","type":"page","link":"https:\/\/www.parigihotel.it\/it\/vacanze-sicure\/","title":{"rendered":"Vacanze sicure"},"content":{"rendered":"<div  class=\"grids-section covid-page grids-is-advanced alignfull\" style=\"--_gs-gap-desktop:0px 0px;--_gs-m-desktop:0 0 0 0;--_gs-p-desktop:0 0 0 0;--_gs-bg-desktop:transparent none;--_gs-bg-xp-desktop:0px;--_gs-zi-desktop:auto;--_gs-d-desktop:block;--_gs-mw-desktop:calc(100% - 0 - 0);--_gs-gap-tablet:0px 0px;--_gs-m-tablet:0 0 0 0;--_gs-p-tablet:0 0 0 0;--_gs-bg-tablet:transparent none;--_gs-bg-xp-tablet:0px;--_gs-zi-tablet:auto;--_gs-d-tablet:block;--_gs-mw-tablet:calc(100% - 0 - 0);--_gs-gap-mobile:0px 0px;--_gs-m-mobile:0 0 0 0;--_gs-p-mobile:0 0 0 0;--_gs-bg-mobile:transparent none;--_gs-bg-xp-mobile:0px;--_gs-zi-mobile:auto;--_gs-d-mobile:block;--_gs-mw-mobile:calc(100% - 0 - 0);--_gs-columns:12;--_gs-rows:6\"><div class=\"grids-s-w_i\">\n<div class=\"grids-area\" style=\"--_ga-column:2\/9;--_ga-row:1\/2;--_ga-m-desktop:0 0 0 0;--_ga-p-desktop:0 0 0 0;--_ga-bg-desktop:transparent none;--_ga-zi-desktop:auto;--_ga-d-desktop:flex;--_ga-mw-desktop:calc(100% - 0 - 0);--_ga-m-tablet:0 0 0 0;--_ga-p-tablet:0 0 0 0;--_ga-bg-tablet:transparent none;--_ga-zi-tablet:auto;--_ga-d-tablet:flex;--_ga-mw-tablet:calc(100% - 0 - 0);--_ga-m-mobile:0 0 0 0;--_ga-p-mobile:0 0 0 0;--_ga-bg-mobile:transparent none;--_ga-zi-mobile:auto;--_ga-d-mobile:flex;--_ga-mw-mobile:calc(100% - 0 - 0)\">\n\n<div style=\"height:50px\" aria-hidden=\"true\" class=\"wp-block-spacer\"><\/div>\n\n\n\n<p><strong>Gentili Clienti,<\/strong><br>a causa dell&#8217;emergenza Covid-19 alcuni servizi descritti sul nostro sito non saranno temporaneamente disponibili o potranno subire delle modifiche al fine di garantire la vostra sicurezza, in conformit\u00e0 alle disposizioni delle autorit\u00e0 sanitarie.<\/p>\n\n\n\n<p>Per orientarvi all&#8217;interno della struttura seguite gli appositi segnali sul pavimento; ricordatevi che <strong>\u00e8 sempre<\/strong> <strong>obbligatorio rispettare la distanza interpersonale (minimo un metro tra una persona ed un\u2019altra)<\/strong>.<\/p>\n\n\n\n<ul class=\"wp-block-list\"><li><strong>MASCHERINE<\/strong>: \u00e8 obbligatorio indossare la mascherina all&#8217;interno di spazi pubblici chiusi (hall, ristorante, bar, ecc.). <strong>I clienti dovranno indossare la mascherina tutte le volte che non sono seduti al proprio tavolo<\/strong>.<\/li><\/ul>\n\n\n\n<ul class=\"wp-block-list\"><li><strong>ARIA CONDIZIONATA<\/strong>: \u00e8 possibile utilizzare il condizionatore. I filtri vengono sanificati ad ogni cambio cliente. Ricordiamo che \u00e8 comunque bene favorire il ricambio d\u2019aria naturale.<\/li><\/ul>\n\n\n\n<ul class=\"wp-block-list\"><li><strong>RISTORANTE<\/strong>: il buffet \u00e8 stato ridotto per non creare assembramenti. Il nostro personale di sala si occuper\u00e0 di servirvi al tavolo. \u00c9 stata comunque allestita una parte di buffet servita esclusivamente dai nostri addetti e protetta da plexiglass.<\/li><\/ul>\n\n\n\n<ul class=\"wp-block-list\"><li><strong>PISCINA<\/strong>: all\u2019ingresso della piscina troverete i cartelli informativi con tutti i chiarimenti necessari, si rammentano ad ogni modo le consuete norme di sicurezza igienica.&nbsp;<\/li><\/ul>\n\n\n\n<ul class=\"wp-block-list\"><li><strong>SPIAGGIA<\/strong>: gli ombrelloni dispongono di un\u2019area minima di 10 m\u00b2. Lettino, sdraio e ombrellone saranno igienizzati ogni volta che cambier\u00e0 l\u2019ospite da parte del personale addetto.<\/li><\/ul>\n\n\n\n<ul class=\"wp-block-list\"><li><strong>PALESTRA<\/strong>: \u00e8 possibile utilizzare la palestra previa prenotazione presso la reception.<\/li><\/ul>\n\n\n\n<ul class=\"wp-block-list\"><li><strong>BICICLETTE<\/strong>: troverete le chiavi dei lucchetti presso la reception (\u00e8 richiesta una cauzione di \u20ac 20). Ogni bicicletta viene sanificata prima dell\u2019utilizzo da parte del nuovo cliente.<\/li><\/ul>\n\n\n\n\n\n\n\n<p>Per ulteriori chiarimenti non esitate a contattarci. Saremo felici di rispondere a tutte le vostre domande.<\/p>\n\n<\/div>\n<\/div><\/div>","protected":false},"excerpt":{"rendered":"","protected":false},"author":1,"featured_media":0,"parent":0,"menu_order":0,"comment_status":"closed","ping_status":"closed","template":"","meta":{"_acf_changed":false,"_uag_custom_page_level_css":"","advgb_blocks_editor_width":"","advgb_blocks_columns_visual_guide":"","footnotes":""},"class_list":["post-563","page","type-page","status-publish","hentry","entry"],"acf":[],"yoast_head":"<!-- This site is optimized with the Yoast SEO plugin v25.7 - https:\/\/yoast.com\/wordpress\/plugins\/seo\/ -->\n<title>Hotel Parigi - Bibione (VE) | Vacanze sicure<\/title>\n<meta name=\"robots\" content=\"index, follow, max-snippet:-1, max-image-preview:large, max-video-preview:-1\" \/>\n<link rel=\"canonical\" href=\"https:\/\/www.parigihotel.it\/it\/vacanze-sicure\/\" \/>\n<meta property=\"og:locale\" content=\"it_IT\" \/>\n<meta property=\"og:type\" content=\"article\" \/>\n<meta property=\"og:title\" content=\"Hotel Parigi - Bibione (VE) | Vacanze sicure\" \/>\n<meta property=\"og:url\" content=\"https:\/\/www.parigihotel.it\/it\/vacanze-sicure\/\" \/>\n<meta property=\"og:site_name\" content=\"Hotel Parigi - Bibione (VE)\" \/>\n<meta property=\"article:modified_time\" content=\"2021-02-24T15:51:39+00:00\" \/>\n<meta name=\"twitter:card\" content=\"summary_large_image\" \/>\n<meta name=\"twitter:label1\" content=\"Tempo di lettura stimato\" \/>\n\t<meta name=\"twitter:data1\" content=\"2 minuti\" \/>\n<script type=\"application\/ld+json\" class=\"yoast-schema-graph\">{\"@context\":\"https:\/\/schema.org\",\"@graph\":[{\"@type\":\"WebPage\",\"@id\":\"https:\/\/www.parigihotel.it\/it\/vacanze-sicure\/\",\"url\":\"https:\/\/www.parigihotel.it\/it\/vacanze-sicure\/\",\"name\":\"Hotel Parigi - Bibione (VE) | Vacanze sicure\",\"isPartOf\":{\"@id\":\"https:\/\/www.parigihotel.it\/it\/#website\"},\"datePublished\":\"2021-01-27T09:37:07+00:00\",\"dateModified\":\"2021-02-24T15:51:39+00:00\",\"breadcrumb\":{\"@id\":\"https:\/\/www.parigihotel.it\/it\/vacanze-sicure\/#breadcrumb\"},\"inLanguage\":\"it-IT\",\"potentialAction\":[{\"@type\":\"ReadAction\",\"target\":[\"https:\/\/www.parigihotel.it\/it\/vacanze-sicure\/\"]}]},{\"@type\":\"BreadcrumbList\",\"@id\":\"https:\/\/www.parigihotel.it\/it\/vacanze-sicure\/#breadcrumb\",\"itemListElement\":[{\"@type\":\"ListItem\",\"position\":1,\"name\":\"Home\",\"item\":\"https:\/\/www.parigihotel.it\/it\/\"},{\"@type\":\"ListItem\",\"position\":2,\"name\":\"Vacanze sicure\"}]},{\"@type\":\"WebSite\",\"@id\":\"https:\/\/www.parigihotel.it\/it\/#website\",\"url\":\"https:\/\/www.parigihotel.it\/it\/\",\"name\":\"Hotel Parigi - Bibione (VE)\",\"description\":\"\",\"publisher\":{\"@id\":\"https:\/\/www.parigihotel.it\/it\/#organization\"},\"potentialAction\":[{\"@type\":\"SearchAction\",\"target\":{\"@type\":\"EntryPoint\",\"urlTemplate\":\"https:\/\/www.parigihotel.it\/it\/?s={search_term_string}\"},\"query-input\":{\"@type\":\"PropertyValueSpecification\",\"valueRequired\":true,\"valueName\":\"search_term_string\"}}],\"inLanguage\":\"it-IT\"},{\"@type\":\"Organization\",\"@id\":\"https:\/\/www.parigihotel.it\/it\/#organization\",\"name\":\"Hotel Parigi - Bibione (VE)\",\"url\":\"https:\/\/www.parigihotel.it\/it\/\",\"logo\":{\"@type\":\"ImageObject\",\"inLanguage\":\"it-IT\",\"@id\":\"https:\/\/www.parigihotel.it\/it\/#\/schema\/logo\/image\/\",\"url\":\"https:\/\/parigihotel.it\/wp-content\/uploads\/2021\/01\/logo-footer.png\",\"contentUrl\":\"https:\/\/parigihotel.it\/wp-content\/uploads\/2021\/01\/logo-footer.png\",\"width\":548,\"height\":148,\"caption\":\"Hotel Parigi - Bibione (VE)\"},\"image\":{\"@id\":\"https:\/\/www.parigihotel.it\/it\/#\/schema\/logo\/image\/\"}}]}<\/script>\n<!-- \/ Yoast SEO plugin. -->","yoast_head_json":{"title":"Hotel Parigi - Bibione (VE) | Vacanze sicure","robots":{"index":"index","follow":"follow","max-snippet":"max-snippet:-1","max-image-preview":"max-image-preview:large","max-video-preview":"max-video-preview:-1"},"canonical":"https:\/\/www.parigihotel.it\/it\/vacanze-sicure\/","og_locale":"it_IT","og_type":"article","og_title":"Hotel Parigi - Bibione (VE) | Vacanze sicure","og_url":"https:\/\/www.parigihotel.it\/it\/vacanze-sicure\/","og_site_name":"Hotel Parigi - Bibione (VE)","article_modified_time":"2021-02-24T15:51:39+00:00","twitter_card":"summary_large_image","twitter_misc":{"Tempo di lettura stimato":"2 minuti"},"schema":{"@context":"https:\/\/schema.org","@graph":[{"@type":"WebPage","@id":"https:\/\/www.parigihotel.it\/it\/vacanze-sicure\/","url":"https:\/\/www.parigihotel.it\/it\/vacanze-sicure\/","name":"Hotel Parigi - Bibione (VE) | Vacanze sicure","isPartOf":{"@id":"https:\/\/www.parigihotel.it\/it\/#website"},"datePublished":"2021-01-27T09:37:07+00:00","dateModified":"2021-02-24T15:51:39+00:00","breadcrumb":{"@id":"https:\/\/www.parigihotel.it\/it\/vacanze-sicure\/#breadcrumb"},"inLanguage":"it-IT","potentialAction":[{"@type":"ReadAction","target":["https:\/\/www.parigihotel.it\/it\/vacanze-sicure\/"]}]},{"@type":"BreadcrumbList","@id":"https:\/\/www.parigihotel.it\/it\/vacanze-sicure\/#breadcrumb","itemListElement":[{"@type":"ListItem","position":1,"name":"Home","item":"https:\/\/www.parigihotel.it\/it\/"},{"@type":"ListItem","position":2,"name":"Vacanze sicure"}]},{"@type":"WebSite","@id":"https:\/\/www.parigihotel.it\/it\/#website","url":"https:\/\/www.parigihotel.it\/it\/","name":"Hotel Parigi - Bibione (VE)","description":"","publisher":{"@id":"https:\/\/www.parigihotel.it\/it\/#organization"},"potentialAction":[{"@type":"SearchAction","target":{"@type":"EntryPoint","urlTemplate":"https:\/\/www.parigihotel.it\/it\/?s={search_term_string}"},"query-input":{"@type":"PropertyValueSpecification","valueRequired":true,"valueName":"search_term_string"}}],"inLanguage":"it-IT"},{"@type":"Organization","@id":"https:\/\/www.parigihotel.it\/it\/#organization","name":"Hotel Parigi - Bibione (VE)","url":"https:\/\/www.parigihotel.it\/it\/","logo":{"@type":"ImageObject","inLanguage":"it-IT","@id":"https:\/\/www.parigihotel.it\/it\/#\/schema\/logo\/image\/","url":"https:\/\/parigihotel.it\/wp-content\/uploads\/2021\/01\/logo-footer.png","contentUrl":"https:\/\/parigihotel.it\/wp-content\/uploads\/2021\/01\/logo-footer.png","width":548,"height":148,"caption":"Hotel Parigi - Bibione (VE)"},"image":{"@id":"https:\/\/www.parigihotel.it\/it\/#\/schema\/logo\/image\/"}}]}},"uagb_featured_image_src":{"full":false,"thumbnail":false,"medium":false,"medium_large":false,"large":false,"1536x1536":false,"2048x2048":false,"post-thumbnail":false},"uagb_author_info":{"display_name":"h0t3l-p4r1","author_link":"https:\/\/www.parigihotel.it\/it\/author\/h0t3l-p4r1\/"},"uagb_comment_info":0,"uagb_excerpt":null,"coauthors":[],"author_meta":{"author_link":"https:\/\/www.parigihotel.it\/it\/author\/h0t3l-p4r1\/","display_name":"h0t3l-p4r1"},"relative_dates":{"created":"Pubblicato 5 anni fa","modified":"Aggiornato 5 anni fa"},"absolute_dates":{"created":"Pubblicato il 27 Gennaio 2021","modified":"Aggiornato il 24 Febbraio 2021"},"absolute_dates_time":{"created":"Pubblicato il 27 Gennaio 2021 10:37","modified":"Aggiornato il 24 Febbraio 2021 16:51"},"featured_img_caption":"","featured_img":false,"series_order":"","_links":{"self":[{"href":"https:\/\/www.parigihotel.it\/it\/wp-json\/wp\/v2\/pages\/563","targetHints":{"allow":["GET"]}}],"collection":[{"href":"https:\/\/www.parigihotel.it\/it\/wp-json\/wp\/v2\/pages"}],"about":[{"href":"https:\/\/www.parigihotel.it\/it\/wp-json\/wp\/v2\/types\/page"}],"author":[{"embeddable":true,"href":"https:\/\/www.parigihotel.it\/it\/wp-json\/wp\/v2\/users\/1"}],"replies":[{"embeddable":true,"href":"https:\/\/www.parigihotel.it\/it\/wp-json\/wp\/v2\/comments?post=563"}],"version-history":[{"count":0,"href":"https:\/\/www.parigihotel.it\/it\/wp-json\/wp\/v2\/pages\/563\/revisions"}],"wp:attachment":[{"href":"https:\/\/www.parigihotel.it\/it\/wp-json\/wp\/v2\/media?parent=563"}],"curies":[{"name":"wp","href":"https:\/\/api.w.org\/{rel}","templated":true}]}}