{"id":933,"date":"2021-01-28T11:32:11","date_gmt":"2021-01-28T10:32:11","guid":{"rendered":"https:\/\/parigi.promoservicebeta.com\/?page_id=933"},"modified":"2024-05-22T09:22:02","modified_gmt":"2024-05-22T07:22:02","slug":"escursioni-da-bibione-old","status":"publish","type":"page","link":"https:\/\/www.parigihotel.it\/it\/escursioni-da-bibione-old\/","title":{"rendered":"Escursioni da Bibione old"},"content":{"rendered":"<div  class=\"grids-section grids-is-advanced alignfull\" style=\"--_gs-gap-desktop:0px 0px;--_gs-m-desktop:0 0 0 0;--_gs-p-desktop:0 0 0 0;--_gs-bg-desktop:transparent none;--_gs-bg-xp-desktop:0px;--_gs-zi-desktop:auto;--_gs-d-desktop:block;--_gs-mw-desktop:calc(100% - 0 - 0);--_gs-gap-tablet:0px 0px;--_gs-m-tablet:0 0 0 0;--_gs-p-tablet:0 0 0 0;--_gs-bg-tablet:transparent none;--_gs-bg-xp-tablet:0px;--_gs-zi-tablet:auto;--_gs-d-tablet:block;--_gs-mw-tablet:calc(100% - 0 - 0);--_gs-gap-mobile:0px 0px;--_gs-m-mobile:0 0 0 0;--_gs-p-mobile:0 20px 0 20px;--_gs-bg-mobile:transparent none;--_gs-bg-xp-mobile:0px;--_gs-zi-mobile:auto;--_gs-d-mobile:block;--_gs-mw-mobile:calc(100% - 0 - 0);--_gs-columns:12;--_gs-rows:6\"><div class=\"grids-s-w_i\">\n<div class=\"grids-area\" style=\"--_ga-column:2\/7;--_ga-row:1\/2;--_ga-m-desktop:40px 0 0 0;--_ga-p-desktop:0 0 0 0;--_ga-bg-desktop:transparent none;--_ga-zi-desktop:auto;--_ga-d-desktop:flex;--_ga-mw-desktop:calc(100% - 0 - 0);--_ga-m-tablet:40px 0 0 0;--_ga-p-tablet:0 0 0 0;--_ga-bg-tablet:transparent none;--_ga-zi-tablet:auto;--_ga-d-tablet:flex;--_ga-mw-tablet:calc(100% - 0 - 0);--_ga-m-mobile:40px 0 0 0;--_ga-p-mobile:0 0 0 0;--_ga-bg-mobile:transparent none;--_ga-zi-mobile:auto;--_ga-d-mobile:flex;--_ga-mw-mobile:calc(100% - 0 - 0)\">\n\n<h2 class=\"wp-block-heading\">Un viaggio nel tempo<\/h2>\n\n<\/div>\n\n<div class=\"grids-area\" style=\"--_ga-column:2\/7;--_ga-row:2\/3;--_ga-m-desktop:0 0 0 0;--_ga-p-desktop:0 20px 0 0;--_ga-bg-desktop:transparent none;--_ga-zi-desktop:auto;--_ga-d-desktop:flex;--_ga-mw-desktop:calc(100% - 0 - 0);--_ga-m-tablet:0 0 0 0;--_ga-p-tablet:0 20px 0 0;--_ga-bg-tablet:transparent none;--_ga-zi-tablet:auto;--_ga-d-tablet:flex;--_ga-mw-tablet:calc(100% - 0 - 0);--_ga-m-mobile:0 0 0 0;--_ga-p-mobile:0 0px 0 0;--_ga-bg-mobile:transparent none;--_ga-zi-mobile:auto;--_ga-d-mobile:flex;--_ga-mw-mobile:calc(100% - 0 - 0)\">\n\n<p>Se dopo un temporale, o in una tersa giornata di bora, salite all&#8217;ultimo piano dell&#8217;Hotel Parigi, vi si dispiegher\u00e0 di fronte agli occhi, circondato dalle guglie dolomitiche e delle Alpi Giulie, delimitato dal mare Adriatico sullo sfondo, il teatro di una storia gloriosa e millenaria, dove ogni pietra, ogni piccola chiesa, ogni collina ed ogni isola conservano preziose testimonianze di un grande passato.<\/p>\n\n\n\n<p>A pochi km da Bibione vi sono i ruderi di Aquileia, una delle pi\u00f9 grandi ed importanti citt\u00e0 imperiali romane. A nord Cividale, caposaldo del dominio longobardo in Italia, lungo la costa Grado, Marano, Caorle, narrano di esodi dalle invasioni barbariche, di commerci con l&#8217;oriente bizantino e dello splendore della Repubblica di San Marco.<\/p>\n\n<\/div>\n\n<div class=\"grids-area\" style=\"--_ga-column:7\/12;--_ga-row:2\/3;--_ga-m-desktop:0 0 0 0;--_ga-p-desktop:0 0 0 20px;--_ga-bg-desktop:transparent none;--_ga-zi-desktop:auto;--_ga-d-desktop:flex;--_ga-mw-desktop:calc(100% - 0 - 0);--_ga-m-tablet:0 0 0 0;--_ga-p-tablet:0 0 0 20px;--_ga-bg-tablet:transparent none;--_ga-zi-tablet:auto;--_ga-d-tablet:flex;--_ga-mw-tablet:calc(100% - 0 - 0);--_ga-m-mobile:0 0 0 0;--_ga-p-mobile:0 0 0 0px;--_ga-bg-mobile:transparent none;--_ga-zi-mobile:auto;--_ga-d-mobile:flex;--_ga-mw-mobile:calc(100% - 0 - 0)\">\n\n<p>Bibione \u00e8 un ottimo punto di partenza per visite di una giornata a grandiose citt\u00e0 d&#8217;arte e piccoli paesi caratteristici che contengono tesori di inestimabile valore. Per questo motivo, anche durante le giornate di brutto tempo \u00e8 possibile trascorrere dei momenti magici a poca distanza dal nostro hotel.&nbsp;<\/p>\n\n\n\n<p>Oltre alle grandi citt\u00e0 (Venezia, Trieste, Treviso e Verona), vi proporremo di scoprire le tracce nascoste della nostra storia anche fuori dai grandi circuiti turistici. Saremo felici di suggerirvi itinerari ed escursioni indimenticabili anche a meno di un ora di macchina da Bibione. Troverete materiale informativo e supporto presso la nostra reception.<\/p>\n\n<\/div>\n<\/div><\/div>\n\n<div  class=\"grids-section grids-is-advanced alignfull\" style=\"--_gs-gap-desktop:0px 0px;--_gs-m-desktop:0 0 0 0;--_gs-p-desktop:0 0 0 10px;--_gs-bg-desktop:transparent none;--_gs-bg-xp-desktop:0px;--_gs-zi-desktop:auto;--_gs-d-desktop:block;--_gs-mw-desktop:calc(100% - 0 - 0);--_gs-gap-tablet:0px 0px;--_gs-m-tablet:0 0 0 0;--_gs-p-tablet:0 0 0 10px;--_gs-bg-tablet:transparent none;--_gs-bg-xp-tablet:0px;--_gs-zi-tablet:auto;--_gs-d-tablet:block;--_gs-mw-tablet:calc(100% - 0 - 0);--_gs-gap-mobile:0px 0px;--_gs-m-mobile:0 0 0 10px;--_gs-p-mobile:0 0 0 10px;--_gs-bg-mobile:transparent none;--_gs-bg-xp-mobile:0px;--_gs-zi-mobile:auto;--_gs-d-mobile:block;--_gs-mw-mobile:calc(100% - 10px - 0);--_gs-columns:12;--_gs-rows:6\"><div class=\"grids-s-w_i\">\n<div class=\"grids-area\" style=\"--_ga-column:2\/12;--_ga-row:1\/2;--_ga-m-desktop:0 0 0 0;--_ga-p-desktop:0 0 0 0;--_ga-bg-desktop:transparent none;--_ga-zi-desktop:auto;--_ga-d-desktop:flex;--_ga-mw-desktop:calc(100% - 0 - 0);--_ga-m-tablet:0 0 0 0;--_ga-p-tablet:0 0 0 0;--_ga-bg-tablet:transparent none;--_ga-zi-tablet:auto;--_ga-d-tablet:flex;--_ga-mw-tablet:calc(100% - 0 - 0);--_ga-m-mobile:0 0 0 0;--_ga-p-mobile:0 0 0 0;--_ga-bg-mobile:transparent none;--_ga-zi-mobile:auto;--_ga-d-mobile:flex;--_ga-mw-mobile:calc(100% - 0 - 0)\">\n\n<div class=\"excursions-list-container\">\n\t\t\t\t\t<div class=\"excursions-list-container-single\">\n\t\t\t\t<a href=\"https:\/\/www.parigihotel.it\/it\/escursioni\/verona\/\" title=\"Verona\">\n\t\t\t\t\t<div class=\"excursions-list-container-single-img\" style=\"background-image: url(https:\/\/www.parigihotel.it\/wp-content\/uploads\/2021\/01\/Verona_Arena.jpg)\">\n\t\t\t\t\t<\/div>\n\t\t\t\t<\/a>\n\t\t\t\t\n\t\t\t\t<a href=\"https:\/\/www.parigihotel.it\/it\/escursioni\/verona\/\" title=\"Verona\">\n\t\t\t\t\t<h3>Verona<\/h3>\n\t\t\t\t<\/a>\n\t\t\t\t\n\t\t\t\t<div class=\"excursions-list-container-single-short-description\">\n\t\t\t\t\t<p>Verona: vederla e subito innamorarsene, e poi tornare per scoprirla.<\/p>\n\t\t\t\t<\/div>\n\t\t\t\t\n\t\t\t\t<a href=\"https:\/\/www.parigihotel.it\/it\/escursioni\/verona\/\" title=\"Verona\" class=\"btn excursions-list-container-single-button\">\n\t\t\t\t\tDiscover\t\t\t\t<\/a>\n\t\t\t<\/div>\n\t\t\t\t\t\t<div class=\"excursions-list-container-single\">\n\t\t\t\t<a href=\"https:\/\/www.parigihotel.it\/it\/escursioni\/venezia\/\" title=\"Venezia\">\n\t\t\t\t\t<div class=\"excursions-list-container-single-img\" style=\"background-image: url(https:\/\/www.parigihotel.it\/wp-content\/uploads\/2021\/01\/venezia.jpg)\">\n\t\t\t\t\t<\/div>\n\t\t\t\t<\/a>\n\t\t\t\t\n\t\t\t\t<a href=\"https:\/\/www.parigihotel.it\/it\/escursioni\/venezia\/\" title=\"Venezia\">\n\t\t\t\t\t<h3>Venezia<\/h3>\n\t\t\t\t<\/a>\n\t\t\t\t\n\t\t\t\t<div class=\"excursions-list-container-single-short-description\">\n\t\t\t\t\t<p>Dicono sia la citt\u00e0 pi\u00f9 bella del mondo e sicuramente non si tratta di un\u2019esagerazione.<\/p>\n\t\t\t\t<\/div>\n\t\t\t\t\n\t\t\t\t<a href=\"https:\/\/www.parigihotel.it\/it\/escursioni\/venezia\/\" title=\"Venezia\" class=\"btn excursions-list-container-single-button\">\n\t\t\t\t\tDiscover\t\t\t\t<\/a>\n\t\t\t<\/div>\n\t\t\t\t\t\t<div class=\"excursions-list-container-single\">\n\t\t\t\t<a href=\"https:\/\/www.parigihotel.it\/it\/escursioni\/padova\/\" title=\"Padova\">\n\t\t\t\t\t<div class=\"excursions-list-container-single-img\" style=\"background-image: url(https:\/\/www.parigihotel.it\/wp-content\/uploads\/2021\/01\/Padova_cover.jpg)\">\n\t\t\t\t\t<\/div>\n\t\t\t\t<\/a>\n\t\t\t\t\n\t\t\t\t<a href=\"https:\/\/www.parigihotel.it\/it\/escursioni\/padova\/\" title=\"Padova\">\n\t\t\t\t\t<h3>Padova<\/h3>\n\t\t\t\t<\/a>\n\t\t\t\t\n\t\t\t\t<div class=\"excursions-list-container-single-short-description\">\n\t\t\t\t\t<p>Padova \u00e8 un gioiello d\u2019arte, che unisce cultura e divertimento.<\/p>\n\t\t\t\t<\/div>\n\t\t\t\t\n\t\t\t\t<a href=\"https:\/\/www.parigihotel.it\/it\/escursioni\/padova\/\" title=\"Padova\" class=\"btn excursions-list-container-single-button\">\n\t\t\t\t\tDiscover\t\t\t\t<\/a>\n\t\t\t<\/div>\n\t\t\t\t\t\t<div class=\"excursions-list-container-single\">\n\t\t\t\t<a href=\"https:\/\/www.parigihotel.it\/it\/escursioni\/trieste\/\" title=\"Trieste\">\n\t\t\t\t\t<div class=\"excursions-list-container-single-img\" style=\"background-image: url(https:\/\/www.parigihotel.it\/wp-content\/uploads\/2021\/01\/cover-piazza-Repubblica-Trieste-2.jpg)\">\n\t\t\t\t\t<\/div>\n\t\t\t\t<\/a>\n\t\t\t\t\n\t\t\t\t<a href=\"https:\/\/www.parigihotel.it\/it\/escursioni\/trieste\/\" title=\"Trieste\">\n\t\t\t\t\t<h3>Trieste<\/h3>\n\t\t\t\t<\/a>\n\t\t\t\t\n\t\t\t\t<div class=\"excursions-list-container-single-short-description\">\n\t\t\t\t\t<p>Trieste, il cui cuore \u00e8 rappresentata dalla magnifica Piazza Unit\u00e0 che si affaccia sulle Rive \u00e8 un centro musicale.<\/p>\n\t\t\t\t<\/div>\n\t\t\t\t\n\t\t\t\t<a href=\"https:\/\/www.parigihotel.it\/it\/escursioni\/trieste\/\" title=\"Trieste\" class=\"btn excursions-list-container-single-button\">\n\t\t\t\t\tDiscover\t\t\t\t<\/a>\n\t\t\t<\/div>\n\t\t\t\t\t\t<div class=\"excursions-list-container-single\">\n\t\t\t\t<a href=\"https:\/\/www.parigihotel.it\/it\/escursioni\/portogruaro\/\" title=\"Portogruaro\">\n\t\t\t\t\t<div class=\"excursions-list-container-single-img\" style=\"background-image: url(https:\/\/www.parigihotel.it\/wp-content\/uploads\/2021\/01\/cover_portogruaro-1.jpg)\">\n\t\t\t\t\t<\/div>\n\t\t\t\t<\/a>\n\t\t\t\t\n\t\t\t\t<a href=\"https:\/\/www.parigihotel.it\/it\/escursioni\/portogruaro\/\" title=\"Portogruaro\">\n\t\t\t\t\t<h3>Portogruaro<\/h3>\n\t\t\t\t<\/a>\n\t\t\t\t\n\t\t\t\t<div class=\"excursions-list-container-single-short-description\">\n\t\t\t\t\t<p>Fondata nel 1140 Portogruaro fu, proprio come dice il nome, un porto commerciale fluviale, piuttosto fiorente durante il dominio veneziano.<\/p>\n\t\t\t\t<\/div>\n\t\t\t\t\n\t\t\t\t<a href=\"https:\/\/www.parigihotel.it\/it\/escursioni\/portogruaro\/\" title=\"Portogruaro\" class=\"btn excursions-list-container-single-button\">\n\t\t\t\t\tDiscover\t\t\t\t<\/a>\n\t\t\t<\/div>\n\t\t\t\t\t\t<div class=\"excursions-list-container-single\">\n\t\t\t\t<a href=\"https:\/\/www.parigihotel.it\/it\/escursioni\/sesto-al-reghena\/\" title=\"Sesto al Reghena\">\n\t\t\t\t\t<div class=\"excursions-list-container-single-img\" style=\"background-image: url(https:\/\/www.parigihotel.it\/wp-content\/uploads\/2021\/01\/Sesto_al_reghena_01.jpg)\">\n\t\t\t\t\t<\/div>\n\t\t\t\t<\/a>\n\t\t\t\t\n\t\t\t\t<a href=\"https:\/\/www.parigihotel.it\/it\/escursioni\/sesto-al-reghena\/\" title=\"Sesto al Reghena\">\n\t\t\t\t\t<h3>Sesto al Reghena<\/h3>\n\t\t\t\t<\/a>\n\t\t\t\t\n\t\t\t\t<div class=\"excursions-list-container-single-short-description\">\n\t\t\t\t\t<p>A pochi chilometri da Portogruaro, verso Pordenone, si incontra Sesto al Reghena, piccolo paese con un prezioso tesoro: l\u2019Abbazia Benedettina di Santa Maria in Sylvis.<\/p>\n\t\t\t\t<\/div>\n\t\t\t\t\n\t\t\t\t<a href=\"https:\/\/www.parigihotel.it\/it\/escursioni\/sesto-al-reghena\/\" title=\"Sesto al Reghena\" class=\"btn excursions-list-container-single-button\">\n\t\t\t\t\tDiscover\t\t\t\t<\/a>\n\t\t\t<\/div>\n\t\t\t\t\t\t<div class=\"excursions-list-container-single\">\n\t\t\t\t<a href=\"https:\/\/www.parigihotel.it\/it\/escursioni\/concordia-sagittaria\/\" title=\"Concordia Sagittaria\">\n\t\t\t\t\t<div class=\"excursions-list-container-single-img\" style=\"background-image: url(https:\/\/www.parigihotel.it\/wp-content\/uploads\/2021\/01\/concordia-sagittaria-4.jpg)\">\n\t\t\t\t\t<\/div>\n\t\t\t\t<\/a>\n\t\t\t\t\n\t\t\t\t<a href=\"https:\/\/www.parigihotel.it\/it\/escursioni\/concordia-sagittaria\/\" title=\"Concordia Sagittaria\">\n\t\t\t\t\t<h3>Concordia Sagittaria<\/h3>\n\t\t\t\t<\/a>\n\t\t\t\t\n\t\t\t\t<div class=\"excursions-list-container-single-short-description\">\n\t\t\t\t\t<p>A soli 2 km da Portogruaro si trova Concordia Sagittaria.<\/p>\n\t\t\t\t<\/div>\n\t\t\t\t\n\t\t\t\t<a href=\"https:\/\/www.parigihotel.it\/it\/escursioni\/concordia-sagittaria\/\" title=\"Concordia Sagittaria\" class=\"btn excursions-list-container-single-button\">\n\t\t\t\t\tDiscover\t\t\t\t<\/a>\n\t\t\t<\/div>\n\t\t\t\t\t\t<div class=\"excursions-list-container-single\">\n\t\t\t\t<a href=\"https:\/\/www.parigihotel.it\/it\/escursioni\/villa-manin\/\" title=\"Villa Manin\">\n\t\t\t\t\t<div class=\"excursions-list-container-single-img\" style=\"background-image: url(https:\/\/www.parigihotel.it\/wp-content\/uploads\/2021\/01\/Villa-Manin-P04.jpg)\">\n\t\t\t\t\t<\/div>\n\t\t\t\t<\/a>\n\t\t\t\t\n\t\t\t\t<a href=\"https:\/\/www.parigihotel.it\/it\/escursioni\/villa-manin\/\" title=\"Villa Manin\">\n\t\t\t\t\t<h3>Villa Manin<\/h3>\n\t\t\t\t<\/a>\n\t\t\t\t\n\t\t\t\t<div class=\"excursions-list-container-single-short-description\">\n\t\t\t\t\t<p>L&#8217;ultimo Doge di Venezia, Ludovico Manin, fece costruire questa bellissima e grande villa secondo le lezioni del Palladio, che era riuscito a fondere in modo armonioso il rapporto fra l\u2019architettura e l\u2019ambiente circostante.<\/p>\n\t\t\t\t<\/div>\n\t\t\t\t\n\t\t\t\t<a href=\"https:\/\/www.parigihotel.it\/it\/escursioni\/villa-manin\/\" title=\"Villa Manin\" class=\"btn excursions-list-container-single-button\">\n\t\t\t\t\tDiscover\t\t\t\t<\/a>\n\t\t\t<\/div>\n\t\t\t<\/div>\n\n\n\n<\/div>\n<\/div><\/div>","protected":false},"excerpt":{"rendered":"","protected":false},"author":1,"featured_media":422,"parent":0,"menu_order":0,"comment_status":"closed","ping_status":"closed","template":"","meta":{"_acf_changed":false,"_uag_custom_page_level_css":"","advgb_blocks_editor_width":"","advgb_blocks_columns_visual_guide":"","footnotes":""},"class_list":["post-933","page","type-page","status-publish","has-post-thumbnail","hentry","entry"],"acf":[],"yoast_head":"<!-- This site is optimized with the Yoast SEO plugin v25.7 - https:\/\/yoast.com\/wordpress\/plugins\/seo\/ -->\n<title>Hotel Parigi - Bibione (VE) | Escursioni da Bibione old<\/title>\n<meta name=\"robots\" content=\"index, follow, max-snippet:-1, max-image-preview:large, max-video-preview:-1\" \/>\n<link rel=\"canonical\" href=\"https:\/\/www.parigihotel.it\/it\/escursioni-da-bibione-old\/\" \/>\n<meta property=\"og:locale\" content=\"it_IT\" \/>\n<meta property=\"og:type\" content=\"article\" \/>\n<meta property=\"og:title\" content=\"Hotel Parigi - Bibione (VE) | Escursioni da Bibione old\" \/>\n<meta property=\"og:url\" content=\"https:\/\/www.parigihotel.it\/it\/escursioni-da-bibione-old\/\" \/>\n<meta property=\"og:site_name\" content=\"Hotel Parigi - Bibione (VE)\" \/>\n<meta property=\"article:modified_time\" content=\"2024-05-22T07:22:02+00:00\" \/>\n<meta property=\"og:image\" content=\"https:\/\/www.parigihotel.it\/wp-content\/uploads\/2021\/01\/Hotel_parigi_Escursioni_da_bibione_cover.jpg\" \/>\n\t<meta property=\"og:image:width\" content=\"2000\" \/>\n\t<meta property=\"og:image:height\" content=\"1163\" \/>\n\t<meta property=\"og:image:type\" content=\"image\/jpeg\" \/>\n<meta name=\"twitter:card\" content=\"summary_large_image\" \/>\n<meta name=\"twitter:label1\" content=\"Tempo di lettura stimato\" \/>\n\t<meta name=\"twitter:data1\" content=\"1 minuto\" \/>\n<script type=\"application\/ld+json\" class=\"yoast-schema-graph\">{\"@context\":\"https:\/\/schema.org\",\"@graph\":[{\"@type\":\"WebPage\",\"@id\":\"https:\/\/www.parigihotel.it\/it\/escursioni-da-bibione-old\/\",\"url\":\"https:\/\/www.parigihotel.it\/it\/escursioni-da-bibione-old\/\",\"name\":\"Hotel Parigi - Bibione (VE) | Escursioni da Bibione old\",\"isPartOf\":{\"@id\":\"https:\/\/www.parigihotel.it\/it\/#website\"},\"primaryImageOfPage\":{\"@id\":\"https:\/\/www.parigihotel.it\/it\/escursioni-da-bibione-old\/#primaryimage\"},\"image\":{\"@id\":\"https:\/\/www.parigihotel.it\/it\/escursioni-da-bibione-old\/#primaryimage\"},\"thumbnailUrl\":\"https:\/\/www.parigihotel.it\/wp-content\/uploads\/2021\/01\/Hotel_parigi_Escursioni_da_bibione_cover.jpg\",\"datePublished\":\"2021-01-28T10:32:11+00:00\",\"dateModified\":\"2024-05-22T07:22:02+00:00\",\"breadcrumb\":{\"@id\":\"https:\/\/www.parigihotel.it\/it\/escursioni-da-bibione-old\/#breadcrumb\"},\"inLanguage\":\"it-IT\",\"potentialAction\":[{\"@type\":\"ReadAction\",\"target\":[\"https:\/\/www.parigihotel.it\/it\/escursioni-da-bibione-old\/\"]}]},{\"@type\":\"ImageObject\",\"inLanguage\":\"it-IT\",\"@id\":\"https:\/\/www.parigihotel.it\/it\/escursioni-da-bibione-old\/#primaryimage\",\"url\":\"https:\/\/www.parigihotel.it\/wp-content\/uploads\/2021\/01\/Hotel_parigi_Escursioni_da_bibione_cover.jpg\",\"contentUrl\":\"https:\/\/www.parigihotel.it\/wp-content\/uploads\/2021\/01\/Hotel_parigi_Escursioni_da_bibione_cover.jpg\",\"width\":2000,\"height\":1163},{\"@type\":\"BreadcrumbList\",\"@id\":\"https:\/\/www.parigihotel.it\/it\/escursioni-da-bibione-old\/#breadcrumb\",\"itemListElement\":[{\"@type\":\"ListItem\",\"position\":1,\"name\":\"Home\",\"item\":\"https:\/\/www.parigihotel.it\/it\/\"},{\"@type\":\"ListItem\",\"position\":2,\"name\":\"Escursioni da Bibione old\"}]},{\"@type\":\"WebSite\",\"@id\":\"https:\/\/www.parigihotel.it\/it\/#website\",\"url\":\"https:\/\/www.parigihotel.it\/it\/\",\"name\":\"Hotel Parigi - Bibione (VE)\",\"description\":\"\",\"publisher\":{\"@id\":\"https:\/\/www.parigihotel.it\/it\/#organization\"},\"potentialAction\":[{\"@type\":\"SearchAction\",\"target\":{\"@type\":\"EntryPoint\",\"urlTemplate\":\"https:\/\/www.parigihotel.it\/it\/?s={search_term_string}\"},\"query-input\":{\"@type\":\"PropertyValueSpecification\",\"valueRequired\":true,\"valueName\":\"search_term_string\"}}],\"inLanguage\":\"it-IT\"},{\"@type\":\"Organization\",\"@id\":\"https:\/\/www.parigihotel.it\/it\/#organization\",\"name\":\"Hotel Parigi - Bibione (VE)\",\"url\":\"https:\/\/www.parigihotel.it\/it\/\",\"logo\":{\"@type\":\"ImageObject\",\"inLanguage\":\"it-IT\",\"@id\":\"https:\/\/www.parigihotel.it\/it\/#\/schema\/logo\/image\/\",\"url\":\"https:\/\/parigihotel.it\/wp-content\/uploads\/2021\/01\/logo-footer.png\",\"contentUrl\":\"https:\/\/parigihotel.it\/wp-content\/uploads\/2021\/01\/logo-footer.png\",\"width\":548,\"height\":148,\"caption\":\"Hotel Parigi - Bibione (VE)\"},\"image\":{\"@id\":\"https:\/\/www.parigihotel.it\/it\/#\/schema\/logo\/image\/\"}}]}<\/script>\n<!-- \/ Yoast SEO plugin. -->","yoast_head_json":{"title":"Hotel Parigi - Bibione (VE) | Escursioni da Bibione old","robots":{"index":"index","follow":"follow","max-snippet":"max-snippet:-1","max-image-preview":"max-image-preview:large","max-video-preview":"max-video-preview:-1"},"canonical":"https:\/\/www.parigihotel.it\/it\/escursioni-da-bibione-old\/","og_locale":"it_IT","og_type":"article","og_title":"Hotel Parigi - Bibione (VE) | Escursioni da Bibione old","og_url":"https:\/\/www.parigihotel.it\/it\/escursioni-da-bibione-old\/","og_site_name":"Hotel Parigi - Bibione (VE)","article_modified_time":"2024-05-22T07:22:02+00:00","og_image":[{"width":2000,"height":1163,"url":"https:\/\/www.parigihotel.it\/wp-content\/uploads\/2021\/01\/Hotel_parigi_Escursioni_da_bibione_cover.jpg","type":"image\/jpeg"}],"twitter_card":"summary_large_image","twitter_misc":{"Tempo di lettura stimato":"1 minuto"},"schema":{"@context":"https:\/\/schema.org","@graph":[{"@type":"WebPage","@id":"https:\/\/www.parigihotel.it\/it\/escursioni-da-bibione-old\/","url":"https:\/\/www.parigihotel.it\/it\/escursioni-da-bibione-old\/","name":"Hotel Parigi - Bibione (VE) | Escursioni da Bibione old","isPartOf":{"@id":"https:\/\/www.parigihotel.it\/it\/#website"},"primaryImageOfPage":{"@id":"https:\/\/www.parigihotel.it\/it\/escursioni-da-bibione-old\/#primaryimage"},"image":{"@id":"https:\/\/www.parigihotel.it\/it\/escursioni-da-bibione-old\/#primaryimage"},"thumbnailUrl":"https:\/\/www.parigihotel.it\/wp-content\/uploads\/2021\/01\/Hotel_parigi_Escursioni_da_bibione_cover.jpg","datePublished":"2021-01-28T10:32:11+00:00","dateModified":"2024-05-22T07:22:02+00:00","breadcrumb":{"@id":"https:\/\/www.parigihotel.it\/it\/escursioni-da-bibione-old\/#breadcrumb"},"inLanguage":"it-IT","potentialAction":[{"@type":"ReadAction","target":["https:\/\/www.parigihotel.it\/it\/escursioni-da-bibione-old\/"]}]},{"@type":"ImageObject","inLanguage":"it-IT","@id":"https:\/\/www.parigihotel.it\/it\/escursioni-da-bibione-old\/#primaryimage","url":"https:\/\/www.parigihotel.it\/wp-content\/uploads\/2021\/01\/Hotel_parigi_Escursioni_da_bibione_cover.jpg","contentUrl":"https:\/\/www.parigihotel.it\/wp-content\/uploads\/2021\/01\/Hotel_parigi_Escursioni_da_bibione_cover.jpg","width":2000,"height":1163},{"@type":"BreadcrumbList","@id":"https:\/\/www.parigihotel.it\/it\/escursioni-da-bibione-old\/#breadcrumb","itemListElement":[{"@type":"ListItem","position":1,"name":"Home","item":"https:\/\/www.parigihotel.it\/it\/"},{"@type":"ListItem","position":2,"name":"Escursioni da Bibione old"}]},{"@type":"WebSite","@id":"https:\/\/www.parigihotel.it\/it\/#website","url":"https:\/\/www.parigihotel.it\/it\/","name":"Hotel Parigi - Bibione (VE)","description":"","publisher":{"@id":"https:\/\/www.parigihotel.it\/it\/#organization"},"potentialAction":[{"@type":"SearchAction","target":{"@type":"EntryPoint","urlTemplate":"https:\/\/www.parigihotel.it\/it\/?s={search_term_string}"},"query-input":{"@type":"PropertyValueSpecification","valueRequired":true,"valueName":"search_term_string"}}],"inLanguage":"it-IT"},{"@type":"Organization","@id":"https:\/\/www.parigihotel.it\/it\/#organization","name":"Hotel Parigi - Bibione (VE)","url":"https:\/\/www.parigihotel.it\/it\/","logo":{"@type":"ImageObject","inLanguage":"it-IT","@id":"https:\/\/www.parigihotel.it\/it\/#\/schema\/logo\/image\/","url":"https:\/\/parigihotel.it\/wp-content\/uploads\/2021\/01\/logo-footer.png","contentUrl":"https:\/\/parigihotel.it\/wp-content\/uploads\/2021\/01\/logo-footer.png","width":548,"height":148,"caption":"Hotel Parigi - Bibione (VE)"},"image":{"@id":"https:\/\/www.parigihotel.it\/it\/#\/schema\/logo\/image\/"}}]}},"uagb_featured_image_src":{"full":["https:\/\/www.parigihotel.it\/wp-content\/uploads\/2021\/01\/Hotel_parigi_Escursioni_da_bibione_cover.jpg",2000,1163,false],"thumbnail":["https:\/\/www.parigihotel.it\/wp-content\/uploads\/2021\/01\/Hotel_parigi_Escursioni_da_bibione_cover-150x150.jpg",150,150,true],"medium":["https:\/\/www.parigihotel.it\/wp-content\/uploads\/2021\/01\/Hotel_parigi_Escursioni_da_bibione_cover-300x174.jpg",300,174,true],"medium_large":["https:\/\/www.parigihotel.it\/wp-content\/uploads\/2021\/01\/Hotel_parigi_Escursioni_da_bibione_cover-768x447.jpg",750,437,true],"large":["https:\/\/www.parigihotel.it\/wp-content\/uploads\/2021\/01\/Hotel_parigi_Escursioni_da_bibione_cover-1024x595.jpg",750,436,true],"1536x1536":["https:\/\/www.parigihotel.it\/wp-content\/uploads\/2021\/01\/Hotel_parigi_Escursioni_da_bibione_cover-1536x893.jpg",1536,893,true],"2048x2048":["https:\/\/www.parigihotel.it\/wp-content\/uploads\/2021\/01\/Hotel_parigi_Escursioni_da_bibione_cover.jpg",2000,1163,false],"post-thumbnail":["https:\/\/www.parigihotel.it\/wp-content\/uploads\/2021\/01\/Hotel_parigi_Escursioni_da_bibione_cover-1568x912.jpg",1568,912,true]},"uagb_author_info":{"display_name":"h0t3l-p4r1","author_link":"https:\/\/www.parigihotel.it\/it\/author\/h0t3l-p4r1\/"},"uagb_comment_info":0,"uagb_excerpt":null,"coauthors":[],"author_meta":{"author_link":"https:\/\/www.parigihotel.it\/it\/author\/h0t3l-p4r1\/","display_name":"h0t3l-p4r1"},"relative_dates":{"created":"Pubblicato 5 anni fa","modified":"Aggiornato 2 anni fa"},"absolute_dates":{"created":"Pubblicato il 28 Gennaio 2021","modified":"Aggiornato il 22 Maggio 2024"},"absolute_dates_time":{"created":"Pubblicato il 28 Gennaio 2021 11:32","modified":"Aggiornato il 22 Maggio 2024 9:22"},"featured_img_caption":"","featured_img":"https:\/\/www.parigihotel.it\/wp-content\/uploads\/2021\/01\/Hotel_parigi_Escursioni_da_bibione_cover-1568x912.jpg","series_order":"","_links":{"self":[{"href":"https:\/\/www.parigihotel.it\/it\/wp-json\/wp\/v2\/pages\/933","targetHints":{"allow":["GET"]}}],"collection":[{"href":"https:\/\/www.parigihotel.it\/it\/wp-json\/wp\/v2\/pages"}],"about":[{"href":"https:\/\/www.parigihotel.it\/it\/wp-json\/wp\/v2\/types\/page"}],"author":[{"embeddable":true,"href":"https:\/\/www.parigihotel.it\/it\/wp-json\/wp\/v2\/users\/1"}],"replies":[{"embeddable":true,"href":"https:\/\/www.parigihotel.it\/it\/wp-json\/wp\/v2\/comments?post=933"}],"version-history":[{"count":1,"href":"https:\/\/www.parigihotel.it\/it\/wp-json\/wp\/v2\/pages\/933\/revisions"}],"predecessor-version":[{"id":4506,"href":"https:\/\/www.parigihotel.it\/it\/wp-json\/wp\/v2\/pages\/933\/revisions\/4506"}],"wp:featuredmedia":[{"embeddable":true,"href":"https:\/\/www.parigihotel.it\/it\/wp-json\/wp\/v2\/media\/422"}],"wp:attachment":[{"href":"https:\/\/www.parigihotel.it\/it\/wp-json\/wp\/v2\/media?parent=933"}],"curies":[{"name":"wp","href":"https:\/\/api.w.org\/{rel}","templated":true}]}}